{"id":481,"date":"2021-11-09T13:40:41","date_gmt":"2021-11-09T12:40:41","guid":{"rendered":"https:\/\/www.abagrigliati.it\/de\/?page_id=481"},"modified":"2023-06-27T10:16:23","modified_gmt":"2023-06-27T08:16:23","slug":"verantwortung","status":"publish","type":"page","link":"https:\/\/www.abagrigliati.it\/de\/verantwortung\/","title":{"rendered":"Verantwortung"},"content":{"rendered":"\t\t<div data-elementor-type=\"wp-page\" data-elementor-id=\"481\" class=\"elementor elementor-481\" data-elementor-post-type=\"page\">\n\t\t\t\t\t\t<section class=\"elementor-section elementor-top-section elementor-element elementor-element-074e941 elementor-section-boxed elementor-section-height-default elementor-section-height-default\" data-id=\"074e941\" data-element_type=\"section\" data-e-type=\"section\">\n\t\t\t\t\t\t<div class=\"elementor-container elementor-column-gap-default\">\n\t\t\t\t\t<div class=\"elementor-column elementor-col-100 elementor-top-column elementor-element elementor-element-3788fbf\" data-id=\"3788fbf\" data-element_type=\"column\" data-e-type=\"column\">\n\t\t\t<div class=\"elementor-widget-wrap elementor-element-populated\">\n\t\t\t\t\t\t<div class=\"elementor-element elementor-element-940c2f4 elementor-widget elementor-widget-shortcode\" data-id=\"940c2f4\" data-element_type=\"widget\" data-e-type=\"widget\" data-widget_type=\"shortcode.default\">\n\t\t\t\t<div class=\"elementor-widget-container\">\n\t\t\t\t\t\t\t<div class=\"elementor-shortcode\">\n<div class=\"breadcrumbs\">\n    <a href=\"https:\/\/www.abagrigliati.it\/de\">Home Page<\/a> \n   <\/a> \n\n\n<!--?php echo ''. get_the_category( $id )[0]->name .'';?-->\n\n<label>><\/label>  <b> Verantwortung<\/b> \n  \n<\/div>\n<\/div>\n\t\t\t\t\t\t<\/div>\n\t\t\t\t<\/div>\n\t\t\t\t<div class=\"elementor-element elementor-element-ea4a46e elementor-widget elementor-widget-spacer\" data-id=\"ea4a46e\" data-element_type=\"widget\" data-e-type=\"widget\" data-widget_type=\"spacer.default\">\n\t\t\t\t<div class=\"elementor-widget-container\">\n\t\t\t\t\t\t\t<div class=\"elementor-spacer\">\n\t\t\t<div class=\"elementor-spacer-inner\"><\/div>\n\t\t<\/div>\n\t\t\t\t\t\t<\/div>\n\t\t\t\t<\/div>\n\t\t\t\t\t<\/div>\n\t\t<\/div>\n\t\t\t\t\t<\/div>\n\t\t<\/section>\n\t\t\t\t<section class=\"elementor-section elementor-top-section elementor-element elementor-element-8ee480c elementor-section-boxed elementor-section-height-default elementor-section-height-default\" data-id=\"8ee480c\" data-element_type=\"section\" data-e-type=\"section\">\n\t\t\t\t\t\t<div class=\"elementor-container elementor-column-gap-default\">\n\t\t\t\t\t<div class=\"elementor-column elementor-col-50 elementor-top-column elementor-element elementor-element-ca20d06\" data-id=\"ca20d06\" data-element_type=\"column\" data-e-type=\"column\">\n\t\t\t<div class=\"elementor-widget-wrap elementor-element-populated\">\n\t\t\t\t\t\t<div class=\"elementor-element elementor-element-49b663f cont_sec_inner elementor-widget elementor-widget-heading\" data-id=\"49b663f\" data-element_type=\"widget\" data-e-type=\"widget\" data-widget_type=\"heading.default\">\n\t\t\t\t<div class=\"elementor-widget-container\">\n\t\t\t\t\t<h1 class=\"elementor-heading-title elementor-size-default\">Verantwortung<\/h1>\t\t\t\t<\/div>\n\t\t\t\t<\/div>\n\t\t\t\t<div class=\"elementor-element elementor-element-2f06aed cont_sec_inner elementor-widget elementor-widget-text-editor\" data-id=\"2f06aed\" data-element_type=\"widget\" data-e-type=\"widget\" data-widget_type=\"text-editor.default\">\n\t\t\t\t<div class=\"elementor-widget-container\">\n\t\t\t\t\t\t\t\t\t<p>Seit 1975 vereint Abagrigliati die <strong>jedem einzelnen Produkt und jeder L\u00f6sung gewidmete<\/strong> <strong>Sorgfalt und Aufmerksamkeit<\/strong>, typisch f\u00fcr Familienbetriebe, mit hoher Qualit\u00e4t sowie nationalen und internationalen <strong>Sicherheitsstandards<\/strong>, die eher f\u00fcr Gro\u00dfunternehmen kennzeichnend sind.<\/p><p>\u00a0<\/p><p>Das <strong>Qualit\u00e4tsmanagementsystem<\/strong> des Unternehmens ist nach <strong>ISO 9001<\/strong> und alle Produkte sind nach <strong>DIN EN 1090<\/strong> zertifiziert.\u2028Sicherheit und Qualit\u00e4t stehen bei uns im Mittelpunkt jedes Produkts und wir streben bei unserer Arbeit nach <strong>kontinuierlicher Verbesserung<\/strong>, um den neuesten Marktanforderungen gerecht zu werden und den Anfragen unserer Kunden immer effizient nachzukommen.<\/p><p>\u00a0<\/p><p>Die <b>\u00f6kologische und soziale Nachhaltigkeit<\/b> bilden die Grundlage unseres Schaffens, weshalb alle unsere Produkte aus <b>umweltfreundlichen Materialien bestehen<\/b>, <b>vollst\u00e4ndig in Italien hergestellt werden<\/b> und die <b>einschl\u00e4gigen Vorschriften in Bezug auf Sicherheit und Risikoverh\u00fctung<\/b> erf\u00fcllen.<br \/>Auf diese Weise k\u00f6nnen wir <b>stets Professionalit\u00e4t, Sicherheit und Qualit\u00e4t<\/b> garantieren.<\/p>\t\t\t\t\t\t\t\t<\/div>\n\t\t\t\t<\/div>\n\t\t\t\t\t<\/div>\n\t\t<\/div>\n\t\t\t\t<div class=\"elementor-column elementor-col-50 elementor-top-column elementor-element elementor-element-f0d8596\" data-id=\"f0d8596\" data-element_type=\"column\" data-e-type=\"column\">\n\t\t\t<div class=\"elementor-widget-wrap elementor-element-populated\">\n\t\t\t\t\t\t<div class=\"elementor-element elementor-element-8b39af8 elementor-widget elementor-widget-image\" data-id=\"8b39af8\" data-element_type=\"widget\" data-e-type=\"widget\" data-widget_type=\"image.default\">\n\t\t\t\t<div class=\"elementor-widget-container\">\n\t\t\t\t\t\t\t\t\t\t\t\t\t\t\t<img fetchpriority=\"high\" decoding=\"async\" width=\"779\" height=\"632\" src=\"https:\/\/www.abagrigliati.it\/de\/wp-content\/uploads\/sites\/3\/2021\/12\/Responsabilita.jpg\" class=\"attachment-full size-full wp-image-2553\" alt=\"\" srcset=\"https:\/\/www.abagrigliati.it\/de\/wp-content\/uploads\/sites\/3\/2021\/12\/Responsabilita.jpg 779w, https:\/\/www.abagrigliati.it\/de\/wp-content\/uploads\/sites\/3\/2021\/12\/Responsabilita-300x243.jpg 300w, https:\/\/www.abagrigliati.it\/de\/wp-content\/uploads\/sites\/3\/2021\/12\/Responsabilita-768x623.jpg 768w, https:\/\/www.abagrigliati.it\/de\/wp-content\/uploads\/sites\/3\/2021\/12\/Responsabilita-600x487.jpg 600w\" sizes=\"(max-width: 779px) 100vw, 779px\" style=\"width:100%;height:81.13%;max-width:779px\" \/>\t\t\t\t\t\t\t\t\t\t\t\t\t\t\t<\/div>\n\t\t\t\t<\/div>\n\t\t\t\t\t<\/div>\n\t\t<\/div>\n\t\t\t\t\t<\/div>\n\t\t<\/section>\n\t\t\t\t<section class=\"elementor-section elementor-top-section elementor-element elementor-element-438f705 elementor-section-boxed elementor-section-height-default elementor-section-height-default\" data-id=\"438f705\" data-element_type=\"section\" data-e-type=\"section\">\n\t\t\t\t\t\t<div class=\"elementor-container elementor-column-gap-default\">\n\t\t\t\t\t<div class=\"elementor-column elementor-col-100 elementor-top-column elementor-element elementor-element-5384f32\" data-id=\"5384f32\" data-element_type=\"column\" data-e-type=\"column\">\n\t\t\t<div class=\"elementor-widget-wrap elementor-element-populated\">\n\t\t\t\t\t\t<div class=\"elementor-element elementor-element-79809ec elementor-widget elementor-widget-spacer\" data-id=\"79809ec\" data-element_type=\"widget\" data-e-type=\"widget\" data-widget_type=\"spacer.default\">\n\t\t\t\t<div class=\"elementor-widget-container\">\n\t\t\t\t\t\t\t<div class=\"elementor-spacer\">\n\t\t\t<div class=\"elementor-spacer-inner\"><\/div>\n\t\t<\/div>\n\t\t\t\t\t\t<\/div>\n\t\t\t\t<\/div>\n\t\t\t\t\t<\/div>\n\t\t<\/div>\n\t\t\t\t\t<\/div>\n\t\t<\/section>\n\t\t\t\t<\/div>\n\t\t","protected":false},"excerpt":{"rendered":"<p>Verantwortung Seit 1975 vereint Abagrigliati die jedem einzelnen Produkt und jeder L\u00f6sung gewidmete Sorgfalt und Aufmerksamkeit, typisch f\u00fcr Familienbetriebe, mit hoher Qualit\u00e4t sowie nationalen und internationalen Sicherheitsstandards, die eher f\u00fcr Gro\u00dfunternehmen kennzeichnend sind. \u00a0 Das Qualit\u00e4tsmanagementsystem des Unternehmens ist nach ISO 9001 und alle Produkte sind nach DIN EN 1090 zertifiziert.\u2028Sicherheit und Qualit\u00e4t stehen bei&hellip; <a class=\"more-link\" href=\"https:\/\/www.abagrigliati.it\/de\/verantwortung\/\"><span class=\"screen-reader-text\">Verantwortung<\/span> weiterlesen<\/a><\/p>\n","protected":false},"author":2,"featured_media":0,"parent":0,"menu_order":15,"comment_status":"closed","ping_status":"closed","template":"","meta":{"_acf_changed":false,"footnotes":""},"class_list":["post-481","page","type-page","status-publish","hentry","entry"],"acf":[],"yoast_head":"<!-- This site is optimized with the Yoast SEO plugin v27.3 - https:\/\/yoast.com\/product\/yoast-seo-wordpress\/ -->\n<title>Verantwortung - Abagrigliati DE<\/title>\n<meta name=\"robots\" content=\"index, follow, max-snippet:-1, max-image-preview:large, max-video-preview:-1\" \/>\n<link rel=\"canonical\" href=\"https:\/\/www.abagrigliati.it\/de\/verantwortung\/\" \/>\n<meta property=\"og:locale\" content=\"de_DE\" \/>\n<meta property=\"og:type\" content=\"article\" \/>\n<meta property=\"og:title\" content=\"Verantwortung - Abagrigliati DE\" \/>\n<meta property=\"og:description\" content=\"Verantwortung Seit 1975 vereint Abagrigliati die jedem einzelnen Produkt und jeder L\u00f6sung gewidmete Sorgfalt und Aufmerksamkeit, typisch f\u00fcr Familienbetriebe, mit hoher Qualit\u00e4t sowie nationalen und internationalen Sicherheitsstandards, die eher f\u00fcr Gro\u00dfunternehmen kennzeichnend sind. \u00a0 Das Qualit\u00e4tsmanagementsystem des Unternehmens ist nach ISO 9001 und alle Produkte sind nach DIN EN 1090 zertifiziert.\u2028Sicherheit und Qualit\u00e4t stehen bei&hellip; Verantwortung weiterlesen\" \/>\n<meta property=\"og:url\" content=\"https:\/\/www.abagrigliati.it\/de\/verantwortung\/\" \/>\n<meta property=\"og:site_name\" content=\"Abagrigliati DE\" \/>\n<meta property=\"article:modified_time\" content=\"2023-06-27T08:16:23+00:00\" \/>\n<meta property=\"og:image\" content=\"https:\/\/www.abagrigliati.it\/de\/wp-content\/uploads\/sites\/3\/2021\/12\/Responsabilita.jpg\" \/>\n<meta name=\"twitter:card\" content=\"summary_large_image\" \/>\n<meta name=\"twitter:label1\" content=\"Gesch\u00e4tzte Lesezeit\" \/>\n\t<meta name=\"twitter:data1\" content=\"1\u00a0Minute\" \/>\n<script type=\"application\/ld+json\" class=\"yoast-schema-graph\">{\"@context\":\"https:\\\/\\\/schema.org\",\"@graph\":[{\"@type\":\"WebPage\",\"@id\":\"https:\\\/\\\/www.abagrigliati.it\\\/de\\\/verantwortung\\\/\",\"url\":\"https:\\\/\\\/www.abagrigliati.it\\\/de\\\/verantwortung\\\/\",\"name\":\"Verantwortung - Abagrigliati DE\",\"isPartOf\":{\"@id\":\"https:\\\/\\\/www.abagrigliati.it\\\/de\\\/#website\"},\"primaryImageOfPage\":{\"@id\":\"https:\\\/\\\/www.abagrigliati.it\\\/de\\\/verantwortung\\\/#primaryimage\"},\"image\":{\"@id\":\"https:\\\/\\\/www.abagrigliati.it\\\/de\\\/verantwortung\\\/#primaryimage\"},\"thumbnailUrl\":\"https:\\\/\\\/www.abagrigliati.it\\\/de\\\/wp-content\\\/uploads\\\/sites\\\/3\\\/2021\\\/12\\\/Responsabilita.jpg\",\"datePublished\":\"2021-11-09T12:40:41+00:00\",\"dateModified\":\"2023-06-27T08:16:23+00:00\",\"breadcrumb\":{\"@id\":\"https:\\\/\\\/www.abagrigliati.it\\\/de\\\/verantwortung\\\/#breadcrumb\"},\"inLanguage\":\"de\",\"potentialAction\":[{\"@type\":\"ReadAction\",\"target\":[\"https:\\\/\\\/www.abagrigliati.it\\\/de\\\/verantwortung\\\/\"]}]},{\"@type\":\"ImageObject\",\"inLanguage\":\"de\",\"@id\":\"https:\\\/\\\/www.abagrigliati.it\\\/de\\\/verantwortung\\\/#primaryimage\",\"url\":\"https:\\\/\\\/www.abagrigliati.it\\\/de\\\/wp-content\\\/uploads\\\/sites\\\/3\\\/2021\\\/12\\\/Responsabilita.jpg\",\"contentUrl\":\"https:\\\/\\\/www.abagrigliati.it\\\/de\\\/wp-content\\\/uploads\\\/sites\\\/3\\\/2021\\\/12\\\/Responsabilita.jpg\",\"width\":779,\"height\":632},{\"@type\":\"BreadcrumbList\",\"@id\":\"https:\\\/\\\/www.abagrigliati.it\\\/de\\\/verantwortung\\\/#breadcrumb\",\"itemListElement\":[{\"@type\":\"ListItem\",\"position\":1,\"name\":\"Home\",\"item\":\"https:\\\/\\\/www.abagrigliati.it\\\/de\\\/\"},{\"@type\":\"ListItem\",\"position\":2,\"name\":\"Verantwortung\"}]},{\"@type\":\"WebSite\",\"@id\":\"https:\\\/\\\/www.abagrigliati.it\\\/de\\\/#website\",\"url\":\"https:\\\/\\\/www.abagrigliati.it\\\/de\\\/\",\"name\":\"Abagrigliati DE\",\"description\":\"\",\"publisher\":{\"@id\":\"https:\\\/\\\/www.abagrigliati.it\\\/de\\\/#organization\"},\"potentialAction\":[{\"@type\":\"SearchAction\",\"target\":{\"@type\":\"EntryPoint\",\"urlTemplate\":\"https:\\\/\\\/www.abagrigliati.it\\\/de\\\/?s={search_term_string}\"},\"query-input\":{\"@type\":\"PropertyValueSpecification\",\"valueRequired\":true,\"valueName\":\"search_term_string\"}}],\"inLanguage\":\"de\"},{\"@type\":\"Organization\",\"@id\":\"https:\\\/\\\/www.abagrigliati.it\\\/de\\\/#organization\",\"name\":\"Abagrigliati DE\",\"url\":\"https:\\\/\\\/www.abagrigliati.it\\\/de\\\/\",\"logo\":{\"@type\":\"ImageObject\",\"inLanguage\":\"de\",\"@id\":\"https:\\\/\\\/www.abagrigliati.it\\\/de\\\/#\\\/schema\\\/logo\\\/image\\\/\",\"url\":\"https:\\\/\\\/www.abagrigliati.it\\\/de\\\/wp-content\\\/uploads\\\/sites\\\/3\\\/2022\\\/01\\\/LogoABAGriglaiti.svg\",\"contentUrl\":\"https:\\\/\\\/www.abagrigliati.it\\\/de\\\/wp-content\\\/uploads\\\/sites\\\/3\\\/2022\\\/01\\\/LogoABAGriglaiti.svg\",\"width\":223,\"height\":50,\"caption\":\"Abagrigliati DE\"},\"image\":{\"@id\":\"https:\\\/\\\/www.abagrigliati.it\\\/de\\\/#\\\/schema\\\/logo\\\/image\\\/\"}}]}<\/script>\n<!-- \/ Yoast SEO plugin. -->","yoast_head_json":{"title":"Verantwortung - Abagrigliati DE","robots":{"index":"index","follow":"follow","max-snippet":"max-snippet:-1","max-image-preview":"max-image-preview:large","max-video-preview":"max-video-preview:-1"},"canonical":"https:\/\/www.abagrigliati.it\/de\/verantwortung\/","og_locale":"de_DE","og_type":"article","og_title":"Verantwortung - Abagrigliati DE","og_description":"Verantwortung Seit 1975 vereint Abagrigliati die jedem einzelnen Produkt und jeder L\u00f6sung gewidmete Sorgfalt und Aufmerksamkeit, typisch f\u00fcr Familienbetriebe, mit hoher Qualit\u00e4t sowie nationalen und internationalen Sicherheitsstandards, die eher f\u00fcr Gro\u00dfunternehmen kennzeichnend sind. \u00a0 Das Qualit\u00e4tsmanagementsystem des Unternehmens ist nach ISO 9001 und alle Produkte sind nach DIN EN 1090 zertifiziert.\u2028Sicherheit und Qualit\u00e4t stehen bei&hellip; Verantwortung weiterlesen","og_url":"https:\/\/www.abagrigliati.it\/de\/verantwortung\/","og_site_name":"Abagrigliati DE","article_modified_time":"2023-06-27T08:16:23+00:00","og_image":[{"url":"https:\/\/www.abagrigliati.it\/de\/wp-content\/uploads\/sites\/3\/2021\/12\/Responsabilita.jpg","type":"","width":"","height":""}],"twitter_card":"summary_large_image","twitter_misc":{"Gesch\u00e4tzte Lesezeit":"1\u00a0Minute"},"schema":{"@context":"https:\/\/schema.org","@graph":[{"@type":"WebPage","@id":"https:\/\/www.abagrigliati.it\/de\/verantwortung\/","url":"https:\/\/www.abagrigliati.it\/de\/verantwortung\/","name":"Verantwortung - Abagrigliati DE","isPartOf":{"@id":"https:\/\/www.abagrigliati.it\/de\/#website"},"primaryImageOfPage":{"@id":"https:\/\/www.abagrigliati.it\/de\/verantwortung\/#primaryimage"},"image":{"@id":"https:\/\/www.abagrigliati.it\/de\/verantwortung\/#primaryimage"},"thumbnailUrl":"https:\/\/www.abagrigliati.it\/de\/wp-content\/uploads\/sites\/3\/2021\/12\/Responsabilita.jpg","datePublished":"2021-11-09T12:40:41+00:00","dateModified":"2023-06-27T08:16:23+00:00","breadcrumb":{"@id":"https:\/\/www.abagrigliati.it\/de\/verantwortung\/#breadcrumb"},"inLanguage":"de","potentialAction":[{"@type":"ReadAction","target":["https:\/\/www.abagrigliati.it\/de\/verantwortung\/"]}]},{"@type":"ImageObject","inLanguage":"de","@id":"https:\/\/www.abagrigliati.it\/de\/verantwortung\/#primaryimage","url":"https:\/\/www.abagrigliati.it\/de\/wp-content\/uploads\/sites\/3\/2021\/12\/Responsabilita.jpg","contentUrl":"https:\/\/www.abagrigliati.it\/de\/wp-content\/uploads\/sites\/3\/2021\/12\/Responsabilita.jpg","width":779,"height":632},{"@type":"BreadcrumbList","@id":"https:\/\/www.abagrigliati.it\/de\/verantwortung\/#breadcrumb","itemListElement":[{"@type":"ListItem","position":1,"name":"Home","item":"https:\/\/www.abagrigliati.it\/de\/"},{"@type":"ListItem","position":2,"name":"Verantwortung"}]},{"@type":"WebSite","@id":"https:\/\/www.abagrigliati.it\/de\/#website","url":"https:\/\/www.abagrigliati.it\/de\/","name":"Abagrigliati DE","description":"","publisher":{"@id":"https:\/\/www.abagrigliati.it\/de\/#organization"},"potentialAction":[{"@type":"SearchAction","target":{"@type":"EntryPoint","urlTemplate":"https:\/\/www.abagrigliati.it\/de\/?s={search_term_string}"},"query-input":{"@type":"PropertyValueSpecification","valueRequired":true,"valueName":"search_term_string"}}],"inLanguage":"de"},{"@type":"Organization","@id":"https:\/\/www.abagrigliati.it\/de\/#organization","name":"Abagrigliati DE","url":"https:\/\/www.abagrigliati.it\/de\/","logo":{"@type":"ImageObject","inLanguage":"de","@id":"https:\/\/www.abagrigliati.it\/de\/#\/schema\/logo\/image\/","url":"https:\/\/www.abagrigliati.it\/de\/wp-content\/uploads\/sites\/3\/2022\/01\/LogoABAGriglaiti.svg","contentUrl":"https:\/\/www.abagrigliati.it\/de\/wp-content\/uploads\/sites\/3\/2022\/01\/LogoABAGriglaiti.svg","width":223,"height":50,"caption":"Abagrigliati DE"},"image":{"@id":"https:\/\/www.abagrigliati.it\/de\/#\/schema\/logo\/image\/"}}]}},"_links":{"self":[{"href":"https:\/\/www.abagrigliati.it\/de\/wp-json\/wp\/v2\/pages\/481","targetHints":{"allow":["GET"]}}],"collection":[{"href":"https:\/\/www.abagrigliati.it\/de\/wp-json\/wp\/v2\/pages"}],"about":[{"href":"https:\/\/www.abagrigliati.it\/de\/wp-json\/wp\/v2\/types\/page"}],"author":[{"embeddable":true,"href":"https:\/\/www.abagrigliati.it\/de\/wp-json\/wp\/v2\/users\/2"}],"replies":[{"embeddable":true,"href":"https:\/\/www.abagrigliati.it\/de\/wp-json\/wp\/v2\/comments?post=481"}],"version-history":[{"count":30,"href":"https:\/\/www.abagrigliati.it\/de\/wp-json\/wp\/v2\/pages\/481\/revisions"}],"predecessor-version":[{"id":4017,"href":"https:\/\/www.abagrigliati.it\/de\/wp-json\/wp\/v2\/pages\/481\/revisions\/4017"}],"wp:attachment":[{"href":"https:\/\/www.abagrigliati.it\/de\/wp-json\/wp\/v2\/media?parent=481"}],"curies":[{"name":"wp","href":"https:\/\/api.w.org\/{rel}","templated":true}]}}