{"id":52,"date":"2021-11-08T11:16:52","date_gmt":"2021-11-08T10:16:52","guid":{"rendered":"https:\/\/www.abagrigliati.it\/de\/?page_id=52"},"modified":"2024-11-11T09:11:59","modified_gmt":"2024-11-11T08:11:59","slug":"services","status":"publish","type":"page","link":"https:\/\/www.abagrigliati.it\/de\/services\/","title":{"rendered":"Dienstleistungen"},"content":{"rendered":"\t\t<div data-elementor-type=\"wp-page\" data-elementor-id=\"52\" class=\"elementor elementor-52\" data-elementor-post-type=\"page\">\n\t\t\t\t\t\t<section class=\"elementor-section elementor-top-section elementor-element elementor-element-628e460 elementor-section-boxed elementor-section-height-default elementor-section-height-default\" data-id=\"628e460\" data-element_type=\"section\" data-e-type=\"section\">\n\t\t\t\t\t\t<div class=\"elementor-container elementor-column-gap-default\">\n\t\t\t\t\t<div class=\"elementor-column elementor-col-100 elementor-top-column elementor-element elementor-element-4d8e4a3\" data-id=\"4d8e4a3\" data-element_type=\"column\" data-e-type=\"column\">\n\t\t\t<div class=\"elementor-widget-wrap elementor-element-populated\">\n\t\t\t\t\t\t<div class=\"elementor-element elementor-element-973f537 elementor-widget elementor-widget-shortcode\" data-id=\"973f537\" data-element_type=\"widget\" data-e-type=\"widget\" data-widget_type=\"shortcode.default\">\n\t\t\t\t<div class=\"elementor-widget-container\">\n\t\t\t\t\t\t\t<div class=\"elementor-shortcode\">\n<div class=\"breadcrumbs\">\n    <a href=\"https:\/\/www.abagrigliati.it\/de\">Home Page<\/a> \n   <\/a> \n\n\n<!--?php echo ''. get_the_category( $id )[0]->name .'';?-->\n\n<label>><\/label>  <b> Dienstleistungen<\/b> \n  \n<\/div>\n<\/div>\n\t\t\t\t\t\t<\/div>\n\t\t\t\t<\/div>\n\t\t\t\t\t<\/div>\n\t\t<\/div>\n\t\t\t\t\t<\/div>\n\t\t<\/section>\n\t\t\t\t<section class=\"elementor-section elementor-top-section elementor-element elementor-element-b158620 elementor-section-boxed elementor-section-height-default elementor-section-height-default\" data-id=\"b158620\" data-element_type=\"section\" data-e-type=\"section\">\n\t\t\t\t\t\t<div class=\"elementor-container elementor-column-gap-default\">\n\t\t\t\t\t<div class=\"elementor-column elementor-col-100 elementor-top-column elementor-element elementor-element-44677c2\" data-id=\"44677c2\" data-element_type=\"column\" data-e-type=\"column\">\n\t\t\t<div class=\"elementor-widget-wrap elementor-element-populated\">\n\t\t\t\t\t\t<div class=\"elementor-element elementor-element-87e1de6 cont_sec_inner elementor-widget elementor-widget-heading\" data-id=\"87e1de6\" data-element_type=\"widget\" data-e-type=\"widget\" data-widget_type=\"heading.default\">\n\t\t\t\t<div class=\"elementor-widget-container\">\n\t\t\t\t\t<h1 class=\"elementor-heading-title elementor-size-default\">Dienstleistungen<\/h1>\t\t\t\t<\/div>\n\t\t\t\t<\/div>\n\t\t\t\t\t<\/div>\n\t\t<\/div>\n\t\t\t\t\t<\/div>\n\t\t<\/section>\n\t\t\t\t<section class=\"elementor-section elementor-top-section elementor-element elementor-element-2b53a7e8 text_here_sec elementor-section-boxed elementor-section-height-default elementor-section-height-default elementor-invisible\" data-id=\"2b53a7e8\" data-element_type=\"section\" data-e-type=\"section\" data-settings=\"{&quot;animation&quot;:&quot;fadeIn&quot;}\">\n\t\t\t\t\t\t<div class=\"elementor-container elementor-column-gap-default\">\n\t\t\t\t\t<div class=\"elementor-column elementor-col-33 elementor-top-column elementor-element elementor-element-6fec0ba9\" data-id=\"6fec0ba9\" data-element_type=\"column\" data-e-type=\"column\">\n\t\t\t<div class=\"elementor-widget-wrap elementor-element-populated\">\n\t\t\t\t\t\t<div class=\"elementor-element elementor-element-3122a9b8 elementor-widget elementor-widget-image\" data-id=\"3122a9b8\" data-element_type=\"widget\" data-e-type=\"widget\" data-widget_type=\"image.default\">\n\t\t\t\t<div class=\"elementor-widget-container\">\n\t\t\t\t\t\t\t\t\t\t\t\t\t\t\t<img decoding=\"async\" src=\"https:\/\/www.abagrigliati.it\/wp-content\/uploads\/2024\/04\/disegno-precisione-ABA.png\" title=\"\" alt=\"\" loading=\"lazy\" \/>\t\t\t\t\t\t\t\t\t\t\t\t\t\t\t<\/div>\n\t\t\t\t<\/div>\n\t\t\t\t<div class=\"elementor-element elementor-element-4f218654 elementor-widget elementor-widget-heading\" data-id=\"4f218654\" data-element_type=\"widget\" data-e-type=\"widget\" data-widget_type=\"heading.default\">\n\t\t\t\t<div class=\"elementor-widget-container\">\n\t\t\t\t\t<div class=\"elementor-heading-title elementor-size-default\">Ma\u00dfgeschneiderte Produkte<\/div>\t\t\t\t<\/div>\n\t\t\t\t<\/div>\n\t\t\t\t<div class=\"elementor-element elementor-element-12d7cba9 elementor-widget elementor-widget-text-editor\" data-id=\"12d7cba9\" data-element_type=\"widget\" data-e-type=\"widget\" data-widget_type=\"text-editor.default\">\n\t\t\t\t<div class=\"elementor-widget-container\">\n\t\t\t\t\t\t\t\t\t<p>Jeder Kunde hat unterschiedliche Anforderungen und W\u00fcnsche. Aus diesem Grund bietet Abagrigliati kundenspezifische L\u00f6sungen an und stellt unter Ber\u00fccksichtigung bestimmter Spezifikationen und Vorgaben <strong>individuell abgestimmte Produkte<\/strong> her. Denn wir sind der Meinung, dass sich das Produkt an die Bed\u00fcrfnisse des Unternehmens anpassen muss und nicht umgekehrt.<span style=\"font-weight: 400\"><br \/>Alle Erzeugnisse von Abagrigliati sind konzipiert, um h\u00f6chste <strong>Sicherheitsstandards<\/strong> zu garantieren. Zus\u00e4tzlich zu den gesetzlich geforderten Zertifizierungen erf\u00fcllen alle Produkte weitere nationale und internationale Vorschriften, da Qualit\u00e4t mit Zuverl\u00e4ssigkeit einhergeht<\/span><span style=\"font-weight: 400\">. <\/span><\/p>\t\t\t\t\t\t\t\t<\/div>\n\t\t\t\t<\/div>\n\t\t\t\t\t<\/div>\n\t\t<\/div>\n\t\t\t\t<div class=\"elementor-column elementor-col-33 elementor-top-column elementor-element elementor-element-62f2457e\" data-id=\"62f2457e\" data-element_type=\"column\" data-e-type=\"column\">\n\t\t\t<div class=\"elementor-widget-wrap elementor-element-populated\">\n\t\t\t\t\t\t<div class=\"elementor-element elementor-element-286c3916 elementor-widget elementor-widget-image\" data-id=\"286c3916\" data-element_type=\"widget\" data-e-type=\"widget\" data-widget_type=\"image.default\">\n\t\t\t\t<div class=\"elementor-widget-container\">\n\t\t\t\t\t\t\t\t\t\t\t\t\t\t\t<img decoding=\"async\" src=\"https:\/\/www.abagrigliati.it\/wp-content\/uploads\/2024\/04\/foto-qualita-perso.png\" title=\"\" alt=\"\" loading=\"lazy\" \/>\t\t\t\t\t\t\t\t\t\t\t\t\t\t\t<\/div>\n\t\t\t\t<\/div>\n\t\t\t\t<div class=\"elementor-element elementor-element-62db62d0 elementor-widget elementor-widget-heading\" data-id=\"62db62d0\" data-element_type=\"widget\" data-e-type=\"widget\" data-widget_type=\"heading.default\">\n\t\t\t\t<div class=\"elementor-widget-container\">\n\t\t\t\t\t<div class=\"elementor-heading-title elementor-size-default\">Lieferung des Endprodukts<\/div>\t\t\t\t<\/div>\n\t\t\t\t<\/div>\n\t\t\t\t<div class=\"elementor-element elementor-element-4f3d1171 elementor-widget elementor-widget-text-editor\" data-id=\"4f3d1171\" data-element_type=\"widget\" data-e-type=\"widget\" data-widget_type=\"text-editor.default\">\n\t\t\t\t<div class=\"elementor-widget-container\">\n\t\t\t\t\t\t\t\t\t<p>Jedes unserer Projekte liegt uns am Herzen. Aus diesem Grund sind alle <b>angelieferten,<\/b><b> ma\u00dfgeschneiderten Produkte bereits einsatzbereit<\/b>, so dass die Logistikkosten optimiert und die Vorbereitungsphasen f\u00fcr unsere Kunden beschleunigt werden.<\/p><p>Die Produkte von Abagrigliati werden im Werk f\u00fcr den Versand vorbereitet und verladen, damit sie nie Wetterunbilden ausgesetzt sind. So ist es m\u00f6glich, <b>hohe Qualit\u00e4tsstandards<\/b> aufrechtzuerhalten und Besch\u00e4digungen durch \u00e4u\u00dfere Einfl\u00fcsse zu vermeiden.\u00a0<\/p>\t\t\t\t\t\t\t\t<\/div>\n\t\t\t\t<\/div>\n\t\t\t\t\t<\/div>\n\t\t<\/div>\n\t\t\t\t<div class=\"elementor-column elementor-col-33 elementor-top-column elementor-element elementor-element-26a72858\" data-id=\"26a72858\" data-element_type=\"column\" data-e-type=\"column\">\n\t\t\t<div class=\"elementor-widget-wrap elementor-element-populated\">\n\t\t\t\t\t\t<div class=\"elementor-element elementor-element-599e0c69 elementor-widget elementor-widget-image\" data-id=\"599e0c69\" data-element_type=\"widget\" data-e-type=\"widget\" data-widget_type=\"image.default\">\n\t\t\t\t<div class=\"elementor-widget-container\">\n\t\t\t\t\t\t\t\t\t\t\t\t\t\t\t<img decoding=\"async\" src=\"https:\/\/www.abagrigliati.it\/wp-content\/uploads\/2024\/04\/consulenza-sito-ABA.png\" title=\"\" alt=\"\" loading=\"lazy\" \/>\t\t\t\t\t\t\t\t\t\t\t\t\t\t\t<\/div>\n\t\t\t\t<\/div>\n\t\t\t\t<div class=\"elementor-element elementor-element-7857fd70 elementor-widget elementor-widget-heading\" data-id=\"7857fd70\" data-element_type=\"widget\" data-e-type=\"widget\" data-widget_type=\"heading.default\">\n\t\t\t\t<div class=\"elementor-widget-container\">\n\t\t\t\t\t<div class=\"elementor-heading-title elementor-size-default\">Beratung<\/div>\t\t\t\t<\/div>\n\t\t\t\t<\/div>\n\t\t\t\t<div class=\"elementor-element elementor-element-52aee18f elementor-widget elementor-widget-text-editor\" data-id=\"52aee18f\" data-element_type=\"widget\" data-e-type=\"widget\" data-widget_type=\"text-editor.default\">\n\t\t\t\t<div class=\"elementor-widget-container\">\n\t\t\t\t\t\t\t\t\t<p>Bei Abagrigliati treffen Sie auf Fachleute, die Ihnen zuh\u00f6ren und Ihre Anforderungen und W\u00fcnsche verstehen. Dank unseres <b>internen technischen B\u00fcros <\/b>steht Ihnen ein professionelles Team zur Verf\u00fcgung, das eine Bedarfsanalyse durchf\u00fchrt und jeden Auftrag individuell abstimmt, um das Produkt herzustellen, das Ihren Anforderungen optimal gerecht wird.<\/p>\t\t\t\t\t\t\t\t<\/div>\n\t\t\t\t<\/div>\n\t\t\t\t\t<\/div>\n\t\t<\/div>\n\t\t\t\t\t<\/div>\n\t\t<\/section>\n\t\t\t\t<section class=\"elementor-section elementor-top-section elementor-element elementor-element-5095285f elementor-section-boxed elementor-section-height-default elementor-section-height-default\" data-id=\"5095285f\" data-element_type=\"section\" data-e-type=\"section\">\n\t\t\t\t\t\t<div class=\"elementor-container elementor-column-gap-default\">\n\t\t\t\t\t<div class=\"elementor-column elementor-col-100 elementor-top-column elementor-element elementor-element-518549aa\" data-id=\"518549aa\" data-element_type=\"column\" data-e-type=\"column\">\n\t\t\t<div class=\"elementor-widget-wrap elementor-element-populated\">\n\t\t\t\t\t\t<div class=\"elementor-element elementor-element-14493ce banner_text_application elementor-align-center elementor-widget elementor-widget-button\" data-id=\"14493ce\" data-element_type=\"widget\" data-e-type=\"widget\" data-widget_type=\"button.default\">\n\t\t\t\t<div class=\"elementor-widget-container\">\n\t\t\t\t\t\t\t\t\t<div class=\"elementor-button-wrapper\">\n\t\t\t\t\t<a class=\"elementor-button elementor-button-link elementor-size-sm\" href=\"#foot-blue-sec\">\n\t\t\t\t\t\t<span class=\"elementor-button-content-wrapper\">\n\t\t\t\t\t\t<span class=\"elementor-button-icon\">\n\t\t\t\t<svg xmlns=\"http:\/\/www.w3.org\/2000\/svg\" width=\"20\" height=\"9\" viewBox=\"0 0 20 9\" fill=\"none\"><path d=\"M0.5 4H0V5H0.5V4ZM19.8536 4.85355C20.0488 4.65829 20.0488 4.34171 19.8536 4.14645L16.6716 0.964466C16.4763 0.769204 16.1597 0.769204 15.9645 0.964466C15.7692 1.15973 15.7692 1.47631 15.9645 1.67157L18.7929 4.5L15.9645 7.32843C15.7692 7.52369 15.7692 7.84027 15.9645 8.03553C16.1597 8.2308 16.4763 8.2308 16.6716 8.03553L19.8536 4.85355ZM0.5 5H19.5V4H0.5V5Z\" fill=\"white\"><\/path><\/svg>\t\t\t<\/span>\n\t\t\t\t\t\t\t\t\t<span class=\"elementor-button-text\">Anfrage Informationen<\/span>\n\t\t\t\t\t<\/span>\n\t\t\t\t\t<\/a>\n\t\t\t\t<\/div>\n\t\t\t\t\t\t\t\t<\/div>\n\t\t\t\t<\/div>\n\t\t\t\t\t<\/div>\n\t\t<\/div>\n\t\t\t\t\t<\/div>\n\t\t<\/section>\n\t\t\t\t<\/div>\n\t\t","protected":false},"excerpt":{"rendered":"<p>Dienstleistungen Ma\u00dfgeschneiderte Produkte Jeder Kunde hat unterschiedliche Anforderungen und W\u00fcnsche. Aus diesem Grund bietet Abagrigliati kundenspezifische L\u00f6sungen an und stellt unter Ber\u00fccksichtigung bestimmter Spezifikationen und Vorgaben individuell abgestimmte Produkte her. Denn wir sind der Meinung, dass sich das Produkt an die Bed\u00fcrfnisse des Unternehmens anpassen muss und nicht umgekehrt.Alle Erzeugnisse von Abagrigliati sind konzipiert, um&hellip; <a class=\"more-link\" href=\"https:\/\/www.abagrigliati.it\/de\/services\/\"><span class=\"screen-reader-text\">Dienstleistungen<\/span> weiterlesen<\/a><\/p>\n","protected":false},"author":2,"featured_media":0,"parent":0,"menu_order":17,"comment_status":"closed","ping_status":"closed","template":"","meta":{"_acf_changed":false,"footnotes":""},"class_list":["post-52","page","type-page","status-publish","hentry","entry"],"acf":[],"_links":{"self":[{"href":"https:\/\/www.abagrigliati.it\/de\/wp-json\/wp\/v2\/pages\/52","targetHints":{"allow":["GET"]}}],"collection":[{"href":"https:\/\/www.abagrigliati.it\/de\/wp-json\/wp\/v2\/pages"}],"about":[{"href":"https:\/\/www.abagrigliati.it\/de\/wp-json\/wp\/v2\/types\/page"}],"author":[{"embeddable":true,"href":"https:\/\/www.abagrigliati.it\/de\/wp-json\/wp\/v2\/users\/2"}],"replies":[{"embeddable":true,"href":"https:\/\/www.abagrigliati.it\/de\/wp-json\/wp\/v2\/comments?post=52"}],"version-history":[{"count":51,"href":"https:\/\/www.abagrigliati.it\/de\/wp-json\/wp\/v2\/pages\/52\/revisions"}],"predecessor-version":[{"id":4194,"href":"https:\/\/www.abagrigliati.it\/de\/wp-json\/wp\/v2\/pages\/52\/revisions\/4194"}],"wp:attachment":[{"href":"https:\/\/www.abagrigliati.it\/de\/wp-json\/wp\/v2\/media?parent=52"}],"curies":[{"name":"wp","href":"https:\/\/api.w.org\/{rel}","templated":true}]}}