{"id":1357,"date":"2021-11-15T12:39:09","date_gmt":"2021-11-15T11:39:09","guid":{"rendered":"https:\/\/www.abagrigliati.it\/de\/?post_type=product&#038;p=1357"},"modified":"2022-10-18T10:06:54","modified_gmt":"2022-10-18T08:06:54","slug":"profil-rsa","status":"publish","type":"product","link":"https:\/\/www.abagrigliati.it\/de\/produkt\/profil-rsa\/","title":{"rendered":"Profil RSA"},"content":{"rendered":"<p>PROFILE MIT GELOCHTER OBERFL\u00c4CHE H58 P40 &#8211; P50<\/p>\n<p><strong>Verf\u00fcgbare Gr\u00f6\u00dfen: b x h x St\u00e4rke (mm)<\/strong><\/p>\n<ul class=\"number_sec\">\n<li>250x58x1,2<\/li>\n<li>250x58x1,5<\/li>\n<\/ul>\n<p><strong>L\u00e4nge (mm):<\/strong><\/p>\n<p>600 bis 12000<br \/>\n<strong>Zwischengr\u00f6\u00dfen:<\/strong><br \/>\nSchnitt im Abstand von 40 mm<\/p>\n<div class=\"border_bottom_sec\"><strong>Material:<\/strong>Rohstahl St\u00e4rke 2,0,  Sendzimirverzinkter Stahl, Feuerverzinkter Stahl St\u00e4rke 2,0<\/div>\n<div class=\"border_bottom_sec\">\n<p><strong>Eigenschaften:<\/strong>Hohe strukturelle Festigkeit; F\u00fcr Plattformen und Laufstege geeignet; Gelochte Oberfl\u00e4che 40%; Rutschhemmungsklasse <strong>KEINE ZUORDNUNG<\/strong><\/p>\n<\/div>\n","protected":false},"excerpt":{"rendered":"<p>PROFILE MIT GELOCHTER OBERFL\u00c4CHE H58 P40 &#8211; P50 Verf\u00fcgbare Gr\u00f6\u00dfen: b x h x St\u00e4rke (mm) 250x58x1,2 250x58x1,5 L\u00e4nge (mm): 600 bis 12000 Zwischengr\u00f6\u00dfen: Schnitt im Abstand von 40 mm Material:Rohstahl St\u00e4rke 2,0, Sendzimirverzinkter Stahl, Feuerverzinkter Stahl St\u00e4rke 2,0 Eigenschaften:Hohe strukturelle Festigkeit; F\u00fcr Plattformen und Laufstege geeignet; Gelochte Oberfl\u00e4che 40%; Rutschhemmungsklasse KEINE ZUORDNUNG<\/p>\n","protected":false},"featured_media":2341,"comment_status":"open","ping_status":"closed","template":"","meta":{"_acf_changed":false},"product_brand":[],"product_cat":[20,42],"product_tag":[],"class_list":{"0":"post-1357","1":"product","2":"type-product","3":"status-publish","4":"has-post-thumbnail","6":"product_cat-bodenbelaege","7":"product_cat-profile-mit-gelochter-oberflaeche-p40","8":"entry","10":"first","11":"instock","12":"shipping-taxable","13":"product-type-simple"},"acf":[],"_links":{"self":[{"href":"https:\/\/www.abagrigliati.it\/de\/wp-json\/wp\/v2\/product\/1357","targetHints":{"allow":["GET"]}}],"collection":[{"href":"https:\/\/www.abagrigliati.it\/de\/wp-json\/wp\/v2\/product"}],"about":[{"href":"https:\/\/www.abagrigliati.it\/de\/wp-json\/wp\/v2\/types\/product"}],"replies":[{"embeddable":true,"href":"https:\/\/www.abagrigliati.it\/de\/wp-json\/wp\/v2\/comments?post=1357"}],"wp:featuredmedia":[{"embeddable":true,"href":"https:\/\/www.abagrigliati.it\/de\/wp-json\/wp\/v2\/media\/2341"}],"wp:attachment":[{"href":"https:\/\/www.abagrigliati.it\/de\/wp-json\/wp\/v2\/media?parent=1357"}],"wp:term":[{"taxonomy":"product_brand","embeddable":true,"href":"https:\/\/www.abagrigliati.it\/de\/wp-json\/wp\/v2\/product_brand?post=1357"},{"taxonomy":"product_cat","embeddable":true,"href":"https:\/\/www.abagrigliati.it\/de\/wp-json\/wp\/v2\/product_cat?post=1357"},{"taxonomy":"product_tag","embeddable":true,"href":"https:\/\/www.abagrigliati.it\/de\/wp-json\/wp\/v2\/product_tag?post=1357"}],"curies":[{"name":"wp","href":"https:\/\/api.w.org\/{rel}","templated":true}]}}