{"id":1365,"date":"2021-11-15T13:00:30","date_gmt":"2021-11-15T12:00:30","guid":{"rendered":"https:\/\/www.abagrigliati.it\/de\/?post_type=product&#038;p=1365"},"modified":"2022-10-18T10:31:14","modified_gmt":"2022-10-18T08:31:14","slug":"profil-zl","status":"publish","type":"product","link":"https:\/\/www.abagrigliati.it\/de\/produkt\/profil-zl\/","title":{"rendered":"Profil ZL"},"content":{"rendered":"<p>PROFILE MIT GESCHLOSSENER, GERIFFELTER OBERFL\u00c4CHE H58 P50<\/p>\n<p><strong>Verf\u00fcgbare Gr\u00f6\u00dfen: b x h x St\u00e4rke (mm)<\/strong><\/p>\n<ul class=\"number_sec\">\n    150x58x1.5<br \/>\n    200x58x1.5<br \/>\n    250x58x1.5<\/li>\n<li>125x58x2.0<br \/>\n    150x58x2.0<br \/>\n    200x58x2.0<br \/>\n    250x58x2.0<br \/>\n    300x58x2.0<\/li>\n<li>125x58x2.5<br \/>\n    200x58x2.5<br \/>\n    250x58x2.5<br \/>\n    300x58x2.5<\/li>\n<li>125x58x3.0<br \/>\n    150x58x3.0<br \/>\n    200x58x3.0<br \/>\n    250x58x3.0<br \/>\n    300x58x3.0<\/li>\n<\/ul>\n<p><strong>L\u00e4nge (mm):<\/strong><br \/>\n600 bis 12000<br \/>\nSt\u00e4rke 3,0 mm max. 6000 mm<br \/>\n<strong>Zwischengr\u00f6\u00dfen:<\/strong><br \/>\nSchnitt im Abstand von 50 mm<\/p>\n<div class=\"border_bottom_sec\"><strong>Material:<\/strong>Sendzimirverzinkter Stahl<\/div>\n<div class=\"border_bottom_sec\">\n<p><strong>Eigenschaften:<\/strong>Hohe strukturelle Festigkeit; F\u00fcr Plattformen geeignet, NUR mit<br \/>\n rutschhemmender Beschichtung zu verwenden; F\u00fcr die Verlegung von Bodenbel\u00e4gen wie<br \/>\n Teppichboden und Linoleum geeignete Oberfl\u00e4che; Sowie f\u00fcr die Verlegung von Spanplatten,<br \/>\n Sperrholz und Kunststofflaminat<br \/>\n mit St\u00e4rke von 1,5 mm geeignet<\/p>\n<\/div>\n","protected":false},"excerpt":{"rendered":"<p>PROFILE MIT GESCHLOSSENER, GERIFFELTER OBERFL\u00c4CHE H58 P50 Verf\u00fcgbare Gr\u00f6\u00dfen: b x h x St\u00e4rke (mm) 150x58x1.5 200x58x1.5 250x58x1.5 125x58x2.0 150x58x2.0 200x58x2.0 250x58x2.0 300x58x2.0 125x58x2.5 200x58x2.5 250x58x2.5 300x58x2.5 125x58x3.0 150x58x3.0 200x58x3.0 250x58x3.0 300x58x3.0 L\u00e4nge (mm): 600 bis 12000 St\u00e4rke 3,0 mm max. 6000 mm Zwischengr\u00f6\u00dfen: Schnitt im Abstand von 50 mm Material:Sendzimirverzinkter Stahl Eigenschaften:Hohe strukturelle Festigkeit;&hellip; <a class=\"more-link\" href=\"https:\/\/www.abagrigliati.it\/de\/produkt\/profil-zl\/\"><span class=\"screen-reader-text\">Profil ZL<\/span> weiterlesen<\/a><\/p>\n","protected":false},"featured_media":2361,"comment_status":"open","ping_status":"closed","template":"","meta":{"_acf_changed":false},"product_brand":[],"product_cat":[20,44],"product_tag":[],"class_list":{"0":"post-1365","1":"product","2":"type-product","3":"status-publish","4":"has-post-thumbnail","6":"product_cat-bodenbelaege","7":"product_cat-profile-mit-geschlossener-geriffelter-oberflaeche-p50","8":"entry","10":"first","11":"instock","12":"shipping-taxable","13":"product-type-simple"},"acf":[],"_links":{"self":[{"href":"https:\/\/www.abagrigliati.it\/de\/wp-json\/wp\/v2\/product\/1365","targetHints":{"allow":["GET"]}}],"collection":[{"href":"https:\/\/www.abagrigliati.it\/de\/wp-json\/wp\/v2\/product"}],"about":[{"href":"https:\/\/www.abagrigliati.it\/de\/wp-json\/wp\/v2\/types\/product"}],"replies":[{"embeddable":true,"href":"https:\/\/www.abagrigliati.it\/de\/wp-json\/wp\/v2\/comments?post=1365"}],"wp:featuredmedia":[{"embeddable":true,"href":"https:\/\/www.abagrigliati.it\/de\/wp-json\/wp\/v2\/media\/2361"}],"wp:attachment":[{"href":"https:\/\/www.abagrigliati.it\/de\/wp-json\/wp\/v2\/media?parent=1365"}],"wp:term":[{"taxonomy":"product_brand","embeddable":true,"href":"https:\/\/www.abagrigliati.it\/de\/wp-json\/wp\/v2\/product_brand?post=1365"},{"taxonomy":"product_cat","embeddable":true,"href":"https:\/\/www.abagrigliati.it\/de\/wp-json\/wp\/v2\/product_cat?post=1365"},{"taxonomy":"product_tag","embeddable":true,"href":"https:\/\/www.abagrigliati.it\/de\/wp-json\/wp\/v2\/product_tag?post=1365"}],"curies":[{"name":"wp","href":"https:\/\/api.w.org\/{rel}","templated":true}]}}