{"id":1366,"date":"2021-11-15T13:01:25","date_gmt":"2021-11-15T12:01:25","guid":{"rendered":"https:\/\/www.abagrigliati.it\/de\/?post_type=product&#038;p=1366"},"modified":"2023-10-16T11:24:58","modified_gmt":"2023-10-16T09:24:58","slug":"profil-za","status":"publish","type":"product","link":"https:\/\/www.abagrigliati.it\/de\/produkt\/profil-za\/","title":{"rendered":"Profil ZA"},"content":{"rendered":"<p>PROFILE MIT GESCHLOSSENER, GERIFFELTER OBERFL\u00c4CHE H58 P50<\/p>\n<p><strong>Verf\u00fcgbare Gr\u00f6\u00dfen: b x h x St\u00e4rke (mm)<\/strong><\/p>\n<ul class=\"number_sec\">\n<li>125x58x1.5<br \/>\n150x58x1.5<br \/>\n200x58x1.5<br \/>\n250x58x1.5<\/li>\n<li>125x58x2.0<br \/>\n150x58x2.0<br \/>\n200x58x2.0<br \/>\n250x58x2.0<br \/>\n300x58x2.0<\/li>\n<li>125x58x2.5<br \/>\n200x58x2.5<br \/>\n250x58x2.5<br \/>\n300x58x2.5<\/li>\n<li>125x58x3.0<br \/>\n150x58x3.0<br \/>\n200x58x3.0<br \/>\n250x58x3.0<br \/>\n300x58x3.0<\/li>\n<\/ul>\n<p><strong>L\u00e4nge (mm):<\/strong><br \/>\n600 bis 12000<br \/>\nSt\u00e4rke 3,0 mm max. 6000 mm<br \/>\n<strong>Zwischengr\u00f6\u00dfen:<\/strong><br \/>\nSchnitt im Abstand von 50 mm<\/p>\n<div class=\"border_bottom_sec\"><strong>Material:<\/strong>Sendzimirverzinkter Stahl<\/div>\n<div class=\"border_bottom_sec\">\n<p><strong>Eigenschaften:<\/strong>Hohe strukturelle Festigkeit; F\u00fcr Plattformen geeignet, die Noppen garantieren<br \/>\ndie rutschhemmende Wirkung beim Begehen; F\u00fcr die Verlegung von Bodenbel\u00e4gen wie<br \/>\nTeppichboden, Linoleum, Spanplatten, Sperrholz<br \/>\nund Kunststofflaminat geeignete Oberfl\u00e4che; Rutschhemmungsklasse<\/p>\n<p><img decoding=\"async\" class=\"alignnone size-medium wp-image-4115\" src=\"https:\/\/www.abagrigliati.it\/de\/wp-content\/uploads\/sites\/3\/2021\/11\/r9-de-300x76.png\" alt=\"\" width=\"300\" height=\"76\" srcset=\"https:\/\/www.abagrigliati.it\/de\/wp-content\/uploads\/sites\/3\/2021\/11\/r9-de-300x76.png 300w, https:\/\/www.abagrigliati.it\/de\/wp-content\/uploads\/sites\/3\/2021\/11\/r9-de-1024x259.png 1024w, https:\/\/www.abagrigliati.it\/de\/wp-content\/uploads\/sites\/3\/2021\/11\/r9-de-768x194.png 768w, https:\/\/www.abagrigliati.it\/de\/wp-content\/uploads\/sites\/3\/2021\/11\/r9-de-600x152.png 600w, https:\/\/www.abagrigliati.it\/de\/wp-content\/uploads\/sites\/3\/2021\/11\/r9-de.png 1386w\" sizes=\"(max-width: 300px) 100vw, 300px\" \/><\/p>\n<\/div>\n","protected":false},"excerpt":{"rendered":"<p>PROFILE MIT GESCHLOSSENER, GERIFFELTER OBERFL\u00c4CHE H58 P50 Verf\u00fcgbare Gr\u00f6\u00dfen: b x h x St\u00e4rke (mm) 125x58x1.5 150x58x1.5 200x58x1.5 250x58x1.5 125x58x2.0 150x58x2.0 200x58x2.0 250x58x2.0 300x58x2.0 125x58x2.5 200x58x2.5 250x58x2.5 300x58x2.5 125x58x3.0 150x58x3.0 200x58x3.0 250x58x3.0 300x58x3.0 L\u00e4nge (mm): 600 bis 12000 St\u00e4rke 3,0 mm max. 6000 mm Zwischengr\u00f6\u00dfen: Schnitt im Abstand von 50 mm Material:Sendzimirverzinkter Stahl Eigenschaften:Hohe strukturelle&hellip; <a class=\"more-link\" href=\"https:\/\/www.abagrigliati.it\/de\/produkt\/profil-za\/\"><span class=\"screen-reader-text\">Profil ZA<\/span> weiterlesen<\/a><\/p>\n","protected":false},"featured_media":2364,"comment_status":"open","ping_status":"closed","template":"","meta":{"_acf_changed":false},"product_brand":[],"product_cat":[20,44,66],"product_tag":[],"class_list":{"0":"post-1366","1":"product","2":"type-product","3":"status-publish","4":"has-post-thumbnail","6":"product_cat-bodenbelaege","7":"product_cat-profile-mit-geschlossener-geriffelter-oberflaeche-p50","8":"product_cat-ingenieur-und-metallbau","9":"entry","11":"first","12":"instock","13":"shipping-taxable","14":"product-type-simple"},"acf":[],"_links":{"self":[{"href":"https:\/\/www.abagrigliati.it\/de\/wp-json\/wp\/v2\/product\/1366","targetHints":{"allow":["GET"]}}],"collection":[{"href":"https:\/\/www.abagrigliati.it\/de\/wp-json\/wp\/v2\/product"}],"about":[{"href":"https:\/\/www.abagrigliati.it\/de\/wp-json\/wp\/v2\/types\/product"}],"replies":[{"embeddable":true,"href":"https:\/\/www.abagrigliati.it\/de\/wp-json\/wp\/v2\/comments?post=1366"}],"wp:featuredmedia":[{"embeddable":true,"href":"https:\/\/www.abagrigliati.it\/de\/wp-json\/wp\/v2\/media\/2364"}],"wp:attachment":[{"href":"https:\/\/www.abagrigliati.it\/de\/wp-json\/wp\/v2\/media?parent=1366"}],"wp:term":[{"taxonomy":"product_brand","embeddable":true,"href":"https:\/\/www.abagrigliati.it\/de\/wp-json\/wp\/v2\/product_brand?post=1366"},{"taxonomy":"product_cat","embeddable":true,"href":"https:\/\/www.abagrigliati.it\/de\/wp-json\/wp\/v2\/product_cat?post=1366"},{"taxonomy":"product_tag","embeddable":true,"href":"https:\/\/www.abagrigliati.it\/de\/wp-json\/wp\/v2\/product_tag?post=1366"}],"curies":[{"name":"wp","href":"https:\/\/api.w.org\/{rel}","templated":true}]}}