{"id":1367,"date":"2021-11-15T13:02:05","date_gmt":"2021-11-15T12:02:05","guid":{"rendered":"https:\/\/www.abagrigliati.it\/de\/?post_type=product&#038;p=1367"},"modified":"2023-10-16T11:28:09","modified_gmt":"2023-10-16T09:28:09","slug":"profil-ge","status":"publish","type":"product","link":"https:\/\/www.abagrigliati.it\/de\/produkt\/profil-ge\/","title":{"rendered":"Profil GE"},"content":{"rendered":"<p>PROFILE MIT GELOCHTER, GERIFFELTER OBERFL\u00c4CHE H58 P60<\/p>\n<p><strong>Verf\u00fcgbare Gr\u00f6\u00dfen: b x h x St\u00e4rke (mm)<\/strong><\/p>\n<ul class=\"number_sec\">\n<li>200x58x1.5<br \/>\n250x58x1.5<br \/>\n300x58x1.5<\/li>\n<li>125x58x2.0<br \/>\n150x58x2.0<br \/>\n200x58x2.0<br \/>\n250x58x2.0<br \/>\n300x58x2.0<br \/>\n350x58x2.0<br \/>\n400x58x2.0<br \/>\n500x58x2.0<\/li>\n<\/ul>\n<p><strong>L\u00e4nge (mm):<\/strong><br \/>\n600 bis 12000<br \/>\n<strong>Zwischengr\u00f6\u00dfen:<\/strong><br \/>\nSchnitt im Abstand von 60 mm<\/p>\n<div class=\"border_bottom_sec\"><strong>Material:<\/strong>Rohstahl St\u00e4rke 2,0; Sendzimirverzinkter Stahl; Feuerverzinkter Stahl St\u00e4rke 2,0; Cortenstahl St\u00e4rke 2,0 (Breite 200); Edelstahl AISI 304 oder 316 St\u00e4rke 1,5 oder 2,0 (Breite 200 &#8211; 250 &#8211; 300); Aluminiumlegierung 5754 H111 St\u00e4rke 2,5 (Breite 200)<\/div>\n<div class=\"border_bottom_sec\">\n<p><strong>Eigenschaften:<\/strong>Hohe strukturelle Festigkeit; F\u00fcr den technischen Einsatz geeignet; Gelochte Oberfl\u00e4che 40%; Rutschhemmungsklasse R12 DIN 51130<\/p>\n<\/div>\n<p><img decoding=\"async\" class=\"alignnone size-medium wp-image-4117\" src=\"https:\/\/www.abagrigliati.it\/de\/wp-content\/uploads\/sites\/3\/2021\/11\/r12-de-300x67.png\" alt=\"\" width=\"300\" height=\"67\" srcset=\"https:\/\/www.abagrigliati.it\/de\/wp-content\/uploads\/sites\/3\/2021\/11\/r12-de-300x67.png 300w, https:\/\/www.abagrigliati.it\/de\/wp-content\/uploads\/sites\/3\/2021\/11\/r12-de-1024x227.png 1024w, https:\/\/www.abagrigliati.it\/de\/wp-content\/uploads\/sites\/3\/2021\/11\/r12-de-768x171.png 768w, https:\/\/www.abagrigliati.it\/de\/wp-content\/uploads\/sites\/3\/2021\/11\/r12-de-600x133.png 600w, https:\/\/www.abagrigliati.it\/de\/wp-content\/uploads\/sites\/3\/2021\/11\/r12-de.png 1144w\" sizes=\"(max-width: 300px) 100vw, 300px\" \/><\/p>\n","protected":false},"excerpt":{"rendered":"<p>PROFILE MIT GELOCHTER, GERIFFELTER OBERFL\u00c4CHE H58 P60 Verf\u00fcgbare Gr\u00f6\u00dfen: b x h x St\u00e4rke (mm) 200x58x1.5 250x58x1.5 300x58x1.5 125x58x2.0 150x58x2.0 200x58x2.0 250x58x2.0 300x58x2.0 350x58x2.0 400x58x2.0 500x58x2.0 L\u00e4nge (mm): 600 bis 12000 Zwischengr\u00f6\u00dfen: Schnitt im Abstand von 60 mm Material:Rohstahl St\u00e4rke 2,0; Sendzimirverzinkter Stahl; Feuerverzinkter Stahl St\u00e4rke 2,0; Cortenstahl St\u00e4rke 2,0 (Breite 200); Edelstahl AISI 304&hellip; <a class=\"more-link\" href=\"https:\/\/www.abagrigliati.it\/de\/produkt\/profil-ge\/\"><span class=\"screen-reader-text\">Profil GE<\/span> weiterlesen<\/a><\/p>\n","protected":false},"featured_media":2367,"comment_status":"open","ping_status":"closed","template":"","meta":{"_acf_changed":false},"product_brand":[],"product_cat":[20,65,45],"product_tag":[],"class_list":{"0":"post-1367","1":"product","2":"type-product","3":"status-publish","4":"has-post-thumbnail","6":"product_cat-bodenbelaege","7":"product_cat-landwirtschaft-und-transportwesen","8":"product_cat-profile-mit-geschlossener-geriffelter-oberflaeche-p60","9":"entry","11":"first","12":"instock","13":"shipping-taxable","14":"product-type-simple"},"acf":[],"_links":{"self":[{"href":"https:\/\/www.abagrigliati.it\/de\/wp-json\/wp\/v2\/product\/1367","targetHints":{"allow":["GET"]}}],"collection":[{"href":"https:\/\/www.abagrigliati.it\/de\/wp-json\/wp\/v2\/product"}],"about":[{"href":"https:\/\/www.abagrigliati.it\/de\/wp-json\/wp\/v2\/types\/product"}],"replies":[{"embeddable":true,"href":"https:\/\/www.abagrigliati.it\/de\/wp-json\/wp\/v2\/comments?post=1367"}],"wp:featuredmedia":[{"embeddable":true,"href":"https:\/\/www.abagrigliati.it\/de\/wp-json\/wp\/v2\/media\/2367"}],"wp:attachment":[{"href":"https:\/\/www.abagrigliati.it\/de\/wp-json\/wp\/v2\/media?parent=1367"}],"wp:term":[{"taxonomy":"product_brand","embeddable":true,"href":"https:\/\/www.abagrigliati.it\/de\/wp-json\/wp\/v2\/product_brand?post=1367"},{"taxonomy":"product_cat","embeddable":true,"href":"https:\/\/www.abagrigliati.it\/de\/wp-json\/wp\/v2\/product_cat?post=1367"},{"taxonomy":"product_tag","embeddable":true,"href":"https:\/\/www.abagrigliati.it\/de\/wp-json\/wp\/v2\/product_tag?post=1367"}],"curies":[{"name":"wp","href":"https:\/\/api.w.org\/{rel}","templated":true}]}}