{"id":1370,"date":"2021-09-15T13:03:27","date_gmt":"2021-09-15T11:03:27","guid":{"rendered":"https:\/\/www.abagrigliati.it\/de\/?post_type=product&#038;p=1370"},"modified":"2022-11-25T12:32:23","modified_gmt":"2022-11-25T11:32:23","slug":"profil-pl","status":"publish","type":"product","link":"https:\/\/www.abagrigliati.it\/de\/produkt\/profil-pl\/","title":{"rendered":"Profil PL"},"content":{"rendered":"<p>Profile f\u00fcr B\u00f6den H29<\/p>\n<p><strong>Verf\u00fcgbare Gr\u00f6\u00dfen: b x h x St\u00e4rke (mm)<\/strong><\/p>\n<ul class=\"number_sec\">\n<li>200x29x1.5<\/li>\n<li>200x29x2.0<\/li>\n<\/ul>\n<p><strong>L\u00e4nge (mm):<\/strong><\/p>\n<p>500 bis 10000<br \/>\n<strong>Zwischengr\u00f6\u00dfen::<\/strong><br \/>\nSchnitt im Abstand von 1 mm<\/p>\n<div class=\"border_bottom_sec\"><strong>Material: <\/strong>Sendzimirverzinkter Stahl<\/div>\n<div class=\"border_bottom_sec\">\n<p><strong>Eigenschaften: <\/strong>F\u00fcr die Verlegung von Bodenbel\u00e4gen wie Teppichboden, Linoleum, Spanplatten, Sperrholz und Kunststofflaminat geeignete Oberfl\u00e4che; F\u00fcr Regalb\u00f6den geeignet.<\/p>\n<\/div>\n","protected":false},"excerpt":{"rendered":"<p>Profile f\u00fcr B\u00f6den H29 Verf\u00fcgbare Gr\u00f6\u00dfen: b x h x St\u00e4rke (mm) 200x29x1.5 200x29x2.0 L\u00e4nge (mm): 500 bis 10000 Zwischengr\u00f6\u00dfen:: Schnitt im Abstand von 1 mm Material: Sendzimirverzinkter Stahl Eigenschaften: F\u00fcr die Verlegung von Bodenbel\u00e4gen wie Teppichboden, Linoleum, Spanplatten, Sperrholz und Kunststofflaminat geeignete Oberfl\u00e4che; F\u00fcr Regalb\u00f6den geeignet.<\/p>\n","protected":false},"featured_media":2376,"comment_status":"open","ping_status":"closed","template":"","meta":{"_acf_changed":false},"product_brand":[],"product_cat":[46,20],"product_tag":[],"class_list":{"0":"post-1370","1":"product","2":"type-product","3":"status-publish","4":"has-post-thumbnail","6":"product_cat-profile-h29","7":"product_cat-bodenbelaege","8":"entry","10":"first","11":"instock","12":"shipping-taxable","13":"product-type-simple"},"acf":[],"_links":{"self":[{"href":"https:\/\/www.abagrigliati.it\/de\/wp-json\/wp\/v2\/product\/1370","targetHints":{"allow":["GET"]}}],"collection":[{"href":"https:\/\/www.abagrigliati.it\/de\/wp-json\/wp\/v2\/product"}],"about":[{"href":"https:\/\/www.abagrigliati.it\/de\/wp-json\/wp\/v2\/types\/product"}],"replies":[{"embeddable":true,"href":"https:\/\/www.abagrigliati.it\/de\/wp-json\/wp\/v2\/comments?post=1370"}],"wp:featuredmedia":[{"embeddable":true,"href":"https:\/\/www.abagrigliati.it\/de\/wp-json\/wp\/v2\/media\/2376"}],"wp:attachment":[{"href":"https:\/\/www.abagrigliati.it\/de\/wp-json\/wp\/v2\/media?parent=1370"}],"wp:term":[{"taxonomy":"product_brand","embeddable":true,"href":"https:\/\/www.abagrigliati.it\/de\/wp-json\/wp\/v2\/product_brand?post=1370"},{"taxonomy":"product_cat","embeddable":true,"href":"https:\/\/www.abagrigliati.it\/de\/wp-json\/wp\/v2\/product_cat?post=1370"},{"taxonomy":"product_tag","embeddable":true,"href":"https:\/\/www.abagrigliati.it\/de\/wp-json\/wp\/v2\/product_tag?post=1370"}],"curies":[{"name":"wp","href":"https:\/\/api.w.org\/{rel}","templated":true}]}}