{"id":2383,"date":"2021-12-21T17:58:26","date_gmt":"2021-12-21T16:58:26","guid":{"rendered":"https:\/\/www.abagrigliati.it\/de\/?post_type=product&#038;p=2383"},"modified":"2023-10-16T11:35:03","modified_gmt":"2023-10-16T09:35:03","slug":"stufe-gf","status":"publish","type":"product","link":"https:\/\/www.abagrigliati.it\/de\/produkt\/stufe-gf\/","title":{"rendered":"Stufe GF"},"content":{"rendered":"<p>TREPPENSTUFEN MIT GELOCHTER, GERIFFELTER OBERFL\u00c4CHE H58 P50<\/p>\n<p><strong>Verf\u00fcgbare Gr\u00f6\u00dfen: b x h x St\u00e4rke (mm)<\/strong><\/p>\n<ul class=\"number_sec\">\n<li>150x58x2.0<br \/>\n250x58x2.0<br \/>\n300x58x2.0<br \/>\n325x58x2.0<\/li>\n<li>250x58x2.5<br \/>\n300x58x2.5<br \/>\n325x58x2.5<\/li>\n<\/ul>\n<p><strong>L\u00e4nge (mm):<\/strong><br \/>\n600 bis 9000<br \/>\n<strong>Zwischengr\u00f6\u00dfen:<\/strong><br \/>\nSchnitt im Abstand von 50 mm<\/p>\n<div class=\"border_bottom_sec\"><strong>Material:<\/strong>Rohstahl; Sendzimirverzinkter Stahl; Feuerverzinkter Stahl; Cortenstahl St\u00e4rke 2,0 (Breite 250 &#8211; 300); Edelstahl AISI 304 oder 316 St\u00e4rke 1,5 oder 2,0 (Breite 250 &#8211; 300); Aluminiumlegierung 5754 H111 St\u00e4rke 2,5(Breite 250 &#8211; 300)<\/div>\n<div class=\"border_bottom_sec\">\n<p><strong>Eigenschaften:<\/strong>Antipanik-Oberfl\u00e4che, hervorragende rutschhemmende Wirkung; Schnelles Abflie\u00dfen von Niederschl\u00e4gen; F\u00fcr Laufstege und Feuertreppen geeignet; Rutschhemmungsklasse R11 DIN 51130<\/p>\n<p><img decoding=\"async\" class=\"alignnone size-medium wp-image-4118\" src=\"https:\/\/www.abagrigliati.it\/de\/wp-content\/uploads\/sites\/3\/2021\/11\/r11-de-300x80.png\" alt=\"\" width=\"300\" height=\"80\" srcset=\"https:\/\/www.abagrigliati.it\/de\/wp-content\/uploads\/sites\/3\/2021\/11\/r11-de-300x80.png 300w, https:\/\/www.abagrigliati.it\/de\/wp-content\/uploads\/sites\/3\/2021\/11\/r11-de-1024x274.png 1024w, https:\/\/www.abagrigliati.it\/de\/wp-content\/uploads\/sites\/3\/2021\/11\/r11-de-768x205.png 768w, https:\/\/www.abagrigliati.it\/de\/wp-content\/uploads\/sites\/3\/2021\/11\/r11-de-600x161.png 600w, https:\/\/www.abagrigliati.it\/de\/wp-content\/uploads\/sites\/3\/2021\/11\/r11-de.png 1226w\" sizes=\"(max-width: 300px) 100vw, 300px\" \/><\/p>\n<\/div>\n","protected":false},"excerpt":{"rendered":"<p>TREPPENSTUFEN MIT GELOCHTER, GERIFFELTER OBERFL\u00c4CHE H58 P50 Verf\u00fcgbare Gr\u00f6\u00dfen: b x h x St\u00e4rke (mm) 150x58x2.0 250x58x2.0 300x58x2.0 325x58x2.0 250x58x2.5 300x58x2.5 325x58x2.5 L\u00e4nge (mm): 600 bis 9000 Zwischengr\u00f6\u00dfen: Schnitt im Abstand von 50 mm Material:Rohstahl; Sendzimirverzinkter Stahl; Feuerverzinkter Stahl; Cortenstahl St\u00e4rke 2,0 (Breite 250 &#8211; 300); Edelstahl AISI 304 oder 316 St\u00e4rke 1,5 oder 2,0&hellip; <a class=\"more-link\" href=\"https:\/\/www.abagrigliati.it\/de\/produkt\/stufe-gf\/\"><span class=\"screen-reader-text\">Stufe GF<\/span> weiterlesen<\/a><\/p>\n","protected":false},"featured_media":2385,"comment_status":"open","ping_status":"closed","template":"","meta":{"_acf_changed":false},"product_brand":[],"product_cat":[56,48],"product_tag":[],"class_list":{"0":"post-2383","1":"product","2":"type-product","3":"status-publish","4":"has-post-thumbnail","6":"product_cat-treppenstufen-mit-gelochter-geriffelter-oberflaeche-p50","7":"product_cat-treppenstufen","8":"entry","10":"first","11":"instock","12":"shipping-taxable","13":"product-type-simple"},"acf":[],"_links":{"self":[{"href":"https:\/\/www.abagrigliati.it\/de\/wp-json\/wp\/v2\/product\/2383","targetHints":{"allow":["GET"]}}],"collection":[{"href":"https:\/\/www.abagrigliati.it\/de\/wp-json\/wp\/v2\/product"}],"about":[{"href":"https:\/\/www.abagrigliati.it\/de\/wp-json\/wp\/v2\/types\/product"}],"replies":[{"embeddable":true,"href":"https:\/\/www.abagrigliati.it\/de\/wp-json\/wp\/v2\/comments?post=2383"}],"wp:featuredmedia":[{"embeddable":true,"href":"https:\/\/www.abagrigliati.it\/de\/wp-json\/wp\/v2\/media\/2385"}],"wp:attachment":[{"href":"https:\/\/www.abagrigliati.it\/de\/wp-json\/wp\/v2\/media?parent=2383"}],"wp:term":[{"taxonomy":"product_brand","embeddable":true,"href":"https:\/\/www.abagrigliati.it\/de\/wp-json\/wp\/v2\/product_brand?post=2383"},{"taxonomy":"product_cat","embeddable":true,"href":"https:\/\/www.abagrigliati.it\/de\/wp-json\/wp\/v2\/product_cat?post=2383"},{"taxonomy":"product_tag","embeddable":true,"href":"https:\/\/www.abagrigliati.it\/de\/wp-json\/wp\/v2\/product_tag?post=2383"}],"curies":[{"name":"wp","href":"https:\/\/api.w.org\/{rel}","templated":true}]}}