{"id":2390,"date":"2021-12-21T18:04:57","date_gmt":"2021-12-21T17:04:57","guid":{"rendered":"https:\/\/www.abagrigliati.it\/de\/?post_type=product&#038;p=2390"},"modified":"2023-10-16T11:35:52","modified_gmt":"2023-10-16T09:35:52","slug":"stufe-zbc","status":"publish","type":"product","link":"https:\/\/www.abagrigliati.it\/de\/produkt\/stufe-zbc\/","title":{"rendered":"Stufe ZBC"},"content":{"rendered":"<p>TREPPENSTUFEN MIT GESCHLOSSENER, GERIFFELTER OBERFL\u00c4CHE H58 P50 P60<\/p>\n<p><strong>Verf\u00fcgbare Gr\u00f6\u00dfen: b x h x St\u00e4rke (mm)<\/strong><\/p>\n<ul class=\"number_sec\">\n<li>150x58x2.0<br \/>\n200x58x2.0<br \/>\n250x58x2.0<br \/>\n300x58x2.0<\/li>\n<\/ul>\n<p><strong>L\u00e4nge (mm):<\/strong><br \/>\n600 bis 6000<br \/>\n<strong>Zwischengr\u00f6\u00dfen:<\/strong><br \/>\nSchnitt im Abstand von 50 mm<\/p>\n<div class=\"border_bottom_sec\"><strong>Material:<\/strong>Rohstahl; Sendzimirverzinkter Stahl; Feuerverzinkter Stahl<\/div>\n<div class=\"border_bottom_sec\">\n<p><strong>Eigenschaften:<\/strong>Geschlossene, geriffelte Oberfl\u00e4che; Nur einseitig rutschhemmend; F\u00fcr Innentreppen geeignet; Rutschhemmungsklasse R9 DIN 51130<\/p>\n<p><img decoding=\"async\" class=\"alignnone size-medium wp-image-4115\" src=\"https:\/\/www.abagrigliati.it\/de\/wp-content\/uploads\/sites\/3\/2021\/11\/r9-de-300x76.png\" alt=\"\" width=\"300\" height=\"76\" srcset=\"https:\/\/www.abagrigliati.it\/de\/wp-content\/uploads\/sites\/3\/2021\/11\/r9-de-300x76.png 300w, https:\/\/www.abagrigliati.it\/de\/wp-content\/uploads\/sites\/3\/2021\/11\/r9-de-1024x259.png 1024w, https:\/\/www.abagrigliati.it\/de\/wp-content\/uploads\/sites\/3\/2021\/11\/r9-de-768x194.png 768w, https:\/\/www.abagrigliati.it\/de\/wp-content\/uploads\/sites\/3\/2021\/11\/r9-de-600x152.png 600w, https:\/\/www.abagrigliati.it\/de\/wp-content\/uploads\/sites\/3\/2021\/11\/r9-de.png 1386w\" sizes=\"(max-width: 300px) 100vw, 300px\" \/><\/p>\n<\/div>\n","protected":false},"excerpt":{"rendered":"<p>TREPPENSTUFEN MIT GESCHLOSSENER, GERIFFELTER OBERFL\u00c4CHE H58 P50 P60 Verf\u00fcgbare Gr\u00f6\u00dfen: b x h x St\u00e4rke (mm) 150x58x2.0 200x58x2.0 250x58x2.0 300x58x2.0 L\u00e4nge (mm): 600 bis 6000 Zwischengr\u00f6\u00dfen: Schnitt im Abstand von 50 mm Material:Rohstahl; Sendzimirverzinkter Stahl; Feuerverzinkter Stahl Eigenschaften:Geschlossene, geriffelte Oberfl\u00e4che; Nur einseitig rutschhemmend; F\u00fcr Innentreppen geeignet; Rutschhemmungsklasse R9 DIN 51130<\/p>\n","protected":false},"featured_media":2392,"comment_status":"open","ping_status":"closed","template":"","meta":{"_acf_changed":false},"product_brand":[],"product_cat":[56,48,67,68],"product_tag":[],"class_list":{"0":"post-2390","1":"product","2":"type-product","3":"status-publish","4":"has-post-thumbnail","6":"product_cat-treppenstufen-mit-gelochter-geriffelter-oberflaeche-p50","7":"product_cat-treppenstufen","8":"product_cat-industrie-und-anlagenbau","9":"product_cat-lagerung-und-aufbewahrung","10":"entry","12":"first","13":"instock","14":"shipping-taxable","15":"product-type-simple"},"acf":[],"_links":{"self":[{"href":"https:\/\/www.abagrigliati.it\/de\/wp-json\/wp\/v2\/product\/2390","targetHints":{"allow":["GET"]}}],"collection":[{"href":"https:\/\/www.abagrigliati.it\/de\/wp-json\/wp\/v2\/product"}],"about":[{"href":"https:\/\/www.abagrigliati.it\/de\/wp-json\/wp\/v2\/types\/product"}],"replies":[{"embeddable":true,"href":"https:\/\/www.abagrigliati.it\/de\/wp-json\/wp\/v2\/comments?post=2390"}],"wp:featuredmedia":[{"embeddable":true,"href":"https:\/\/www.abagrigliati.it\/de\/wp-json\/wp\/v2\/media\/2392"}],"wp:attachment":[{"href":"https:\/\/www.abagrigliati.it\/de\/wp-json\/wp\/v2\/media?parent=2390"}],"wp:term":[{"taxonomy":"product_brand","embeddable":true,"href":"https:\/\/www.abagrigliati.it\/de\/wp-json\/wp\/v2\/product_brand?post=2390"},{"taxonomy":"product_cat","embeddable":true,"href":"https:\/\/www.abagrigliati.it\/de\/wp-json\/wp\/v2\/product_cat?post=2390"},{"taxonomy":"product_tag","embeddable":true,"href":"https:\/\/www.abagrigliati.it\/de\/wp-json\/wp\/v2\/product_tag?post=2390"}],"curies":[{"name":"wp","href":"https:\/\/api.w.org\/{rel}","templated":true}]}}