{"id":2403,"date":"2021-12-21T18:13:45","date_gmt":"2021-12-21T17:13:45","guid":{"rendered":"https:\/\/www.abagrigliati.it\/de\/?post_type=product&#038;p=2403"},"modified":"2023-10-16T11:40:21","modified_gmt":"2023-10-16T09:40:21","slug":"sprosse-25x30h","status":"publish","type":"product","link":"https:\/\/www.abagrigliati.it\/de\/produkt\/sprosse-25x30h\/","title":{"rendered":"Sprosse 25&#215;30"},"content":{"rendered":"<p>LEITERSPROSSEN<\/p>\n<p><strong>Verf\u00fcgbare Gr\u00f6\u00dfen: b x h x St\u00e4rke (mm)<\/strong><\/p>\n<ul class=\"number_sec\">\n<li>25x30x1.5<\/li>\n<li>25x30x2.0<\/li>\n<\/ul>\n<p><strong>L\u00e4nge (mm):<\/strong><br \/>\n2000<\/p>\n<div class=\"border_bottom_sec\"><strong>Material:<\/strong>Rohstahl St\u00e4rke 2,0 S235JR (Packungen mit 10 Profilen); Edelstahl AISI 304 oder 316 St\u00e4rke 1,5; Legierung Peraluman 5754 H111 St\u00e4rke 2,0<\/div>\n<div class=\"border_bottom_sec\">\n<p><strong>Eigenschaften:<\/strong>F\u00fcr Leitern f\u00fcr den technischen Einsatz geeignet; Sprossenleitern f\u00fcr die Wartung von Strommasten oder Silos; Sprossenleitern f\u00fcr Arbeitsmaschinen und Tankwagen; Aus Rohstahl, Edelstahl AISI 304-316 und Aluminiumlegierung erh\u00e4ltlich; Rutschhemmungsklasse R11 DIN 51130<\/p>\n<p><img decoding=\"async\" class=\"alignnone size-medium wp-image-4118\" src=\"https:\/\/www.abagrigliati.it\/de\/wp-content\/uploads\/sites\/3\/2021\/11\/r11-de-300x80.png\" alt=\"\" width=\"300\" height=\"80\" srcset=\"https:\/\/www.abagrigliati.it\/de\/wp-content\/uploads\/sites\/3\/2021\/11\/r11-de-300x80.png 300w, https:\/\/www.abagrigliati.it\/de\/wp-content\/uploads\/sites\/3\/2021\/11\/r11-de-1024x274.png 1024w, https:\/\/www.abagrigliati.it\/de\/wp-content\/uploads\/sites\/3\/2021\/11\/r11-de-768x205.png 768w, https:\/\/www.abagrigliati.it\/de\/wp-content\/uploads\/sites\/3\/2021\/11\/r11-de-600x161.png 600w, https:\/\/www.abagrigliati.it\/de\/wp-content\/uploads\/sites\/3\/2021\/11\/r11-de.png 1226w\" sizes=\"(max-width: 300px) 100vw, 300px\" \/><\/p>\n<\/div>\n","protected":false},"excerpt":{"rendered":"<p>LEITERSPROSSEN Verf\u00fcgbare Gr\u00f6\u00dfen: b x h x St\u00e4rke (mm) 25x30x1.5 25x30x2.0 L\u00e4nge (mm): 2000 Material:Rohstahl St\u00e4rke 2,0 S235JR (Packungen mit 10 Profilen); Edelstahl AISI 304 oder 316 St\u00e4rke 1,5; Legierung Peraluman 5754 H111 St\u00e4rke 2,0 Eigenschaften:F\u00fcr Leitern f\u00fcr den technischen Einsatz geeignet; Sprossenleitern f\u00fcr die Wartung von Strommasten oder Silos; Sprossenleitern f\u00fcr Arbeitsmaschinen und Tankwagen;&hellip; <a class=\"more-link\" href=\"https:\/\/www.abagrigliati.it\/de\/produkt\/sprosse-25x30h\/\"><span class=\"screen-reader-text\">Sprosse 25&#215;30<\/span> weiterlesen<\/a><\/p>\n","protected":false},"featured_media":2405,"comment_status":"open","ping_status":"closed","template":"","meta":{"_acf_changed":false},"product_brand":[],"product_cat":[48,58,65],"product_tag":[],"class_list":{"0":"post-2403","1":"product","2":"type-product","3":"status-publish","4":"has-post-thumbnail","6":"product_cat-treppenstufen","7":"product_cat-leitersprossen","8":"product_cat-landwirtschaft-und-transportwesen","9":"entry","11":"first","12":"instock","13":"shipping-taxable","14":"product-type-simple"},"acf":[],"_links":{"self":[{"href":"https:\/\/www.abagrigliati.it\/de\/wp-json\/wp\/v2\/product\/2403","targetHints":{"allow":["GET"]}}],"collection":[{"href":"https:\/\/www.abagrigliati.it\/de\/wp-json\/wp\/v2\/product"}],"about":[{"href":"https:\/\/www.abagrigliati.it\/de\/wp-json\/wp\/v2\/types\/product"}],"replies":[{"embeddable":true,"href":"https:\/\/www.abagrigliati.it\/de\/wp-json\/wp\/v2\/comments?post=2403"}],"wp:featuredmedia":[{"embeddable":true,"href":"https:\/\/www.abagrigliati.it\/de\/wp-json\/wp\/v2\/media\/2405"}],"wp:attachment":[{"href":"https:\/\/www.abagrigliati.it\/de\/wp-json\/wp\/v2\/media?parent=2403"}],"wp:term":[{"taxonomy":"product_brand","embeddable":true,"href":"https:\/\/www.abagrigliati.it\/de\/wp-json\/wp\/v2\/product_brand?post=2403"},{"taxonomy":"product_cat","embeddable":true,"href":"https:\/\/www.abagrigliati.it\/de\/wp-json\/wp\/v2\/product_cat?post=2403"},{"taxonomy":"product_tag","embeddable":true,"href":"https:\/\/www.abagrigliati.it\/de\/wp-json\/wp\/v2\/product_tag?post=2403"}],"curies":[{"name":"wp","href":"https:\/\/api.w.org\/{rel}","templated":true}]}}