{"id":2620,"date":"2021-12-23T00:58:14","date_gmt":"2021-12-22T23:58:14","guid":{"rendered":"https:\/\/www.abagrigliati.it\/de\/?post_type=product&#038;p=2620"},"modified":"2022-10-18T12:35:05","modified_gmt":"2022-10-18T10:35:05","slug":"gelochte-oberflaeche-50-schlitze-8x38-mm","status":"publish","type":"product","link":"https:\/\/www.abagrigliati.it\/de\/produkt\/gelochte-oberflaeche-50-schlitze-8x38-mm\/","title":{"rendered":"Gelochte Oberfl\u00e4che 50% &#8211; Schlitze 8&#215;38 mm"},"content":{"rendered":"<p>REGALB\u00d6DEN H25 MIT PLANER ST\u00dcTZFL\u00c4CHE<\/p>\n<p><strong>Verf\u00fcgbare Gr\u00f6\u00dfen: b x h x St\u00e4rke (mm)<\/strong><\/p>\n<ul class=\"number_sec\">\n<li>100x25x0.8<br \/>\n        100x25x1.0<br \/>\n        100x25x1.2<br \/>\n        100x25x1.5<\/li>\n<li>150x25x0.8<br \/>\n        150x25x1.0<br \/>\n        150x25x1.2<br \/>\n        150x25x1.5<\/li>\n<li>200x25x0.8<br \/>\n        200x25x1.0<br \/>\n        200x25x1.2<br \/>\n        200x25x1.5<\/li>\n<\/ul>\n<p><strong>L\u00e4nge (mm):<\/strong><br \/>\n500 bis 2000<\/p>\n<div class=\"border_bottom_sec\"><strong>Zwischengr\u00f6\u00dfen:<\/strong>Schnitt im Abstand von 1 mm<\/div>\n<div class=\"border_bottom_sec\"><strong>Material:<\/strong>Sendzimirverzinkter Stahl\n    <\/div>\n<div class=\"border_bottom_sec\">\n<p><strong>Eigenschaften:<\/strong>Gerippte Oberfl\u00e4che; Bohrungen seitlich<\/p>\n<\/div>\n","protected":false},"excerpt":{"rendered":"<p>REGALB\u00d6DEN H25 MIT PLANER ST\u00dcTZFL\u00c4CHE Verf\u00fcgbare Gr\u00f6\u00dfen: b x h x St\u00e4rke (mm) 100x25x0.8 100x25x1.0 100x25x1.2 100x25x1.5 150x25x0.8 150x25x1.0 150x25x1.2 150x25x1.5 200x25x0.8 200x25x1.0 200x25x1.2 200x25x1.5 L\u00e4nge (mm): 500 bis 2000 Zwischengr\u00f6\u00dfen:Schnitt im Abstand von 1 mm Material:Sendzimirverzinkter Stahl Eigenschaften:Gerippte Oberfl\u00e4che; Bohrungen seitlich<\/p>\n","protected":false},"featured_media":2619,"comment_status":"open","ping_status":"closed","template":"","meta":{"_acf_changed":false},"product_brand":[],"product_cat":[60,49],"product_tag":[],"class_list":{"0":"post-2620","1":"product","2":"type-product","3":"status-publish","4":"has-post-thumbnail","6":"product_cat-regalboeden-h25-mit-planer-stuetzflaeche","7":"product_cat-komponenten-fuer-regale","8":"entry","10":"first","11":"instock","12":"shipping-taxable","13":"product-type-simple"},"acf":[],"_links":{"self":[{"href":"https:\/\/www.abagrigliati.it\/de\/wp-json\/wp\/v2\/product\/2620","targetHints":{"allow":["GET"]}}],"collection":[{"href":"https:\/\/www.abagrigliati.it\/de\/wp-json\/wp\/v2\/product"}],"about":[{"href":"https:\/\/www.abagrigliati.it\/de\/wp-json\/wp\/v2\/types\/product"}],"replies":[{"embeddable":true,"href":"https:\/\/www.abagrigliati.it\/de\/wp-json\/wp\/v2\/comments?post=2620"}],"wp:featuredmedia":[{"embeddable":true,"href":"https:\/\/www.abagrigliati.it\/de\/wp-json\/wp\/v2\/media\/2619"}],"wp:attachment":[{"href":"https:\/\/www.abagrigliati.it\/de\/wp-json\/wp\/v2\/media?parent=2620"}],"wp:term":[{"taxonomy":"product_brand","embeddable":true,"href":"https:\/\/www.abagrigliati.it\/de\/wp-json\/wp\/v2\/product_brand?post=2620"},{"taxonomy":"product_cat","embeddable":true,"href":"https:\/\/www.abagrigliati.it\/de\/wp-json\/wp\/v2\/product_cat?post=2620"},{"taxonomy":"product_tag","embeddable":true,"href":"https:\/\/www.abagrigliati.it\/de\/wp-json\/wp\/v2\/product_tag?post=2620"}],"curies":[{"name":"wp","href":"https:\/\/api.w.org\/{rel}","templated":true}]}}