{"id":2624,"date":"2021-12-23T01:03:55","date_gmt":"2021-12-23T00:03:55","guid":{"rendered":"https:\/\/www.abagrigliati.it\/de\/?post_type=product&#038;p=2624"},"modified":"2022-10-18T12:35:39","modified_gmt":"2022-10-18T10:35:39","slug":"geschlossene-gerippte-oberflaeche-2","status":"publish","type":"product","link":"https:\/\/www.abagrigliati.it\/de\/produkt\/geschlossene-gerippte-oberflaeche-2\/","title":{"rendered":"Geschlossene, gerippte Oberfl\u00e4che"},"content":{"rendered":"<p>REGALB\u00d6DEN H25 MIT SEITLICH VERJ\u00dcNGTER ST\u00dcTZFL\u00c4CHE<\/p>\n<p><strong>Verf\u00fcgbare Gr\u00f6\u00dfen: b x h x St\u00e4rke (mm)<\/strong><\/p>\n<ul class=\"number_sec\">\n<li>100x25x0.5<br \/>\n        100x25x0.6<br \/>\n        100x25x0.8<br \/>\n        100x25x1.0<br \/>\n        100x25x1.2<br \/>\n        100x25x1.5<\/li>\n<li>150x25x0.5<br \/>\n        150x25x0.6<br \/>\n        150x25x0.8<br \/>\n        150x25x1.0<br \/>\n        150x25x1.2<br \/>\n        150x25x1.5<\/li>\n<li>200x25x0.5<br \/>\n        200x25x0.6<br \/>\n        200x25x0.8<br \/>\n        200x25x1.0<br \/>\n        200x25x1.2<br \/>\n        200x25x1.5<\/li>\n<li>300x25x0.6<br \/>\n        300x25x0.8<br \/>\n        300x25x1.0<br \/>\n        300x25x1.2<br \/>\n        300x25x1.5<\/li>\n<\/ul>\n<p><strong>L\u00e4nge (mm):<\/strong><br \/>\n300 bis 2000 (mit Ausnahme von Breite 300 und St\u00e4rke 1,5)<br \/>\n500 bis 2000 (L\u00e4ngenbeschr\u00e4nkung f\u00fcr Breite 300 und St\u00e4rke 1,5)<\/p>\n<div class=\"border_bottom_sec\"><strong>Zwischengr\u00f6\u00dfen:<\/strong>Schnitt im Abstand von 1 mm<\/div>\n<div class=\"border_bottom_sec\"><strong>Material:<\/strong>Sendzimirverzinkter Stahl\n    <\/div>\n<div class=\"border_bottom_sec\">\n<p><strong>Eigenschaften:<\/strong>Gerippte Oberfl\u00e4che; Bohrungen an den Seiten m\u00f6glich;<\/p>\n<\/div>\n","protected":false},"excerpt":{"rendered":"<p>REGALB\u00d6DEN H25 MIT SEITLICH VERJ\u00dcNGTER ST\u00dcTZFL\u00c4CHE Verf\u00fcgbare Gr\u00f6\u00dfen: b x h x St\u00e4rke (mm) 100x25x0.5 100x25x0.6 100x25x0.8 100x25x1.0 100x25x1.2 100x25x1.5 150x25x0.5 150x25x0.6 150x25x0.8 150x25x1.0 150x25x1.2 150x25x1.5 200x25x0.5 200x25x0.6 200x25x0.8 200x25x1.0 200x25x1.2 200x25x1.5 300x25x0.6 300x25x0.8 300x25x1.0 300x25x1.2 300x25x1.5 L\u00e4nge (mm): 300 bis 2000 (mit Ausnahme von Breite 300 und St\u00e4rke 1,5) 500 bis 2000 (L\u00e4ngenbeschr\u00e4nkung f\u00fcr&hellip; <a class=\"more-link\" href=\"https:\/\/www.abagrigliati.it\/de\/produkt\/geschlossene-gerippte-oberflaeche-2\/\"><span class=\"screen-reader-text\">Geschlossene, gerippte Oberfl\u00e4che<\/span> weiterlesen<\/a><\/p>\n","protected":false},"featured_media":2625,"comment_status":"open","ping_status":"closed","template":"","meta":{"_acf_changed":false},"product_brand":[],"product_cat":[61,49],"product_tag":[],"class_list":{"0":"post-2624","1":"product","2":"type-product","3":"status-publish","4":"has-post-thumbnail","6":"product_cat-regalboeden-h25-mit-seitlich-verjuengter-stuetzflaeche","7":"product_cat-komponenten-fuer-regale","8":"entry","10":"first","11":"instock","12":"shipping-taxable","13":"product-type-simple"},"acf":[],"_links":{"self":[{"href":"https:\/\/www.abagrigliati.it\/de\/wp-json\/wp\/v2\/product\/2624","targetHints":{"allow":["GET"]}}],"collection":[{"href":"https:\/\/www.abagrigliati.it\/de\/wp-json\/wp\/v2\/product"}],"about":[{"href":"https:\/\/www.abagrigliati.it\/de\/wp-json\/wp\/v2\/types\/product"}],"replies":[{"embeddable":true,"href":"https:\/\/www.abagrigliati.it\/de\/wp-json\/wp\/v2\/comments?post=2624"}],"wp:featuredmedia":[{"embeddable":true,"href":"https:\/\/www.abagrigliati.it\/de\/wp-json\/wp\/v2\/media\/2625"}],"wp:attachment":[{"href":"https:\/\/www.abagrigliati.it\/de\/wp-json\/wp\/v2\/media?parent=2624"}],"wp:term":[{"taxonomy":"product_brand","embeddable":true,"href":"https:\/\/www.abagrigliati.it\/de\/wp-json\/wp\/v2\/product_brand?post=2624"},{"taxonomy":"product_cat","embeddable":true,"href":"https:\/\/www.abagrigliati.it\/de\/wp-json\/wp\/v2\/product_cat?post=2624"},{"taxonomy":"product_tag","embeddable":true,"href":"https:\/\/www.abagrigliati.it\/de\/wp-json\/wp\/v2\/product_tag?post=2624"}],"curies":[{"name":"wp","href":"https:\/\/api.w.org\/{rel}","templated":true}]}}