{"id":2642,"date":"2021-12-23T01:40:41","date_gmt":"2021-12-23T00:40:41","guid":{"rendered":"https:\/\/www.abagrigliati.it\/de\/?post_type=product&#038;p=2642"},"modified":"2023-10-16T11:27:14","modified_gmt":"2023-10-16T09:27:14","slug":"profil-lb","status":"publish","type":"product","link":"https:\/\/www.abagrigliati.it\/de\/produkt\/profil-lb\/","title":{"rendered":"Profil LB"},"content":{"rendered":"<p>PROFILE MIT GELOCHTER, GERIFFELTER OBERFL\u00c4CHE H58 P60<\/p>\n<p><strong>Verf\u00fcgbare Gr\u00f6\u00dfen: b x h x St\u00e4rke (mm)<\/strong><\/p>\n<ul class=\"number_sec\">\n<li>200x58x1.5<br \/>\n250x58x1.5<\/li>\n<li>200x58x2.0<br \/>\n250x58x2.0<br \/>\n300x58x2.0<\/li>\n<li>200x58x2.5<br \/>\n250x58x2.5<br \/>\n300x58x2.5<\/li>\n<li>200x58x3.0<br \/>\n250x58x3.0<br \/>\n300x58x3.0<\/li>\n<\/ul>\n<p><strong>L\u00e4nge (mm):<\/strong><br \/>\n600 bis 6000<br \/>\nSt\u00e4rke 3,0 mm max. 6000 mm<br \/>\n<strong>Zwischengr\u00f6\u00dfen:<\/strong><br \/>\nSchnitt im Abstand von 60 mm<\/p>\n<div class=\"border_bottom_sec\"><strong>Material:<\/strong>Rohstahl St\u00e4rke 2,0; Sendzimirverzinkter Stahl; Feuerverzinkter Stahl St\u00e4rke 2,0; Cortenstahl St\u00e4rke 2,0; Edelstahl AISI 304 oder 316 St\u00e4rke 1,5 oder 2,0; Aluminiumlegierung 5754 H111 St\u00e4rke 2,5<\/div>\n<div class=\"border_bottom_sec\">\n<p><strong>Eigenschaften:<\/strong>Gelochte, geriffelte Oberfl\u00e4che zur Versteifung des Profils; Die 8 mm Lochung mit W\u00f6lbung nach oben garantiert die rutschhemmende Wirkung. Die W\u00f6lbung nach unten erleichtert das Abflie\u00dfen von Niederschl\u00e4gen; F\u00fcr Fahrradbr\u00fccken und Laufstege, Behindertenrampen, Plattformen, Technikstege und Trittfl\u00e4chen geeignet; Rutschhemmungsklasse R12 DIN 51130; Rutschhemmungsklasse Corten R13 DIN 51130<\/p>\n<p><img decoding=\"async\" class=\"alignnone size-medium wp-image-4116\" src=\"https:\/\/www.abagrigliati.it\/de\/wp-content\/uploads\/sites\/3\/2021\/12\/r12-r13-de-300x101.png\" alt=\"\" width=\"300\" height=\"101\" srcset=\"https:\/\/www.abagrigliati.it\/de\/wp-content\/uploads\/sites\/3\/2021\/12\/r12-r13-de-300x101.png 300w, https:\/\/www.abagrigliati.it\/de\/wp-content\/uploads\/sites\/3\/2021\/12\/r12-r13-de-768x259.png 768w, https:\/\/www.abagrigliati.it\/de\/wp-content\/uploads\/sites\/3\/2021\/12\/r12-r13-de-600x202.png 600w, https:\/\/www.abagrigliati.it\/de\/wp-content\/uploads\/sites\/3\/2021\/12\/r12-r13-de.png 1022w\" sizes=\"(max-width: 300px) 100vw, 300px\" \/><\/p>\n<\/div>\n","protected":false},"excerpt":{"rendered":"<p>PROFILE MIT GELOCHTER, GERIFFELTER OBERFL\u00c4CHE H58 P60 Verf\u00fcgbare Gr\u00f6\u00dfen: b x h x St\u00e4rke (mm) 200x58x1.5 250x58x1.5 200x58x2.0 250x58x2.0 300x58x2.0 200x58x2.5 250x58x2.5 300x58x2.5 200x58x3.0 250x58x3.0 300x58x3.0 L\u00e4nge (mm): 600 bis 6000 St\u00e4rke 3,0 mm max. 6000 mm Zwischengr\u00f6\u00dfen: Schnitt im Abstand von 60 mm Material:Rohstahl St\u00e4rke 2,0; Sendzimirverzinkter Stahl; Feuerverzinkter Stahl St\u00e4rke 2,0; Cortenstahl St\u00e4rke&hellip; <a class=\"more-link\" href=\"https:\/\/www.abagrigliati.it\/de\/produkt\/profil-lb\/\"><span class=\"screen-reader-text\">Profil LB<\/span> weiterlesen<\/a><\/p>\n","protected":false},"featured_media":2643,"comment_status":"open","ping_status":"closed","template":"","meta":{"_acf_changed":false},"product_brand":[],"product_cat":[20,45],"product_tag":[],"class_list":{"0":"post-2642","1":"product","2":"type-product","3":"status-publish","4":"has-post-thumbnail","6":"product_cat-bodenbelaege","7":"product_cat-profile-mit-geschlossener-geriffelter-oberflaeche-p60","8":"entry","10":"first","11":"instock","12":"shipping-taxable","13":"product-type-simple"},"acf":[],"_links":{"self":[{"href":"https:\/\/www.abagrigliati.it\/de\/wp-json\/wp\/v2\/product\/2642","targetHints":{"allow":["GET"]}}],"collection":[{"href":"https:\/\/www.abagrigliati.it\/de\/wp-json\/wp\/v2\/product"}],"about":[{"href":"https:\/\/www.abagrigliati.it\/de\/wp-json\/wp\/v2\/types\/product"}],"replies":[{"embeddable":true,"href":"https:\/\/www.abagrigliati.it\/de\/wp-json\/wp\/v2\/comments?post=2642"}],"wp:featuredmedia":[{"embeddable":true,"href":"https:\/\/www.abagrigliati.it\/de\/wp-json\/wp\/v2\/media\/2643"}],"wp:attachment":[{"href":"https:\/\/www.abagrigliati.it\/de\/wp-json\/wp\/v2\/media?parent=2642"}],"wp:term":[{"taxonomy":"product_brand","embeddable":true,"href":"https:\/\/www.abagrigliati.it\/de\/wp-json\/wp\/v2\/product_brand?post=2642"},{"taxonomy":"product_cat","embeddable":true,"href":"https:\/\/www.abagrigliati.it\/de\/wp-json\/wp\/v2\/product_cat?post=2642"},{"taxonomy":"product_tag","embeddable":true,"href":"https:\/\/www.abagrigliati.it\/de\/wp-json\/wp\/v2\/product_tag?post=2642"}],"curies":[{"name":"wp","href":"https:\/\/api.w.org\/{rel}","templated":true}]}}