{"id":3132,"date":"2022-02-10T11:28:56","date_gmt":"2022-02-10T10:28:56","guid":{"rendered":"https:\/\/www.abagrigliati.it\/de\/?post_type=product&#038;p=3132"},"modified":"2023-10-16T11:39:23","modified_gmt":"2023-10-16T09:39:23","slug":"stufe-gf300-2400ts-stufe-gf325-2400ts","status":"publish","type":"product","link":"https:\/\/www.abagrigliati.it\/de\/produkt\/stufe-gf300-2400ts-stufe-gf325-2400ts\/","title":{"rendered":"Stufe GF300\/2400TS &#8211; Stufe GF325\/2400TS"},"content":{"rendered":"<p>TREPPENSTUFEN GF MIT ANGESCHWEISSTEN SEITENLASCHEN<\/p>\n<p><strong>Verf\u00fcgbare Gr\u00f6\u00dfen: b x h x St\u00e4rke (mm)<\/strong><\/p>\n<ul class=\"number_sec\">\n<li>300x83x2.5<\/li>\n<li>325x83x2.5<\/li>\n<\/ul>\n<p><strong>L\u00e4nge (mm):<\/strong><br \/>\n2400<br \/>\n<strong>Zwischengr\u00f6\u00dfen:<\/strong><br \/>\nWenden Sie sich bitte an unser technisches B\u00fcro<\/p>\n<div class=\"border_bottom_sec\"><strong>Material:<\/strong>Rohstahl; Feuerverzinkter Stahl<\/div>\n<div class=\"border_bottom_sec\">\n<p><strong>Eigenschaften:<\/strong>Antipanik-Oberfl\u00e4che, hervorragende rutschhemmende Wirkung in beide Richtungen; Schnelles Abflie\u00dfen von Niederschl\u00e4gen; F\u00fcr Feuertreppen geeignet; CE-KENNZEICHNUNG 1090-1: EXC2; Rutschhemmungsklasse R11 DIN 51130<\/p>\n<p><img decoding=\"async\" class=\"alignnone size-medium wp-image-4118\" src=\"https:\/\/www.abagrigliati.it\/de\/wp-content\/uploads\/sites\/3\/2021\/11\/r11-de-300x80.png\" alt=\"\" width=\"300\" height=\"80\" srcset=\"https:\/\/www.abagrigliati.it\/de\/wp-content\/uploads\/sites\/3\/2021\/11\/r11-de-300x80.png 300w, https:\/\/www.abagrigliati.it\/de\/wp-content\/uploads\/sites\/3\/2021\/11\/r11-de-1024x274.png 1024w, https:\/\/www.abagrigliati.it\/de\/wp-content\/uploads\/sites\/3\/2021\/11\/r11-de-768x205.png 768w, https:\/\/www.abagrigliati.it\/de\/wp-content\/uploads\/sites\/3\/2021\/11\/r11-de-600x161.png 600w, https:\/\/www.abagrigliati.it\/de\/wp-content\/uploads\/sites\/3\/2021\/11\/r11-de.png 1226w\" sizes=\"(max-width: 300px) 100vw, 300px\" \/><\/p>\n<\/div>\n","protected":false},"excerpt":{"rendered":"<p>TREPPENSTUFEN GF MIT ANGESCHWEISSTEN SEITENLASCHEN Verf\u00fcgbare Gr\u00f6\u00dfen: b x h x St\u00e4rke (mm) 300x83x2.5 325x83x2.5 L\u00e4nge (mm): 2400 Zwischengr\u00f6\u00dfen: Wenden Sie sich bitte an unser technisches B\u00fcro Material:Rohstahl; Feuerverzinkter Stahl Eigenschaften:Antipanik-Oberfl\u00e4che, hervorragende rutschhemmende Wirkung in beide Richtungen; Schnelles Abflie\u00dfen von Niederschl\u00e4gen; F\u00fcr Feuertreppen geeignet; CE-KENNZEICHNUNG 1090-1: EXC2; Rutschhemmungsklasse R11 DIN 51130<\/p>\n","protected":false},"featured_media":3137,"comment_status":"open","ping_status":"closed","template":"","meta":{"_acf_changed":false},"product_brand":[],"product_cat":[48,70],"product_tag":[],"class_list":{"0":"post-3132","1":"product","2":"type-product","3":"status-publish","4":"has-post-thumbnail","6":"product_cat-treppenstufen","7":"product_cat-treppenstufen-gf-mit-angeschweissten-seitenlaschen","8":"entry","10":"first","11":"instock","12":"shipping-taxable","13":"product-type-simple"},"acf":[],"_links":{"self":[{"href":"https:\/\/www.abagrigliati.it\/de\/wp-json\/wp\/v2\/product\/3132","targetHints":{"allow":["GET"]}}],"collection":[{"href":"https:\/\/www.abagrigliati.it\/de\/wp-json\/wp\/v2\/product"}],"about":[{"href":"https:\/\/www.abagrigliati.it\/de\/wp-json\/wp\/v2\/types\/product"}],"replies":[{"embeddable":true,"href":"https:\/\/www.abagrigliati.it\/de\/wp-json\/wp\/v2\/comments?post=3132"}],"wp:featuredmedia":[{"embeddable":true,"href":"https:\/\/www.abagrigliati.it\/de\/wp-json\/wp\/v2\/media\/3137"}],"wp:attachment":[{"href":"https:\/\/www.abagrigliati.it\/de\/wp-json\/wp\/v2\/media?parent=3132"}],"wp:term":[{"taxonomy":"product_brand","embeddable":true,"href":"https:\/\/www.abagrigliati.it\/de\/wp-json\/wp\/v2\/product_brand?post=3132"},{"taxonomy":"product_cat","embeddable":true,"href":"https:\/\/www.abagrigliati.it\/de\/wp-json\/wp\/v2\/product_cat?post=3132"},{"taxonomy":"product_tag","embeddable":true,"href":"https:\/\/www.abagrigliati.it\/de\/wp-json\/wp\/v2\/product_tag?post=3132"}],"curies":[{"name":"wp","href":"https:\/\/api.w.org\/{rel}","templated":true}]}}