{"id":3139,"date":"2022-02-10T11:44:30","date_gmt":"2022-02-10T10:44:30","guid":{"rendered":"https:\/\/www.abagrigliati.it\/de\/?post_type=product&#038;p=3139"},"modified":"2025-12-18T08:57:58","modified_gmt":"2025-12-18T07:57:58","slug":"gelochte-oberflaeche-50-o-8-mm-2","status":"publish","type":"product","link":"https:\/\/www.abagrigliati.it\/de\/produkt\/gelochte-oberflaeche-50-o-8-mm-2\/","title":{"rendered":"Gelochte Oberfl\u00e4che 50% &#8211; \u00d8 8 mm"},"content":{"rendered":"<p>REGALB\u00d6DEN H25 MIT SEITLICH VERJ\u00dcNGTER ST\u00dcTZFL\u00c4CHE<\/p>\n<p><strong>Verf\u00fcgbare Gr\u00f6\u00dfen: b x h x St\u00e4rke (mm)<\/strong><\/p>\n<ul class=\"number_sec\">\n<li>100x25x1.0<br \/>\n100x25x1.2<\/li>\n<li>150x25x1.0<br \/>\n150x25x1.2<\/li>\n<li>200x25x1.0<br \/>\n200x25x1.2<\/li>\n<\/ul>\n<p><strong>L\u00e4nge (mm):<\/strong><br \/>\n500 bis 2000<\/p>\n<div class=\"border_bottom_sec\"><strong>Zwischengr\u00f6\u00dfen:<\/strong>Schnitt im Abstand von 1 mm<\/div>\n<div class=\"border_bottom_sec\"><strong>Material:<\/strong>Sendzimirverzinkter Stahl<\/div>\n<div class=\"border_bottom_sec\">\n<p><strong>Eigenschaften:<\/strong>Gerippte Oberfl\u00e4che<\/p>\n<\/div>\n","protected":false},"excerpt":{"rendered":"<p>REGALB\u00d6DEN H25 MIT SEITLICH VERJ\u00dcNGTER ST\u00dcTZFL\u00c4CHE Verf\u00fcgbare Gr\u00f6\u00dfen: b x h x St\u00e4rke (mm) 100x25x1.0 100x25x1.2 150x25x1.0 150x25x1.2 200x25x1.0 200x25x1.2 L\u00e4nge (mm): 500 bis 2000 Zwischengr\u00f6\u00dfen:Schnitt im Abstand von 1 mm Material:Sendzimirverzinkter Stahl Eigenschaften:Gerippte Oberfl\u00e4che<\/p>\n","protected":false},"featured_media":3147,"comment_status":"open","ping_status":"closed","template":"","meta":{"_acf_changed":false},"product_brand":[],"product_cat":[15],"product_tag":[],"class_list":{"0":"post-3139","1":"product","2":"type-product","3":"status-publish","4":"has-post-thumbnail","6":"product_cat-senza-categoria","7":"entry","9":"first","10":"instock","11":"shipping-taxable","12":"product-type-simple"},"acf":[],"_links":{"self":[{"href":"https:\/\/www.abagrigliati.it\/de\/wp-json\/wp\/v2\/product\/3139","targetHints":{"allow":["GET"]}}],"collection":[{"href":"https:\/\/www.abagrigliati.it\/de\/wp-json\/wp\/v2\/product"}],"about":[{"href":"https:\/\/www.abagrigliati.it\/de\/wp-json\/wp\/v2\/types\/product"}],"replies":[{"embeddable":true,"href":"https:\/\/www.abagrigliati.it\/de\/wp-json\/wp\/v2\/comments?post=3139"}],"wp:featuredmedia":[{"embeddable":true,"href":"https:\/\/www.abagrigliati.it\/de\/wp-json\/wp\/v2\/media\/3147"}],"wp:attachment":[{"href":"https:\/\/www.abagrigliati.it\/de\/wp-json\/wp\/v2\/media?parent=3139"}],"wp:term":[{"taxonomy":"product_brand","embeddable":true,"href":"https:\/\/www.abagrigliati.it\/de\/wp-json\/wp\/v2\/product_brand?post=3139"},{"taxonomy":"product_cat","embeddable":true,"href":"https:\/\/www.abagrigliati.it\/de\/wp-json\/wp\/v2\/product_cat?post=3139"},{"taxonomy":"product_tag","embeddable":true,"href":"https:\/\/www.abagrigliati.it\/de\/wp-json\/wp\/v2\/product_tag?post=3139"}],"curies":[{"name":"wp","href":"https:\/\/api.w.org\/{rel}","templated":true}]}}