{"id":549,"date":"2021-11-10T08:08:43","date_gmt":"2021-11-10T07:08:43","guid":{"rendered":"https:\/\/www.abagrigliati.it\/de\/?post_type=product&#038;p=549"},"modified":"2023-10-16T11:20:19","modified_gmt":"2023-10-16T09:20:19","slug":"profil-gp","status":"publish","type":"product","link":"https:\/\/www.abagrigliati.it\/de\/produkt\/profil-gp\/","title":{"rendered":"Profil GP"},"content":{"rendered":"<p>PROFILE MIT GELOCHTER OBERFL\u00c4CHE H58 P40 &#8211; P50<\/p>\n<p><strong>Verf\u00fcgbare Gr\u00f6\u00dfen: b x h x St\u00e4rke (mm)<\/strong><\/p>\n<ul class=\"number_sec\">\n<li>125x58x1.2<br \/>\n200x58x1.2<br \/>\n250x58x1.2<\/li>\n<li>125x58x1.5<br \/>\n150x58x1.5<br \/>\n200x58x1.5<br \/>\n250x58x1.5<\/li>\n<li>125x58x2.0<br \/>\n150x58x2.0<br \/>\n200x58x2.0<br \/>\n250x58x2.0<\/li>\n<\/ul>\n<p><strong>L\u00e4nge (mm):<\/strong><\/p>\n<p>600 bis 12000<br \/>\n<strong>Zwischengr\u00f6\u00dfen:<\/strong><br \/>\nSchnitt im Abstand von 50 mm<\/p>\n<div class=\"border_bottom_sec\"><strong>Material:<\/strong>Rohstahl St\u00e4rke 2,0, Sendzimirverzinkter Stahl, Feuerverzinkter Stahl St\u00e4rke 2,0, Cortenstahl St\u00e4rke 2,0 (Breite 200 &#8211; 250), Edelstahl AISI 304 oder 316 St\u00e4rke 1,5 (Breite 200 &#8211; 250)<\/div>\n<div class=\"border_bottom_sec\">\n<p><strong>Eigenschaften:<\/strong>Hohe strukturelle Festigkeit; F\u00fcr Plattformen und Laufstege geeignet; Gelochte Oberfl\u00e4che 50%; Rutschhemmungsklasse<\/p>\n<p><img decoding=\"async\" class=\"alignnone size-medium wp-image-4115\" src=\"https:\/\/www.abagrigliati.it\/de\/wp-content\/uploads\/sites\/3\/2021\/11\/r9-de-300x76.png\" alt=\"\" width=\"300\" height=\"76\" srcset=\"https:\/\/www.abagrigliati.it\/de\/wp-content\/uploads\/sites\/3\/2021\/11\/r9-de-300x76.png 300w, https:\/\/www.abagrigliati.it\/de\/wp-content\/uploads\/sites\/3\/2021\/11\/r9-de-1024x259.png 1024w, https:\/\/www.abagrigliati.it\/de\/wp-content\/uploads\/sites\/3\/2021\/11\/r9-de-768x194.png 768w, https:\/\/www.abagrigliati.it\/de\/wp-content\/uploads\/sites\/3\/2021\/11\/r9-de-600x152.png 600w, https:\/\/www.abagrigliati.it\/de\/wp-content\/uploads\/sites\/3\/2021\/11\/r9-de.png 1386w\" sizes=\"(max-width: 300px) 100vw, 300px\" \/><\/p>\n<p>&nbsp;<\/p>\n<\/div>\n","protected":false},"excerpt":{"rendered":"<p>PROFILE MIT GELOCHTER OBERFL\u00c4CHE H58 P40 &#8211; P50 Verf\u00fcgbare Gr\u00f6\u00dfen: b x h x St\u00e4rke (mm) 125x58x1.2 200x58x1.2 250x58x1.2 125x58x1.5 150x58x1.5 200x58x1.5 250x58x1.5 125x58x2.0 150x58x2.0 200x58x2.0 250x58x2.0 L\u00e4nge (mm): 600 bis 12000 Zwischengr\u00f6\u00dfen: Schnitt im Abstand von 50 mm Material:Rohstahl St\u00e4rke 2,0, Sendzimirverzinkter Stahl, Feuerverzinkter Stahl St\u00e4rke 2,0, Cortenstahl St\u00e4rke 2,0 (Breite 200 &#8211; 250),&hellip; <a class=\"more-link\" href=\"https:\/\/www.abagrigliati.it\/de\/produkt\/profil-gp\/\"><span class=\"screen-reader-text\">Profil GP<\/span> weiterlesen<\/a><\/p>\n","protected":false},"featured_media":2342,"comment_status":"open","ping_status":"closed","template":"","meta":{"_acf_changed":false},"product_brand":[],"product_cat":[20,47,67,68],"product_tag":[],"class_list":{"0":"post-549","1":"product","2":"type-product","3":"status-publish","4":"has-post-thumbnail","6":"product_cat-bodenbelaege","7":"product_cat-profile-mit-gelochter-oberflaeche-p50","8":"product_cat-industrie-und-anlagenbau","9":"product_cat-lagerung-und-aufbewahrung","10":"entry","12":"first","13":"instock","14":"shipping-taxable","15":"product-type-simple"},"acf":[],"yoast_head":"<!-- This site is optimized with the Yoast SEO plugin v27.3 - https:\/\/yoast.com\/product\/yoast-seo-wordpress\/ -->\n<title>Profil GP - Abagrigliati DE<\/title>\n<meta name=\"robots\" content=\"index, follow, max-snippet:-1, max-image-preview:large, max-video-preview:-1\" \/>\n<link rel=\"canonical\" href=\"https:\/\/www.abagrigliati.it\/de\/produkt\/profil-gp\/\" \/>\n<meta property=\"og:locale\" content=\"de_DE\" \/>\n<meta property=\"og:type\" content=\"article\" \/>\n<meta property=\"og:title\" content=\"Profil GP - Abagrigliati DE\" \/>\n<meta property=\"og:description\" content=\"PROFILE MIT GELOCHTER OBERFL\u00c4CHE H58 P40 &#8211; P50 Verf\u00fcgbare Gr\u00f6\u00dfen: b x h x St\u00e4rke (mm) 125x58x1.2 200x58x1.2 250x58x1.2 125x58x1.5 150x58x1.5 200x58x1.5 250x58x1.5 125x58x2.0 150x58x2.0 200x58x2.0 250x58x2.0 L\u00e4nge (mm): 600 bis 12000 Zwischengr\u00f6\u00dfen: Schnitt im Abstand von 50 mm Material:Rohstahl St\u00e4rke 2,0, Sendzimirverzinkter Stahl, Feuerverzinkter Stahl St\u00e4rke 2,0, Cortenstahl St\u00e4rke 2,0 (Breite 200 &#8211; 250),&hellip; Profil GP weiterlesen\" \/>\n<meta property=\"og:url\" content=\"https:\/\/www.abagrigliati.it\/de\/produkt\/profil-gp\/\" \/>\n<meta property=\"og:site_name\" content=\"Abagrigliati DE\" \/>\n<meta property=\"article:modified_time\" content=\"2023-10-16T09:20:19+00:00\" \/>\n<meta property=\"og:image\" content=\"https:\/\/www.abagrigliati.it\/de\/wp-content\/uploads\/sites\/3\/2021\/11\/Profilo-GP.jpg\" \/>\n\t<meta property=\"og:image:width\" content=\"1000\" \/>\n\t<meta property=\"og:image:height\" content=\"1000\" \/>\n\t<meta property=\"og:image:type\" content=\"image\/jpeg\" \/>\n<meta name=\"twitter:card\" content=\"summary_large_image\" \/>\n<meta name=\"twitter:label1\" content=\"Gesch\u00e4tzte Lesezeit\" \/>\n\t<meta name=\"twitter:data1\" content=\"1\u00a0Minute\" \/>\n<script type=\"application\/ld+json\" class=\"yoast-schema-graph\">{\"@context\":\"https:\\\/\\\/schema.org\",\"@graph\":[{\"@type\":\"WebPage\",\"@id\":\"https:\\\/\\\/www.abagrigliati.it\\\/de\\\/produkt\\\/profil-gp\\\/\",\"url\":\"https:\\\/\\\/www.abagrigliati.it\\\/de\\\/produkt\\\/profil-gp\\\/\",\"name\":\"Profil GP - Abagrigliati DE\",\"isPartOf\":{\"@id\":\"https:\\\/\\\/www.abagrigliati.it\\\/de\\\/#website\"},\"primaryImageOfPage\":{\"@id\":\"https:\\\/\\\/www.abagrigliati.it\\\/de\\\/produkt\\\/profil-gp\\\/#primaryimage\"},\"image\":{\"@id\":\"https:\\\/\\\/www.abagrigliati.it\\\/de\\\/produkt\\\/profil-gp\\\/#primaryimage\"},\"thumbnailUrl\":\"https:\\\/\\\/www.abagrigliati.it\\\/de\\\/wp-content\\\/uploads\\\/sites\\\/3\\\/2021\\\/11\\\/Profilo-GP.jpg\",\"datePublished\":\"2021-11-10T07:08:43+00:00\",\"dateModified\":\"2023-10-16T09:20:19+00:00\",\"breadcrumb\":{\"@id\":\"https:\\\/\\\/www.abagrigliati.it\\\/de\\\/produkt\\\/profil-gp\\\/#breadcrumb\"},\"inLanguage\":\"de\",\"potentialAction\":[{\"@type\":\"ReadAction\",\"target\":[\"https:\\\/\\\/www.abagrigliati.it\\\/de\\\/produkt\\\/profil-gp\\\/\"]}]},{\"@type\":\"ImageObject\",\"inLanguage\":\"de\",\"@id\":\"https:\\\/\\\/www.abagrigliati.it\\\/de\\\/produkt\\\/profil-gp\\\/#primaryimage\",\"url\":\"https:\\\/\\\/www.abagrigliati.it\\\/de\\\/wp-content\\\/uploads\\\/sites\\\/3\\\/2021\\\/11\\\/Profilo-GP.jpg\",\"contentUrl\":\"https:\\\/\\\/www.abagrigliati.it\\\/de\\\/wp-content\\\/uploads\\\/sites\\\/3\\\/2021\\\/11\\\/Profilo-GP.jpg\",\"width\":1000,\"height\":1000},{\"@type\":\"BreadcrumbList\",\"@id\":\"https:\\\/\\\/www.abagrigliati.it\\\/de\\\/produkt\\\/profil-gp\\\/#breadcrumb\",\"itemListElement\":[{\"@type\":\"ListItem\",\"position\":1,\"name\":\"Home\",\"item\":\"https:\\\/\\\/www.abagrigliati.it\\\/de\\\/\"},{\"@type\":\"ListItem\",\"position\":2,\"name\":\"Shop\",\"item\":\"https:\\\/\\\/www.abagrigliati.it\\\/de\\\/negozio\\\/\"},{\"@type\":\"ListItem\",\"position\":3,\"name\":\"Profil GP\"}]},{\"@type\":\"WebSite\",\"@id\":\"https:\\\/\\\/www.abagrigliati.it\\\/de\\\/#website\",\"url\":\"https:\\\/\\\/www.abagrigliati.it\\\/de\\\/\",\"name\":\"Abagrigliati DE\",\"description\":\"\",\"publisher\":{\"@id\":\"https:\\\/\\\/www.abagrigliati.it\\\/de\\\/#organization\"},\"potentialAction\":[{\"@type\":\"SearchAction\",\"target\":{\"@type\":\"EntryPoint\",\"urlTemplate\":\"https:\\\/\\\/www.abagrigliati.it\\\/de\\\/?s={search_term_string}\"},\"query-input\":{\"@type\":\"PropertyValueSpecification\",\"valueRequired\":true,\"valueName\":\"search_term_string\"}}],\"inLanguage\":\"de\"},{\"@type\":\"Organization\",\"@id\":\"https:\\\/\\\/www.abagrigliati.it\\\/de\\\/#organization\",\"name\":\"Abagrigliati DE\",\"url\":\"https:\\\/\\\/www.abagrigliati.it\\\/de\\\/\",\"logo\":{\"@type\":\"ImageObject\",\"inLanguage\":\"de\",\"@id\":\"https:\\\/\\\/www.abagrigliati.it\\\/de\\\/#\\\/schema\\\/logo\\\/image\\\/\",\"url\":\"https:\\\/\\\/www.abagrigliati.it\\\/de\\\/wp-content\\\/uploads\\\/sites\\\/3\\\/2022\\\/01\\\/LogoABAGriglaiti.svg\",\"contentUrl\":\"https:\\\/\\\/www.abagrigliati.it\\\/de\\\/wp-content\\\/uploads\\\/sites\\\/3\\\/2022\\\/01\\\/LogoABAGriglaiti.svg\",\"width\":223,\"height\":50,\"caption\":\"Abagrigliati DE\"},\"image\":{\"@id\":\"https:\\\/\\\/www.abagrigliati.it\\\/de\\\/#\\\/schema\\\/logo\\\/image\\\/\"}}]}<\/script>\n<!-- \/ Yoast SEO plugin. -->","yoast_head_json":{"title":"Profil GP - Abagrigliati DE","robots":{"index":"index","follow":"follow","max-snippet":"max-snippet:-1","max-image-preview":"max-image-preview:large","max-video-preview":"max-video-preview:-1"},"canonical":"https:\/\/www.abagrigliati.it\/de\/produkt\/profil-gp\/","og_locale":"de_DE","og_type":"article","og_title":"Profil GP - Abagrigliati DE","og_description":"PROFILE MIT GELOCHTER OBERFL\u00c4CHE H58 P40 &#8211; P50 Verf\u00fcgbare Gr\u00f6\u00dfen: b x h x St\u00e4rke (mm) 125x58x1.2 200x58x1.2 250x58x1.2 125x58x1.5 150x58x1.5 200x58x1.5 250x58x1.5 125x58x2.0 150x58x2.0 200x58x2.0 250x58x2.0 L\u00e4nge (mm): 600 bis 12000 Zwischengr\u00f6\u00dfen: Schnitt im Abstand von 50 mm Material:Rohstahl St\u00e4rke 2,0, Sendzimirverzinkter Stahl, Feuerverzinkter Stahl St\u00e4rke 2,0, Cortenstahl St\u00e4rke 2,0 (Breite 200 &#8211; 250),&hellip; Profil GP weiterlesen","og_url":"https:\/\/www.abagrigliati.it\/de\/produkt\/profil-gp\/","og_site_name":"Abagrigliati DE","article_modified_time":"2023-10-16T09:20:19+00:00","og_image":[{"width":1000,"height":1000,"url":"https:\/\/www.abagrigliati.it\/de\/wp-content\/uploads\/sites\/3\/2021\/11\/Profilo-GP.jpg","type":"image\/jpeg"}],"twitter_card":"summary_large_image","twitter_misc":{"Gesch\u00e4tzte Lesezeit":"1\u00a0Minute"},"schema":{"@context":"https:\/\/schema.org","@graph":[{"@type":"WebPage","@id":"https:\/\/www.abagrigliati.it\/de\/produkt\/profil-gp\/","url":"https:\/\/www.abagrigliati.it\/de\/produkt\/profil-gp\/","name":"Profil GP - Abagrigliati DE","isPartOf":{"@id":"https:\/\/www.abagrigliati.it\/de\/#website"},"primaryImageOfPage":{"@id":"https:\/\/www.abagrigliati.it\/de\/produkt\/profil-gp\/#primaryimage"},"image":{"@id":"https:\/\/www.abagrigliati.it\/de\/produkt\/profil-gp\/#primaryimage"},"thumbnailUrl":"https:\/\/www.abagrigliati.it\/de\/wp-content\/uploads\/sites\/3\/2021\/11\/Profilo-GP.jpg","datePublished":"2021-11-10T07:08:43+00:00","dateModified":"2023-10-16T09:20:19+00:00","breadcrumb":{"@id":"https:\/\/www.abagrigliati.it\/de\/produkt\/profil-gp\/#breadcrumb"},"inLanguage":"de","potentialAction":[{"@type":"ReadAction","target":["https:\/\/www.abagrigliati.it\/de\/produkt\/profil-gp\/"]}]},{"@type":"ImageObject","inLanguage":"de","@id":"https:\/\/www.abagrigliati.it\/de\/produkt\/profil-gp\/#primaryimage","url":"https:\/\/www.abagrigliati.it\/de\/wp-content\/uploads\/sites\/3\/2021\/11\/Profilo-GP.jpg","contentUrl":"https:\/\/www.abagrigliati.it\/de\/wp-content\/uploads\/sites\/3\/2021\/11\/Profilo-GP.jpg","width":1000,"height":1000},{"@type":"BreadcrumbList","@id":"https:\/\/www.abagrigliati.it\/de\/produkt\/profil-gp\/#breadcrumb","itemListElement":[{"@type":"ListItem","position":1,"name":"Home","item":"https:\/\/www.abagrigliati.it\/de\/"},{"@type":"ListItem","position":2,"name":"Shop","item":"https:\/\/www.abagrigliati.it\/de\/negozio\/"},{"@type":"ListItem","position":3,"name":"Profil GP"}]},{"@type":"WebSite","@id":"https:\/\/www.abagrigliati.it\/de\/#website","url":"https:\/\/www.abagrigliati.it\/de\/","name":"Abagrigliati DE","description":"","publisher":{"@id":"https:\/\/www.abagrigliati.it\/de\/#organization"},"potentialAction":[{"@type":"SearchAction","target":{"@type":"EntryPoint","urlTemplate":"https:\/\/www.abagrigliati.it\/de\/?s={search_term_string}"},"query-input":{"@type":"PropertyValueSpecification","valueRequired":true,"valueName":"search_term_string"}}],"inLanguage":"de"},{"@type":"Organization","@id":"https:\/\/www.abagrigliati.it\/de\/#organization","name":"Abagrigliati DE","url":"https:\/\/www.abagrigliati.it\/de\/","logo":{"@type":"ImageObject","inLanguage":"de","@id":"https:\/\/www.abagrigliati.it\/de\/#\/schema\/logo\/image\/","url":"https:\/\/www.abagrigliati.it\/de\/wp-content\/uploads\/sites\/3\/2022\/01\/LogoABAGriglaiti.svg","contentUrl":"https:\/\/www.abagrigliati.it\/de\/wp-content\/uploads\/sites\/3\/2022\/01\/LogoABAGriglaiti.svg","width":223,"height":50,"caption":"Abagrigliati DE"},"image":{"@id":"https:\/\/www.abagrigliati.it\/de\/#\/schema\/logo\/image\/"}}]}},"_links":{"self":[{"href":"https:\/\/www.abagrigliati.it\/de\/wp-json\/wp\/v2\/product\/549","targetHints":{"allow":["GET"]}}],"collection":[{"href":"https:\/\/www.abagrigliati.it\/de\/wp-json\/wp\/v2\/product"}],"about":[{"href":"https:\/\/www.abagrigliati.it\/de\/wp-json\/wp\/v2\/types\/product"}],"replies":[{"embeddable":true,"href":"https:\/\/www.abagrigliati.it\/de\/wp-json\/wp\/v2\/comments?post=549"}],"wp:featuredmedia":[{"embeddable":true,"href":"https:\/\/www.abagrigliati.it\/de\/wp-json\/wp\/v2\/media\/2342"}],"wp:attachment":[{"href":"https:\/\/www.abagrigliati.it\/de\/wp-json\/wp\/v2\/media?parent=549"}],"wp:term":[{"taxonomy":"product_brand","embeddable":true,"href":"https:\/\/www.abagrigliati.it\/de\/wp-json\/wp\/v2\/product_brand?post=549"},{"taxonomy":"product_cat","embeddable":true,"href":"https:\/\/www.abagrigliati.it\/de\/wp-json\/wp\/v2\/product_cat?post=549"},{"taxonomy":"product_tag","embeddable":true,"href":"https:\/\/www.abagrigliati.it\/de\/wp-json\/wp\/v2\/product_tag?post=549"}],"curies":[{"name":"wp","href":"https:\/\/api.w.org\/{rel}","templated":true}]}}