{"id":48,"date":"2021-11-08T11:16:35","date_gmt":"2021-11-08T10:16:35","guid":{"rendered":"https:\/\/www.abagrigliati.it\/es\/?page_id=48"},"modified":"2024-05-17T14:23:17","modified_gmt":"2024-05-17T12:23:17","slug":"aplicaciones","status":"publish","type":"page","link":"https:\/\/www.abagrigliati.it\/es\/aplicaciones\/","title":{"rendered":"Aplicaciones"},"content":{"rendered":"\t\t<div data-elementor-type=\"wp-page\" data-elementor-id=\"48\" class=\"elementor elementor-48\" data-elementor-post-type=\"page\">\n\t\t\t\t\t\t<section class=\"elementor-section elementor-top-section elementor-element elementor-element-e0d4b2d elementor-section-boxed elementor-section-height-default elementor-section-height-default\" data-id=\"e0d4b2d\" data-element_type=\"section\" data-e-type=\"section\">\n\t\t\t\t\t\t<div class=\"elementor-container elementor-column-gap-default\">\n\t\t\t\t\t<div class=\"elementor-column elementor-col-100 elementor-top-column elementor-element elementor-element-524e6e8\" data-id=\"524e6e8\" data-element_type=\"column\" data-e-type=\"column\">\n\t\t\t<div class=\"elementor-widget-wrap elementor-element-populated\">\n\t\t\t\t\t\t<div class=\"elementor-element elementor-element-7776398 cont_sec_inner elementor-widget elementor-widget-heading\" data-id=\"7776398\" data-element_type=\"widget\" data-e-type=\"widget\" data-widget_type=\"heading.default\">\n\t\t\t\t<div class=\"elementor-widget-container\">\n\t\t\t\t\t<h1 class=\"elementor-heading-title elementor-size-default\">Los sectores de aplicaci\u00f3n de las rejillas met\u00e1licas<\/h1>\t\t\t\t<\/div>\n\t\t\t\t<\/div>\n\t\t\t\t<div class=\"elementor-element elementor-element-fb8cd7b cont_sec_inner elementor-widget elementor-widget-text-editor\" data-id=\"fb8cd7b\" data-element_type=\"widget\" data-e-type=\"widget\" data-widget_type=\"text-editor.default\">\n\t\t\t\t<div class=\"elementor-widget-container\">\n\t\t\t\t\t\t\t\t\t<p><span style=\"font-weight: 400\"><strong>Estructuras met\u00e1licas excelentes<\/strong> en m\u00faltiples contextos gracias a su configuraci\u00f3n, que combina resistencia mec\u00e1nica y gran versatilidad. Estas caracter\u00edsticas las hacen particularmente adecuadas para <strong>aplicaciones en diversos sectores industriales<\/strong>, caracterizados por diferentes necesidades. Son esenciales en entornos donde la durabilidad y la funcionalidad son cr\u00edticas; estas soluciones encuentran aplicaci\u00f3n en numerosos \u00e1mbitos, garantizando un rendimiento confiable y una larga duraci\u00f3n.<\/span><\/p>\t\t\t\t\t\t\t\t<\/div>\n\t\t\t\t<\/div>\n\t\t\t\t<div class=\"elementor-element elementor-element-fb05dfe elementor-widget elementor-widget-heading\" data-id=\"fb05dfe\" data-element_type=\"widget\" data-e-type=\"widget\" data-widget_type=\"heading.default\">\n\t\t\t\t<div class=\"elementor-widget-container\">\n\t\t\t\t\t<h2 class=\"elementor-heading-title elementor-size-default\">Para qu\u00e9 se utilizan las rejillas met\u00e1licas<\/h2>\t\t\t\t<\/div>\n\t\t\t\t<\/div>\n\t\t\t\t\t<\/div>\n\t\t<\/div>\n\t\t\t\t\t<\/div>\n\t\t<\/section>\n\t\t\t\t<section class=\"elementor-section elementor-top-section elementor-element elementor-element-13fa083 elementor-section-boxed elementor-section-height-default elementor-section-height-default\" data-id=\"13fa083\" data-element_type=\"section\" data-e-type=\"section\">\n\t\t\t\t\t\t<div class=\"elementor-container elementor-column-gap-default\">\n\t\t\t\t\t<div class=\"elementor-column elementor-col-50 elementor-top-column elementor-element elementor-element-c56010b\" data-id=\"c56010b\" data-element_type=\"column\" data-e-type=\"column\">\n\t\t\t<div class=\"elementor-widget-wrap elementor-element-populated\">\n\t\t\t\t\t\t<div class=\"elementor-element elementor-element-11df8f8 elementor-widget elementor-widget-image\" data-id=\"11df8f8\" data-element_type=\"widget\" data-e-type=\"widget\" data-widget_type=\"image.default\">\n\t\t\t\t<div class=\"elementor-widget-container\">\n\t\t\t\t\t\t\t\t\t\t\t\t\t\t\t\t<a href=\"https:\/\/www.abagrigliati.it\/es\/industria-y-instalaciones\/\">\n\t\t\t\t\t\t\t<img decoding=\"async\" src=\"https:\/\/www.abagrigliati.it\/es\/wp-content\/uploads\/sites\/5\/2021\/12\/01-industria-soppalchi.jpg\" title=\"01-industria-soppalchi\" alt=\"01-industria-soppalchi\" class=\"elementor-animation-shrink\" loading=\"lazy\" \/>\t\t\t\t\t\t\t\t<\/a>\n\t\t\t\t\t\t\t\t\t\t\t\t\t\t\t<\/div>\n\t\t\t\t<\/div>\n\t\t\t\t<div class=\"elementor-element elementor-element-a53e9ae elementor-widget elementor-widget-heading\" data-id=\"a53e9ae\" data-element_type=\"widget\" data-e-type=\"widget\" data-widget_type=\"heading.default\">\n\t\t\t\t<div class=\"elementor-widget-container\">\n\t\t\t\t\t<div class=\"elementor-heading-title elementor-size-default\"><a href=\"https:\/\/www.abagrigliati.it\/es\/industria-y-instalaciones\/\">Industria e Instalaciones<\/a><\/div>\t\t\t\t<\/div>\n\t\t\t\t<\/div>\n\t\t\t\t<div class=\"elementor-element elementor-element-1376dce elementor-widget elementor-widget-spacer\" data-id=\"1376dce\" data-element_type=\"widget\" data-e-type=\"widget\" data-widget_type=\"spacer.default\">\n\t\t\t\t<div class=\"elementor-widget-container\">\n\t\t\t\t\t\t\t<div class=\"elementor-spacer\">\n\t\t\t<div class=\"elementor-spacer-inner\"><\/div>\n\t\t<\/div>\n\t\t\t\t\t\t<\/div>\n\t\t\t\t<\/div>\n\t\t\t\t<div class=\"elementor-element elementor-element-8535b46 elementor-widget elementor-widget-text-editor\" data-id=\"8535b46\" data-element_type=\"widget\" data-e-type=\"widget\" data-widget_type=\"text-editor.default\">\n\t\t\t\t<div class=\"elementor-widget-container\">\n\t\t\t\t\t\t\t\t\t<p><span style=\"font-weight: 400\">En contextos industriales, las rejillas met\u00e1licas son fundamentales para <strong>pavimentos<\/strong>, <strong>escalones<\/strong>, protecciones para maquinaria y la construcci\u00f3n de plataformas. Su robustez y resistencia aseguran seguridad y eficiencia, siendo ideales para \u00e1reas industriales e instalaciones complejas.<\/span><\/p>\t\t\t\t\t\t\t\t<\/div>\n\t\t\t\t<\/div>\n\t\t\t\t<div class=\"elementor-element elementor-element-c2092ca elementor-widget elementor-widget-spacer\" data-id=\"c2092ca\" data-element_type=\"widget\" data-e-type=\"widget\" data-widget_type=\"spacer.default\">\n\t\t\t\t<div class=\"elementor-widget-container\">\n\t\t\t\t\t\t\t<div class=\"elementor-spacer\">\n\t\t\t<div class=\"elementor-spacer-inner\"><\/div>\n\t\t<\/div>\n\t\t\t\t\t\t<\/div>\n\t\t\t\t<\/div>\n\t\t\t\t\t<\/div>\n\t\t<\/div>\n\t\t\t\t<div class=\"elementor-column elementor-col-50 elementor-top-column elementor-element elementor-element-0667569\" data-id=\"0667569\" data-element_type=\"column\" data-e-type=\"column\">\n\t\t\t<div class=\"elementor-widget-wrap elementor-element-populated\">\n\t\t\t\t\t\t<div class=\"elementor-element elementor-element-a0ec81f elementor-widget elementor-widget-image\" data-id=\"a0ec81f\" data-element_type=\"widget\" data-e-type=\"widget\" data-widget_type=\"image.default\">\n\t\t\t\t<div class=\"elementor-widget-container\">\n\t\t\t\t\t\t\t\t\t\t\t\t\t\t\t\t<a href=\"https:\/\/www.abagrigliati.it\/es\/civil-y-carpinteria\/\">\n\t\t\t\t\t\t\t<img decoding=\"async\" src=\"https:\/\/www.abagrigliati.it\/es\/wp-content\/uploads\/sites\/5\/elementor\/thumbs\/04-civile-gallery-psf4miq4evwe1e06mlorixpvghnchnxv7u5jojj2cg.jpg\" title=\"04-civile-gallery\" alt=\"04-civile-gallery\" loading=\"lazy\" \/>\t\t\t\t\t\t\t\t<\/a>\n\t\t\t\t\t\t\t\t\t\t\t\t\t\t\t<\/div>\n\t\t\t\t<\/div>\n\t\t\t\t<div class=\"elementor-element elementor-element-080bed5 elementor-widget elementor-widget-heading\" data-id=\"080bed5\" data-element_type=\"widget\" data-e-type=\"widget\" data-widget_type=\"heading.default\">\n\t\t\t\t<div class=\"elementor-widget-container\">\n\t\t\t\t\t<div class=\"elementor-heading-title elementor-size-default\"><a href=\"https:\/\/www.abagrigliati.it\/es\/civil-y-carpinteria\/\">Civil y Carpinter\u00eda<\/a><\/div>\t\t\t\t<\/div>\n\t\t\t\t<\/div>\n\t\t\t\t<div class=\"elementor-element elementor-element-c38f087 elementor-widget elementor-widget-spacer\" data-id=\"c38f087\" data-element_type=\"widget\" data-e-type=\"widget\" data-widget_type=\"spacer.default\">\n\t\t\t\t<div class=\"elementor-widget-container\">\n\t\t\t\t\t\t\t<div class=\"elementor-spacer\">\n\t\t\t<div class=\"elementor-spacer-inner\"><\/div>\n\t\t<\/div>\n\t\t\t\t\t\t<\/div>\n\t\t\t\t<\/div>\n\t\t\t\t<div class=\"elementor-element elementor-element-b212783 elementor-widget elementor-widget-text-editor\" data-id=\"b212783\" data-element_type=\"widget\" data-e-type=\"widget\" data-widget_type=\"text-editor.default\">\n\t\t\t\t<div class=\"elementor-widget-container\">\n\t\t\t\t\t\t\t\t\t<p><span style=\"font-weight: 400\">En el sector civil y la carpinter\u00eda, las rejillas met\u00e1licas se utilizan para cercas, <strong>pasarelas y barandillas<\/strong>, combinando seguridad y est\u00e9tica. Ofrecen soluciones duraderas y de bajo mantenimiento, utilizando diferentes materiales, ideales para espacios exteriores expuestos a los agentes atmosf\u00e9ricos.<\/span><\/p>\t\t\t\t\t\t\t\t<\/div>\n\t\t\t\t<\/div>\n\t\t\t\t<div class=\"elementor-element elementor-element-f5da5b1 elementor-widget elementor-widget-spacer\" data-id=\"f5da5b1\" data-element_type=\"widget\" data-e-type=\"widget\" data-widget_type=\"spacer.default\">\n\t\t\t\t<div class=\"elementor-widget-container\">\n\t\t\t\t\t\t\t<div class=\"elementor-spacer\">\n\t\t\t<div class=\"elementor-spacer-inner\"><\/div>\n\t\t<\/div>\n\t\t\t\t\t\t<\/div>\n\t\t\t\t<\/div>\n\t\t\t\t\t<\/div>\n\t\t<\/div>\n\t\t\t\t\t<\/div>\n\t\t<\/section>\n\t\t\t\t<section class=\"elementor-section elementor-top-section elementor-element elementor-element-c34a9f6 elementor-section-boxed elementor-section-height-default elementor-section-height-default\" data-id=\"c34a9f6\" data-element_type=\"section\" data-e-type=\"section\">\n\t\t\t\t\t\t<div class=\"elementor-container elementor-column-gap-default\">\n\t\t\t\t\t<div class=\"elementor-column elementor-col-50 elementor-top-column elementor-element elementor-element-c6856eb\" data-id=\"c6856eb\" data-element_type=\"column\" data-e-type=\"column\">\n\t\t\t<div class=\"elementor-widget-wrap elementor-element-populated\">\n\t\t\t\t\t\t<div class=\"elementor-element elementor-element-f4d7b36 elementor-widget elementor-widget-image\" data-id=\"f4d7b36\" data-element_type=\"widget\" data-e-type=\"widget\" data-widget_type=\"image.default\">\n\t\t\t\t<div class=\"elementor-widget-container\">\n\t\t\t\t\t\t\t\t\t\t\t\t\t\t\t\t<a href=\"https:\/\/www.abagrigliati.it\/es\/agricultura-y-transporte\/\">\n\t\t\t\t\t\t\t<img decoding=\"async\" src=\"https:\/\/www.abagrigliati.it\/es\/wp-content\/uploads\/sites\/5\/elementor\/thumbs\/2-qcos9al7n4m6c4qgpxp44smobq7n7vg09ep8uvf9nk.jpg\" title=\"2\" alt=\"2\" loading=\"lazy\" \/>\t\t\t\t\t\t\t\t<\/a>\n\t\t\t\t\t\t\t\t\t\t\t\t\t\t\t<\/div>\n\t\t\t\t<\/div>\n\t\t\t\t<div class=\"elementor-element elementor-element-8cad2d7 elementor-widget elementor-widget-heading\" data-id=\"8cad2d7\" data-element_type=\"widget\" data-e-type=\"widget\" data-widget_type=\"heading.default\">\n\t\t\t\t<div class=\"elementor-widget-container\">\n\t\t\t\t\t<div class=\"elementor-heading-title elementor-size-default\"><a href=\"https:\/\/www.abagrigliati.it\/es\/agricultura-y-transporte\/\">Agricultura y Transporte<\/a><\/div>\t\t\t\t<\/div>\n\t\t\t\t<\/div>\n\t\t\t\t<div class=\"elementor-element elementor-element-600bfc1 elementor-widget elementor-widget-spacer\" data-id=\"600bfc1\" data-element_type=\"widget\" data-e-type=\"widget\" data-widget_type=\"spacer.default\">\n\t\t\t\t<div class=\"elementor-widget-container\">\n\t\t\t\t\t\t\t<div class=\"elementor-spacer\">\n\t\t\t<div class=\"elementor-spacer-inner\"><\/div>\n\t\t<\/div>\n\t\t\t\t\t\t<\/div>\n\t\t\t\t<\/div>\n\t\t\t\t<div class=\"elementor-element elementor-element-17033ed elementor-widget elementor-widget-text-editor\" data-id=\"17033ed\" data-element_type=\"widget\" data-e-type=\"widget\" data-widget_type=\"text-editor.default\">\n\t\t\t\t<div class=\"elementor-widget-container\">\n\t\t\t\t\t\t\t\t\t<p><span style=\"font-weight: 400\">En los sectores agr\u00edcola y de transporte, las rejillas met\u00e1licas se emplean para crear <strong>pavimentos robustos en almacenes<\/strong> y <strong>escaleras<\/strong> <strong>para silos<\/strong>, adem\u00e1s de rampas de carga, facilitando el transporte y el almacenamiento de los productos. Resisten las inclemencias del tiempo y garantizan una ventilaci\u00f3n \u00f3ptima, elementos cruciales en estos entornos.<\/span><\/p>\t\t\t\t\t\t\t\t<\/div>\n\t\t\t\t<\/div>\n\t\t\t\t<div class=\"elementor-element elementor-element-9777f5c elementor-widget elementor-widget-spacer\" data-id=\"9777f5c\" data-element_type=\"widget\" data-e-type=\"widget\" data-widget_type=\"spacer.default\">\n\t\t\t\t<div class=\"elementor-widget-container\">\n\t\t\t\t\t\t\t<div class=\"elementor-spacer\">\n\t\t\t<div class=\"elementor-spacer-inner\"><\/div>\n\t\t<\/div>\n\t\t\t\t\t\t<\/div>\n\t\t\t\t<\/div>\n\t\t\t\t\t<\/div>\n\t\t<\/div>\n\t\t\t\t<div class=\"elementor-column elementor-col-50 elementor-top-column elementor-element elementor-element-d507f5e\" data-id=\"d507f5e\" data-element_type=\"column\" data-e-type=\"column\">\n\t\t\t<div class=\"elementor-widget-wrap elementor-element-populated\">\n\t\t\t\t\t\t<div class=\"elementor-element elementor-element-6cf58e7 elementor-widget elementor-widget-image\" data-id=\"6cf58e7\" data-element_type=\"widget\" data-e-type=\"widget\" data-widget_type=\"image.default\">\n\t\t\t\t<div class=\"elementor-widget-container\">\n\t\t\t\t\t\t\t\t\t\t\t\t\t\t\t\t<a href=\"https:\/\/www.abagrigliati.it\/es\/almacen-y-deposito\/\">\n\t\t\t\t\t\t\t<img decoding=\"async\" src=\"https:\/\/www.abagrigliati.it\/es\/wp-content\/uploads\/sites\/5\/elementor\/thumbs\/01-Magazzino-scaffalature-psf4mfwludsj2k4a32gvtgfhoc18ukmo7g738pn8v4.jpg\" title=\"01-Magazzino-scaffalature\" alt=\"01-Magazzino-scaffalature\" loading=\"lazy\" \/>\t\t\t\t\t\t\t\t<\/a>\n\t\t\t\t\t\t\t\t\t\t\t\t\t\t\t<\/div>\n\t\t\t\t<\/div>\n\t\t\t\t<div class=\"elementor-element elementor-element-98b3e64 elementor-widget elementor-widget-heading\" data-id=\"98b3e64\" data-element_type=\"widget\" data-e-type=\"widget\" data-widget_type=\"heading.default\">\n\t\t\t\t<div class=\"elementor-widget-container\">\n\t\t\t\t\t<div class=\"elementor-heading-title elementor-size-default\"><a href=\"https:\/\/www.abagrigliati.it\/es\/almacen-y-deposito\/\">Almac\u00e9n y almacenamiento<\/a><\/div>\t\t\t\t<\/div>\n\t\t\t\t<\/div>\n\t\t\t\t<div class=\"elementor-element elementor-element-c8543b9 elementor-widget elementor-widget-spacer\" data-id=\"c8543b9\" data-element_type=\"widget\" data-e-type=\"widget\" data-widget_type=\"spacer.default\">\n\t\t\t\t<div class=\"elementor-widget-container\">\n\t\t\t\t\t\t\t<div class=\"elementor-spacer\">\n\t\t\t<div class=\"elementor-spacer-inner\"><\/div>\n\t\t<\/div>\n\t\t\t\t\t\t<\/div>\n\t\t\t\t<\/div>\n\t\t\t\t<div class=\"elementor-element elementor-element-3df7479 elementor-widget elementor-widget-text-editor\" data-id=\"3df7479\" data-element_type=\"widget\" data-e-type=\"widget\" data-widget_type=\"text-editor.default\">\n\t\t\t\t<div class=\"elementor-widget-container\">\n\t\t\t\t\t\t\t\t\t<p><span style=\"font-weight: 400\">\u00a0Las rejillas met\u00e1licas son esenciales en los almacenes para crear <strong>estanter\u00edas robustas<\/strong> y <strong>pasarelas de acceso<\/strong>. Soportan cargas pesadas, mejoran la seguridad y optimizan el espacio vertical. Su estructura perforada tambi\u00e9n garantiza una mejor ventilaci\u00f3n, previniendo la acumulaci\u00f3n de humedad y moho.<\/span><\/p>\t\t\t\t\t\t\t\t<\/div>\n\t\t\t\t<\/div>\n\t\t\t\t<div class=\"elementor-element elementor-element-6be78ea elementor-widget elementor-widget-spacer\" data-id=\"6be78ea\" data-element_type=\"widget\" data-e-type=\"widget\" data-widget_type=\"spacer.default\">\n\t\t\t\t<div class=\"elementor-widget-container\">\n\t\t\t\t\t\t\t<div class=\"elementor-spacer\">\n\t\t\t<div class=\"elementor-spacer-inner\"><\/div>\n\t\t<\/div>\n\t\t\t\t\t\t<\/div>\n\t\t\t\t<\/div>\n\t\t\t\t\t<\/div>\n\t\t<\/div>\n\t\t\t\t\t<\/div>\n\t\t<\/section>\n\t\t\t\t<section class=\"elementor-section elementor-top-section elementor-element elementor-element-1ce954d elementor-section-boxed elementor-section-height-default elementor-section-height-default\" data-id=\"1ce954d\" data-element_type=\"section\" data-e-type=\"section\">\n\t\t\t\t\t\t<div class=\"elementor-container elementor-column-gap-default\">\n\t\t\t\t\t<div class=\"elementor-column elementor-col-100 elementor-top-column elementor-element elementor-element-46c9d87\" data-id=\"46c9d87\" data-element_type=\"column\" data-e-type=\"column\">\n\t\t\t<div class=\"elementor-widget-wrap elementor-element-populated\">\n\t\t\t\t\t\t<div class=\"elementor-element elementor-element-928a54f elementor-widget elementor-widget-heading\" data-id=\"928a54f\" data-element_type=\"widget\" data-e-type=\"widget\" data-widget_type=\"heading.default\">\n\t\t\t\t<div class=\"elementor-widget-container\">\n\t\t\t\t\t<h2 class=\"elementor-heading-title elementor-size-default\">Rejillas met\u00e1licas: para tr\u00e1fico vehicular y peatonal<\/h2>\t\t\t\t<\/div>\n\t\t\t\t<\/div>\n\t\t\t\t<div class=\"elementor-element elementor-element-c3e0256 elementor-widget elementor-widget-spacer\" data-id=\"c3e0256\" data-element_type=\"widget\" data-e-type=\"widget\" data-widget_type=\"spacer.default\">\n\t\t\t\t<div class=\"elementor-widget-container\">\n\t\t\t\t\t\t\t<div class=\"elementor-spacer\">\n\t\t\t<div class=\"elementor-spacer-inner\"><\/div>\n\t\t<\/div>\n\t\t\t\t\t\t<\/div>\n\t\t\t\t<\/div>\n\t\t\t\t<div class=\"elementor-element elementor-element-a7f4da3 elementor-widget elementor-widget-heading\" data-id=\"a7f4da3\" data-element_type=\"widget\" data-e-type=\"widget\" data-widget_type=\"heading.default\">\n\t\t\t\t<div class=\"elementor-widget-container\">\n\t\t\t\t\t<h3 class=\"elementor-heading-title elementor-size-default\">Rejillas met\u00e1licas para tr\u00e1fico vehicular y peatonal: robustez, resistencia y seguridad\n<\/h3>\t\t\t\t<\/div>\n\t\t\t\t<\/div>\n\t\t\t\t\t<\/div>\n\t\t<\/div>\n\t\t\t\t\t<\/div>\n\t\t<\/section>\n\t\t\t\t<section class=\"elementor-section elementor-top-section elementor-element elementor-element-9a531af elementor-section-boxed elementor-section-height-default elementor-section-height-default\" data-id=\"9a531af\" data-element_type=\"section\" data-e-type=\"section\">\n\t\t\t\t\t\t<div class=\"elementor-container elementor-column-gap-default\">\n\t\t\t\t\t<div class=\"elementor-column elementor-col-100 elementor-top-column elementor-element elementor-element-9348638\" data-id=\"9348638\" data-element_type=\"column\" data-e-type=\"column\">\n\t\t\t<div class=\"elementor-widget-wrap elementor-element-populated\">\n\t\t\t\t\t\t<div class=\"elementor-element elementor-element-9a7c601 cont_sec_inner elementor-widget elementor-widget-text-editor\" data-id=\"9a7c601\" data-element_type=\"widget\" data-e-type=\"widget\" data-widget_type=\"text-editor.default\">\n\t\t\t\t<div class=\"elementor-widget-container\">\n\t\t\t\t\t\t\t\t\t<p><span style=\"font-weight: 400\">Las<strong> rejillas met\u00e1licas<\/strong> para tr\u00e1fico vehicular est\u00e1n dise\u00f1adas para soportar cargas elevadas y solicitaciones constantes, haci\u00e9ndolas ideales para aplicaciones industriales e instalaciones, donde la resistencia mec\u00e1nica es fundamental. Se utilizan a menudo en estacionamientos, <strong>rampas de acceso y \u00e1reas de carga<\/strong>, donde su capacidad para distribuir uniformemente el peso de los veh\u00edculos evita deformaciones y da\u00f1os estructurales. Su superficie est\u00e1 tratada para aumentar la resistencia a la abrasi\u00f3n y mejorar la adherencia, siendo esencial en condiciones de humedad o hielo.<\/span><\/p><p>\u00a0<\/p><p><span style=\"font-weight: 400\">Por otro lado, <strong>la rejilla peatonal<\/strong> est\u00e1 optimizada para las necesidades espec\u00edficas del tr\u00e1fico peatonal. Su estructura est\u00e1 dise\u00f1ada para garantizar una <strong>superficie antideslizante<\/strong> y c\u00f3moda para el paso. Un ejemplo ideal son las <strong>rejillas met\u00e1licas para pasarelas<\/strong>, aceras y cubiertas de canales. A pesar de su ligereza, mantienen una excelente durabilidad y son capaces de resistir condiciones clim\u00e1ticas adversas. Adem\u00e1s, el dise\u00f1o es m\u00e1s cuidado, prestando mayor atenci\u00f3n tambi\u00e9n a los aspectos est\u00e9ticos, dado su frecuente uso e inserci\u00f3n en contextos urbanos y p\u00fablicos.<\/span><\/p>\t\t\t\t\t\t\t\t<\/div>\n\t\t\t\t<\/div>\n\t\t\t\t<div class=\"elementor-element elementor-element-a7ff3df elementor-widget elementor-widget-spacer\" data-id=\"a7ff3df\" data-element_type=\"widget\" data-e-type=\"widget\" data-widget_type=\"spacer.default\">\n\t\t\t\t<div class=\"elementor-widget-container\">\n\t\t\t\t\t\t\t<div class=\"elementor-spacer\">\n\t\t\t<div class=\"elementor-spacer-inner\"><\/div>\n\t\t<\/div>\n\t\t\t\t\t\t<\/div>\n\t\t\t\t<\/div>\n\t\t\t\t\t<\/div>\n\t\t<\/div>\n\t\t\t\t\t<\/div>\n\t\t<\/section>\n\t\t\t\t<\/div>\n\t\t","protected":false},"excerpt":{"rendered":"<p>Los sectores de aplicaci\u00f3n de las rejillas met\u00e1licas Estructuras met\u00e1licas excelentes en m\u00faltiples contextos gracias a su configuraci\u00f3n, que combina resistencia mec\u00e1nica y gran versatilidad. Estas caracter\u00edsticas las hacen particularmente adecuadas para aplicaciones en diversos sectores industriales, caracterizados por diferentes necesidades. Son esenciales en entornos donde la durabilidad y la funcionalidad son cr\u00edticas; estas soluciones&hellip; <a class=\"more-link\" href=\"https:\/\/www.abagrigliati.it\/es\/aplicaciones\/\">Seguir leyendo <span class=\"screen-reader-text\">Aplicaciones<\/span><\/a><\/p>\n","protected":false},"author":2,"featured_media":0,"parent":0,"menu_order":18,"comment_status":"closed","ping_status":"closed","template":"","meta":{"_acf_changed":false,"footnotes":""},"class_list":["post-48","page","type-page","status-publish","hentry","entry"],"acf":[],"_links":{"self":[{"href":"https:\/\/www.abagrigliati.it\/es\/wp-json\/wp\/v2\/pages\/48","targetHints":{"allow":["GET"]}}],"collection":[{"href":"https:\/\/www.abagrigliati.it\/es\/wp-json\/wp\/v2\/pages"}],"about":[{"href":"https:\/\/www.abagrigliati.it\/es\/wp-json\/wp\/v2\/types\/page"}],"author":[{"embeddable":true,"href":"https:\/\/www.abagrigliati.it\/es\/wp-json\/wp\/v2\/users\/2"}],"replies":[{"embeddable":true,"href":"https:\/\/www.abagrigliati.it\/es\/wp-json\/wp\/v2\/comments?post=48"}],"version-history":[{"count":102,"href":"https:\/\/www.abagrigliati.it\/es\/wp-json\/wp\/v2\/pages\/48\/revisions"}],"predecessor-version":[{"id":4162,"href":"https:\/\/www.abagrigliati.it\/es\/wp-json\/wp\/v2\/pages\/48\/revisions\/4162"}],"wp:attachment":[{"href":"https:\/\/www.abagrigliati.it\/es\/wp-json\/wp\/v2\/media?parent=48"}],"curies":[{"name":"wp","href":"https:\/\/api.w.org\/{rel}","templated":true}]}}