{"id":481,"date":"2021-11-09T13:40:41","date_gmt":"2021-11-09T12:40:41","guid":{"rendered":"https:\/\/www.abagrigliati.it\/es\/?page_id=481"},"modified":"2023-07-28T11:36:42","modified_gmt":"2023-07-28T09:36:42","slug":"responsabilidad","status":"publish","type":"page","link":"https:\/\/www.abagrigliati.it\/es\/responsabilidad\/","title":{"rendered":"Responsabilidad"},"content":{"rendered":"\t\t<div data-elementor-type=\"wp-page\" data-elementor-id=\"481\" class=\"elementor elementor-481\" data-elementor-post-type=\"page\">\n\t\t\t\t\t\t<section class=\"elementor-section elementor-top-section elementor-element elementor-element-074e941 elementor-section-boxed elementor-section-height-default elementor-section-height-default\" data-id=\"074e941\" data-element_type=\"section\" data-e-type=\"section\">\n\t\t\t\t\t\t<div class=\"elementor-container elementor-column-gap-default\">\n\t\t\t\t\t<div class=\"elementor-column elementor-col-100 elementor-top-column elementor-element elementor-element-3788fbf\" data-id=\"3788fbf\" data-element_type=\"column\" data-e-type=\"column\">\n\t\t\t<div class=\"elementor-widget-wrap elementor-element-populated\">\n\t\t\t\t\t\t<div class=\"elementor-element elementor-element-940c2f4 elementor-widget elementor-widget-shortcode\" data-id=\"940c2f4\" data-element_type=\"widget\" data-e-type=\"widget\" data-widget_type=\"shortcode.default\">\n\t\t\t\t<div class=\"elementor-widget-container\">\n\t\t\t\t\t\t\t<div class=\"elementor-shortcode\">\n<div class=\"breadcrumbs\">\n    <a href=\"https:\/\/www.abagrigliati.it\/es\">Home Page<\/a> \n   <\/a> \n\n\n<!--?php echo ''. get_the_category( $id )[0]->name .'';?-->\n\n<label>><\/label>  <b> Responsabilidad<\/b> \n  \n<\/div>\n<\/div>\n\t\t\t\t\t\t<\/div>\n\t\t\t\t<\/div>\n\t\t\t\t<div class=\"elementor-element elementor-element-ea4a46e elementor-widget elementor-widget-spacer\" data-id=\"ea4a46e\" data-element_type=\"widget\" data-e-type=\"widget\" data-widget_type=\"spacer.default\">\n\t\t\t\t<div class=\"elementor-widget-container\">\n\t\t\t\t\t\t\t<div class=\"elementor-spacer\">\n\t\t\t<div class=\"elementor-spacer-inner\"><\/div>\n\t\t<\/div>\n\t\t\t\t\t\t<\/div>\n\t\t\t\t<\/div>\n\t\t\t\t\t<\/div>\n\t\t<\/div>\n\t\t\t\t\t<\/div>\n\t\t<\/section>\n\t\t\t\t<section class=\"elementor-section elementor-top-section elementor-element elementor-element-8ee480c elementor-section-boxed elementor-section-height-default elementor-section-height-default\" data-id=\"8ee480c\" data-element_type=\"section\" data-e-type=\"section\">\n\t\t\t\t\t\t<div class=\"elementor-container elementor-column-gap-default\">\n\t\t\t\t\t<div class=\"elementor-column elementor-col-50 elementor-top-column elementor-element elementor-element-ca20d06\" data-id=\"ca20d06\" data-element_type=\"column\" data-e-type=\"column\">\n\t\t\t<div class=\"elementor-widget-wrap elementor-element-populated\">\n\t\t\t\t\t\t<div class=\"elementor-element elementor-element-49b663f cont_sec_inner elementor-widget elementor-widget-heading\" data-id=\"49b663f\" data-element_type=\"widget\" data-e-type=\"widget\" data-widget_type=\"heading.default\">\n\t\t\t\t<div class=\"elementor-widget-container\">\n\t\t\t\t\t<h1 class=\"elementor-heading-title elementor-size-default\">Responsabilidad<\/h1>\t\t\t\t<\/div>\n\t\t\t\t<\/div>\n\t\t\t\t<div class=\"elementor-element elementor-element-2f06aed cont_sec_inner elementor-widget elementor-widget-text-editor\" data-id=\"2f06aed\" data-element_type=\"widget\" data-e-type=\"widget\" data-widget_type=\"text-editor.default\">\n\t\t\t\t<div class=\"elementor-widget-container\">\n\t\t\t\t\t\t\t\t\t<p>Desde 1975, Abagrigliati es una empresa que combina perfectamente el cuidado y la <b>atenci\u00f3n para cada proyecto <\/b>-t\u00edpico de las empresas familiares- con la alta calidad y los <b>est\u00e1ndares de seguridad <\/b>nacionales e internacionales -t\u00edpicos de las empresas m\u00e1s estructuradas.<\/p><p>\u00a0<\/p><p>Contamos con un <b>sistema de calidad ISO 9001 <\/b>y todos nuestros productos tienen la certificaci\u00f3n <b>UNI EN 1090<\/b>. Situamos la seguridad y la calidad en el centro de cada proyecto que emprendemos y trabajamos para <b>mejorar continuamente con el <\/b>fin de adaptarnos a las nuevas exigencias del mercado y responder siempre con eficacia a las demandas de nuestros clientes.\u00a0<\/p><p><b>La sostenibilidad medioambiental y social<\/b>, adem\u00e1s, est\u00e1n en la base de cada una de nuestras creaciones; por esto, todos nuestros productos est\u00e1n fabricados con <b>materiales respetuosos con el medio ambiente, 100% Made in Italy <\/b>y cumplen las <b>leyes actuales en materia de seguridad y prevenci\u00f3n<\/b> de los riesgos. Todo lo mencionado para garantizar <b>profesionalismo, seguridad y calidad, siempre<\/b>.<\/p>\t\t\t\t\t\t\t\t<\/div>\n\t\t\t\t<\/div>\n\t\t\t\t\t<\/div>\n\t\t<\/div>\n\t\t\t\t<div class=\"elementor-column elementor-col-50 elementor-top-column elementor-element elementor-element-f0d8596\" data-id=\"f0d8596\" data-element_type=\"column\" data-e-type=\"column\">\n\t\t\t<div class=\"elementor-widget-wrap elementor-element-populated\">\n\t\t\t\t\t\t<div class=\"elementor-element elementor-element-8b39af8 elementor-widget elementor-widget-image\" data-id=\"8b39af8\" data-element_type=\"widget\" data-e-type=\"widget\" data-widget_type=\"image.default\">\n\t\t\t\t<div class=\"elementor-widget-container\">\n\t\t\t\t\t\t\t\t\t\t\t\t\t\t\t<img fetchpriority=\"high\" decoding=\"async\" width=\"779\" height=\"632\" src=\"https:\/\/www.abagrigliati.it\/es\/wp-content\/uploads\/sites\/5\/2021\/12\/Responsabilita.jpg\" class=\"attachment-full size-full wp-image-2553\" alt=\"\" srcset=\"https:\/\/www.abagrigliati.it\/es\/wp-content\/uploads\/sites\/5\/2021\/12\/Responsabilita.jpg 779w, https:\/\/www.abagrigliati.it\/es\/wp-content\/uploads\/sites\/5\/2021\/12\/Responsabilita-300x243.jpg 300w, https:\/\/www.abagrigliati.it\/es\/wp-content\/uploads\/sites\/5\/2021\/12\/Responsabilita-768x623.jpg 768w, https:\/\/www.abagrigliati.it\/es\/wp-content\/uploads\/sites\/5\/2021\/12\/Responsabilita-600x487.jpg 600w\" sizes=\"(max-width: 779px) 100vw, 779px\" style=\"width:100%;height:81.13%;max-width:779px\" \/>\t\t\t\t\t\t\t\t\t\t\t\t\t\t\t<\/div>\n\t\t\t\t<\/div>\n\t\t\t\t\t<\/div>\n\t\t<\/div>\n\t\t\t\t\t<\/div>\n\t\t<\/section>\n\t\t\t\t<section class=\"elementor-section elementor-top-section elementor-element elementor-element-438f705 elementor-section-boxed elementor-section-height-default elementor-section-height-default\" data-id=\"438f705\" data-element_type=\"section\" data-e-type=\"section\">\n\t\t\t\t\t\t<div class=\"elementor-container elementor-column-gap-default\">\n\t\t\t\t\t<div class=\"elementor-column elementor-col-100 elementor-top-column elementor-element elementor-element-5384f32\" data-id=\"5384f32\" data-element_type=\"column\" data-e-type=\"column\">\n\t\t\t<div class=\"elementor-widget-wrap elementor-element-populated\">\n\t\t\t\t\t\t<div class=\"elementor-element elementor-element-79809ec elementor-widget elementor-widget-spacer\" data-id=\"79809ec\" data-element_type=\"widget\" data-e-type=\"widget\" data-widget_type=\"spacer.default\">\n\t\t\t\t<div class=\"elementor-widget-container\">\n\t\t\t\t\t\t\t<div class=\"elementor-spacer\">\n\t\t\t<div class=\"elementor-spacer-inner\"><\/div>\n\t\t<\/div>\n\t\t\t\t\t\t<\/div>\n\t\t\t\t<\/div>\n\t\t\t\t\t<\/div>\n\t\t<\/div>\n\t\t\t\t\t<\/div>\n\t\t<\/section>\n\t\t\t\t<\/div>\n\t\t","protected":false},"excerpt":{"rendered":"<p>Responsabilidad Desde 1975, Abagrigliati es una empresa que combina perfectamente el cuidado y la atenci\u00f3n para cada proyecto -t\u00edpico de las empresas familiares- con la alta calidad y los est\u00e1ndares de seguridad nacionales e internacionales -t\u00edpicos de las empresas m\u00e1s estructuradas. \u00a0 Contamos con un sistema de calidad ISO 9001 y todos nuestros productos tienen&hellip; <a class=\"more-link\" href=\"https:\/\/www.abagrigliati.it\/es\/responsabilidad\/\">Seguir leyendo <span class=\"screen-reader-text\">Responsabilidad<\/span><\/a><\/p>\n","protected":false},"author":2,"featured_media":0,"parent":0,"menu_order":15,"comment_status":"closed","ping_status":"closed","template":"","meta":{"_acf_changed":false,"footnotes":""},"class_list":["post-481","page","type-page","status-publish","hentry","entry"],"acf":[],"_links":{"self":[{"href":"https:\/\/www.abagrigliati.it\/es\/wp-json\/wp\/v2\/pages\/481","targetHints":{"allow":["GET"]}}],"collection":[{"href":"https:\/\/www.abagrigliati.it\/es\/wp-json\/wp\/v2\/pages"}],"about":[{"href":"https:\/\/www.abagrigliati.it\/es\/wp-json\/wp\/v2\/types\/page"}],"author":[{"embeddable":true,"href":"https:\/\/www.abagrigliati.it\/es\/wp-json\/wp\/v2\/users\/2"}],"replies":[{"embeddable":true,"href":"https:\/\/www.abagrigliati.it\/es\/wp-json\/wp\/v2\/comments?post=481"}],"version-history":[{"count":28,"href":"https:\/\/www.abagrigliati.it\/es\/wp-json\/wp\/v2\/pages\/481\/revisions"}],"predecessor-version":[{"id":3957,"href":"https:\/\/www.abagrigliati.it\/es\/wp-json\/wp\/v2\/pages\/481\/revisions\/3957"}],"wp:attachment":[{"href":"https:\/\/www.abagrigliati.it\/es\/wp-json\/wp\/v2\/media?parent=481"}],"curies":[{"name":"wp","href":"https:\/\/api.w.org\/{rel}","templated":true}]}}