{"id":1365,"date":"2021-11-15T13:00:30","date_gmt":"2021-11-15T12:00:30","guid":{"rendered":"https:\/\/www.abagrigliati.it\/es\/?post_type=product&#038;p=1365"},"modified":"2023-10-16T11:47:06","modified_gmt":"2023-10-16T09:47:06","slug":"profile-zl","status":"publish","type":"product","link":"https:\/\/www.abagrigliati.it\/es\/producto\/profile-zl\/","title":{"rendered":"Perfil ZL"},"content":{"rendered":"<p>Perfiles En Relieve Cerrados H58 P50<\/p>\n<p><strong>Secciones disponibles: b x a x Esp. (mm)<\/strong><\/p>\n<ul class=\"number_sec\">\n<li>125x58x1.5<br \/>\n150x58x1.5<br \/>\n200x58x1.5<br \/>\n250x58x1.5<\/li>\n<li>125x58x2.0<br \/>\n150x58x2.0<br \/>\n200x58x2.0<br \/>\n250x58x2.0<br \/>\n300x58x2.0<\/li>\n<li>125x58x2.5<br \/>\n200x58x2.5<br \/>\n250x58x2.5<br \/>\n300x58x2.5<\/li>\n<li>125x58x3.0<br \/>\n150x58x3.0<br \/>\n200x58x3.0<br \/>\n250x58x3.0<br \/>\n300x58x3.0<\/li>\n<\/ul>\n<p><strong>largo(mm):<\/strong><\/p>\n<p>de 600 a 12000<br \/>\nTkh. 3.0 mm max 6000 mm<\/p>\n<p><strong>Medidas intermedias:<\/strong><\/p>\n<p>Paso de Moldeo 50 mm<\/p>\n<div class=\"border_bottom_sec\"><strong>Material: <\/strong>Acero Galvanizado Sendzimir<\/div>\n<div class=\"border_bottom_sec\">\n<p><strong>Caracter\u00edsticas:<\/strong>Alta rigidez estructural; Adecuado para entrepisos, para ser utilizado<br \/>\nS\u00d3LO si est\u00e1 revestido para que sea antideslizante; Superficie adecuada para la colocaci\u00f3n<br \/>\nde suelos en moqueta, lin\u00f3leo; Tableros de aglomerado, madera contrachapada<br \/>\ny laminados pl\u00e1sticos con 1,5 mm de espesor;<\/p>\n<\/div>\n","protected":false},"excerpt":{"rendered":"<p>Perfiles En Relieve Cerrados H58 P50 Secciones disponibles: b x a x Esp. (mm) 125x58x1.5 150x58x1.5 200x58x1.5 250x58x1.5 125x58x2.0 150x58x2.0 200x58x2.0 250x58x2.0 300x58x2.0 125x58x2.5 200x58x2.5 250x58x2.5 300x58x2.5 125x58x3.0 150x58x3.0 200x58x3.0 250x58x3.0 300x58x3.0 largo(mm): de 600 a 12000 Tkh. 3.0 mm max 6000 mm Medidas intermedias: Paso de Moldeo 50 mm Material: Acero Galvanizado Sendzimir Caracter\u00edsticas:Alta&hellip; <a class=\"more-link\" href=\"https:\/\/www.abagrigliati.it\/es\/producto\/profile-zl\/\">Seguir leyendo <span class=\"screen-reader-text\">Perfil ZL<\/span><\/a><\/p>\n","protected":false},"featured_media":2361,"comment_status":"open","ping_status":"closed","template":"","meta":{"_acf_changed":false},"product_brand":[],"product_cat":[20,44],"product_tag":[],"class_list":{"0":"post-1365","1":"product","2":"type-product","3":"status-publish","4":"has-post-thumbnail","6":"product_cat-perfiles-para-pavimentaciones","7":"product_cat-perfiles-en-relieve-cerrados-p50","8":"entry","10":"first","11":"instock","12":"shipping-taxable","13":"product-type-simple"},"acf":[],"_links":{"self":[{"href":"https:\/\/www.abagrigliati.it\/es\/wp-json\/wp\/v2\/product\/1365","targetHints":{"allow":["GET"]}}],"collection":[{"href":"https:\/\/www.abagrigliati.it\/es\/wp-json\/wp\/v2\/product"}],"about":[{"href":"https:\/\/www.abagrigliati.it\/es\/wp-json\/wp\/v2\/types\/product"}],"replies":[{"embeddable":true,"href":"https:\/\/www.abagrigliati.it\/es\/wp-json\/wp\/v2\/comments?post=1365"}],"wp:featuredmedia":[{"embeddable":true,"href":"https:\/\/www.abagrigliati.it\/es\/wp-json\/wp\/v2\/media\/2361"}],"wp:attachment":[{"href":"https:\/\/www.abagrigliati.it\/es\/wp-json\/wp\/v2\/media?parent=1365"}],"wp:term":[{"taxonomy":"product_brand","embeddable":true,"href":"https:\/\/www.abagrigliati.it\/es\/wp-json\/wp\/v2\/product_brand?post=1365"},{"taxonomy":"product_cat","embeddable":true,"href":"https:\/\/www.abagrigliati.it\/es\/wp-json\/wp\/v2\/product_cat?post=1365"},{"taxonomy":"product_tag","embeddable":true,"href":"https:\/\/www.abagrigliati.it\/es\/wp-json\/wp\/v2\/product_tag?post=1365"}],"curies":[{"name":"wp","href":"https:\/\/api.w.org\/{rel}","templated":true}]}}