{"id":1369,"date":"2021-11-15T13:02:56","date_gmt":"2021-11-15T12:02:56","guid":{"rendered":"https:\/\/www.abagrigliati.it\/es\/?post_type=product&#038;p=1369"},"modified":"2023-10-16T11:51:00","modified_gmt":"2023-10-16T09:51:00","slug":"profile-xf","status":"publish","type":"product","link":"https:\/\/www.abagrigliati.it\/es\/producto\/profile-xf\/","title":{"rendered":"Perfil XF"},"content":{"rendered":"<p>Embossed Closed Profiles H58 P60<\/p>\n<p><strong>Secciones disponibles: b x a x Esp. (mm)<\/strong><\/p>\n<ul class=\"number_sec\">\n<li>200x58x1.5<br \/>\n250x58x1.5<\/li>\n<li>200x58x2.0<br \/>\n250x58x2.0<br \/>\n300x58x2.0<\/li>\n<li>200x58x2.5<br \/>\n250x58x2.5<br \/>\n300x58x2.5<\/li>\n<\/ul>\n<p><strong>Largo (mm):<\/strong><\/p>\n<p>de 600 a 12000<br \/>\n<strong>Medidas intermedias::<\/strong><br \/>\nPaso de Moldeo 60 mm<\/p>\n<div class=\"border_bottom_sec\"><strong>Material:<\/strong>Acero Bruto del Esp. 2.0; Acero Galvanizado Sendzimir; Acero Galvanizado en caliente Esp. 2.0; Acero Corten Esp. 2.0; Acero Inoxidable AISI 304 o 316 Esp. 1.5 o 2.0; Aleaci\u00f3n de aluminio 5754 H111 Esp. 2.5<br \/>\n<img decoding=\"async\" class=\"alignnone wp-image-4025 size-medium\" src=\"https:\/\/www.abagrigliati.it\/es\/wp-content\/uploads\/sites\/5\/2021\/11\/SPA-R10-R11-300x101.png\" alt=\"\" width=\"300\" height=\"101\" srcset=\"https:\/\/www.abagrigliati.it\/es\/wp-content\/uploads\/sites\/5\/2021\/11\/SPA-R10-R11-300x101.png 300w, https:\/\/www.abagrigliati.it\/es\/wp-content\/uploads\/sites\/5\/2021\/11\/SPA-R10-R11-1024x344.png 1024w, https:\/\/www.abagrigliati.it\/es\/wp-content\/uploads\/sites\/5\/2021\/11\/SPA-R10-R11-768x258.png 768w, https:\/\/www.abagrigliati.it\/es\/wp-content\/uploads\/sites\/5\/2021\/11\/SPA-R10-R11-600x202.png 600w, https:\/\/www.abagrigliati.it\/es\/wp-content\/uploads\/sites\/5\/2021\/11\/SPA-R10-R11.png 1416w\" sizes=\"(max-width: 300px) 100vw, 300px\" \/><\/div>\n<div class=\"border_bottom_sec\">\n<p><strong>Caracter\u00edsticas:<\/strong>Superficie con agujeros para endurecer el perfil; Los puntos garantizan un efecto antideslizante;<br \/>\nla perforaci\u00f3n de \u00d8 8 mm garantiza la salida<br \/>\nde los agentes atmosf\u00e9ricos; Adecuado para carril de bicicletas y para peatones,<br \/>\nrampas para discapacitados, entrepisos, pasarelas<br \/>\nt\u00e9cnicas y transitables; Categor\u00eda Antideslizante R10 DIN 51130; Categor\u00eda Antideslizante Corten R11 DIN 51130<\/p>\n<\/div>\n","protected":false},"excerpt":{"rendered":"<p>Embossed Closed Profiles H58 P60 Secciones disponibles: b x a x Esp. (mm) 200x58x1.5 250x58x1.5 200x58x2.0 250x58x2.0 300x58x2.0 200x58x2.5 250x58x2.5 300x58x2.5 Largo (mm): de 600 a 12000 Medidas intermedias:: Paso de Moldeo 60 mm Material:Acero Bruto del Esp. 2.0; Acero Galvanizado Sendzimir; Acero Galvanizado en caliente Esp. 2.0; Acero Corten Esp. 2.0; Acero Inoxidable AISI&hellip; <a class=\"more-link\" href=\"https:\/\/www.abagrigliati.it\/es\/producto\/profile-xf\/\">Seguir leyendo <span class=\"screen-reader-text\">Perfil XF<\/span><\/a><\/p>\n","protected":false},"featured_media":2373,"comment_status":"open","ping_status":"closed","template":"","meta":{"_acf_changed":false},"product_brand":[],"product_cat":[20,45],"product_tag":[],"class_list":{"0":"post-1369","1":"product","2":"type-product","3":"status-publish","4":"has-post-thumbnail","6":"product_cat-perfiles-para-pavimentaciones","7":"product_cat-perfiles-en-relieve-perforados-p60","8":"entry","10":"first","11":"instock","12":"shipping-taxable","13":"product-type-simple"},"acf":[],"_links":{"self":[{"href":"https:\/\/www.abagrigliati.it\/es\/wp-json\/wp\/v2\/product\/1369","targetHints":{"allow":["GET"]}}],"collection":[{"href":"https:\/\/www.abagrigliati.it\/es\/wp-json\/wp\/v2\/product"}],"about":[{"href":"https:\/\/www.abagrigliati.it\/es\/wp-json\/wp\/v2\/types\/product"}],"replies":[{"embeddable":true,"href":"https:\/\/www.abagrigliati.it\/es\/wp-json\/wp\/v2\/comments?post=1369"}],"wp:featuredmedia":[{"embeddable":true,"href":"https:\/\/www.abagrigliati.it\/es\/wp-json\/wp\/v2\/media\/2373"}],"wp:attachment":[{"href":"https:\/\/www.abagrigliati.it\/es\/wp-json\/wp\/v2\/media?parent=1369"}],"wp:term":[{"taxonomy":"product_brand","embeddable":true,"href":"https:\/\/www.abagrigliati.it\/es\/wp-json\/wp\/v2\/product_brand?post=1369"},{"taxonomy":"product_cat","embeddable":true,"href":"https:\/\/www.abagrigliati.it\/es\/wp-json\/wp\/v2\/product_cat?post=1369"},{"taxonomy":"product_tag","embeddable":true,"href":"https:\/\/www.abagrigliati.it\/es\/wp-json\/wp\/v2\/product_tag?post=1369"}],"curies":[{"name":"wp","href":"https:\/\/api.w.org\/{rel}","templated":true}]}}