{"id":2383,"date":"2021-12-21T17:58:26","date_gmt":"2021-12-21T16:58:26","guid":{"rendered":"https:\/\/www.abagrigliati.it\/es\/?post_type=product&#038;p=2383"},"modified":"2023-10-16T11:54:20","modified_gmt":"2023-10-16T09:54:20","slug":"gradino-gf","status":"publish","type":"product","link":"https:\/\/www.abagrigliati.it\/es\/producto\/gradino-gf\/","title":{"rendered":"Escal\u00f3n GF"},"content":{"rendered":"<p>Escalones En Relieve Perforados P50<\/p>\n<p><strong>Secciones disponibles: b x a x Esp. (mm)<\/strong><\/p>\n<ul class=\"number_sec\">\n<li>150x58x2.0<br \/>\n250x58x2.0<br \/>\n300x58x2.0<br \/>\n325x58x2.0<\/li>\n<li>250x58x2.5<br \/>\n300x58x2.5<br \/>\n325x58x2.5<\/li>\n<\/ul>\n<p><strong>Largo (mm):<\/strong><\/p>\n<p>de 600 a 9000.<br \/>\n<strong>Medidas intermedias:<\/strong><br \/>\nPaso de Moldeo 50 mm<\/p>\n<div class=\"border_bottom_sec\"><strong>Material:<\/strong>Acero Bruto; Acero Galvanizado Sendzimir; Acero Galvanizado en caliente; Acero Corten Esp.2.0 (sec.250 &#8211; 300) o Esp. 3.0 (sec.150); Acero Inoxidable AISI 304 o 316 Esp. 1.5 o 2.0<br \/>\n(sec.250 &#8211; 300); Aleaci\u00f3n de aluminio 5754 H111 Esp. 2.5<br \/>\n(sec.250 &#8211; 300)<br \/>\n<img decoding=\"async\" class=\"alignnone wp-image-4024 size-medium\" src=\"https:\/\/www.abagrigliati.it\/es\/wp-content\/uploads\/sites\/5\/2021\/11\/SPA-R11-300x81.png\" alt=\"\" width=\"300\" height=\"81\" srcset=\"https:\/\/www.abagrigliati.it\/es\/wp-content\/uploads\/sites\/5\/2021\/11\/SPA-R11-300x81.png 300w, https:\/\/www.abagrigliati.it\/es\/wp-content\/uploads\/sites\/5\/2021\/11\/SPA-R11-1024x276.png 1024w, https:\/\/www.abagrigliati.it\/es\/wp-content\/uploads\/sites\/5\/2021\/11\/SPA-R11-768x207.png 768w, https:\/\/www.abagrigliati.it\/es\/wp-content\/uploads\/sites\/5\/2021\/11\/SPA-R11-600x162.png 600w, https:\/\/www.abagrigliati.it\/es\/wp-content\/uploads\/sites\/5\/2021\/11\/SPA-R11.png 1320w\" sizes=\"(max-width: 300px) 100vw, 300px\" \/><\/div>\n<div class=\"border_bottom_sec\">\n<p><strong>Caracter\u00edsticas: <\/strong>Superficie antip\u00e1nico, excelente agarre antideslizante; R\u00e1pido flujo de los agentes atmosf\u00e9ricos; Adecuado para pasarelas y escaleras de salvamento; Categor\u00eda Antideslizante R11 DIN 51130<\/p>\n<\/div>\n","protected":false},"excerpt":{"rendered":"<p>Escalones En Relieve Perforados P50 Secciones disponibles: b x a x Esp. (mm) 150x58x2.0 250x58x2.0 300x58x2.0 325x58x2.0 250x58x2.5 300x58x2.5 325x58x2.5 Largo (mm): de 600 a 9000. Medidas intermedias: Paso de Moldeo 50 mm Material:Acero Bruto; Acero Galvanizado Sendzimir; Acero Galvanizado en caliente; Acero Corten Esp.2.0 (sec.250 &#8211; 300) o Esp. 3.0 (sec.150); Acero Inoxidable AISI&hellip; <a class=\"more-link\" href=\"https:\/\/www.abagrigliati.it\/es\/producto\/gradino-gf\/\">Seguir leyendo <span class=\"screen-reader-text\">Escal\u00f3n GF<\/span><\/a><\/p>\n","protected":false},"featured_media":2385,"comment_status":"open","ping_status":"closed","template":"","meta":{"_acf_changed":false},"product_brand":[],"product_cat":[56,48],"product_tag":[],"class_list":{"0":"post-2383","1":"product","2":"type-product","3":"status-publish","4":"has-post-thumbnail","6":"product_cat-escalones-en-relieve-perforados-p50","7":"product_cat-escalones","8":"entry","10":"first","11":"instock","12":"shipping-taxable","13":"product-type-simple"},"acf":[],"_links":{"self":[{"href":"https:\/\/www.abagrigliati.it\/es\/wp-json\/wp\/v2\/product\/2383","targetHints":{"allow":["GET"]}}],"collection":[{"href":"https:\/\/www.abagrigliati.it\/es\/wp-json\/wp\/v2\/product"}],"about":[{"href":"https:\/\/www.abagrigliati.it\/es\/wp-json\/wp\/v2\/types\/product"}],"replies":[{"embeddable":true,"href":"https:\/\/www.abagrigliati.it\/es\/wp-json\/wp\/v2\/comments?post=2383"}],"wp:featuredmedia":[{"embeddable":true,"href":"https:\/\/www.abagrigliati.it\/es\/wp-json\/wp\/v2\/media\/2385"}],"wp:attachment":[{"href":"https:\/\/www.abagrigliati.it\/es\/wp-json\/wp\/v2\/media?parent=2383"}],"wp:term":[{"taxonomy":"product_brand","embeddable":true,"href":"https:\/\/www.abagrigliati.it\/es\/wp-json\/wp\/v2\/product_brand?post=2383"},{"taxonomy":"product_cat","embeddable":true,"href":"https:\/\/www.abagrigliati.it\/es\/wp-json\/wp\/v2\/product_cat?post=2383"},{"taxonomy":"product_tag","embeddable":true,"href":"https:\/\/www.abagrigliati.it\/es\/wp-json\/wp\/v2\/product_tag?post=2383"}],"curies":[{"name":"wp","href":"https:\/\/api.w.org\/{rel}","templated":true}]}}