{"id":2387,"date":"2021-12-21T18:02:12","date_gmt":"2021-12-21T17:02:12","guid":{"rendered":"https:\/\/www.abagrigliati.it\/es\/?post_type=product&#038;p=2387"},"modified":"2023-11-02T15:07:10","modified_gmt":"2023-11-02T14:07:10","slug":"step-zb2","status":"publish","type":"product","link":"https:\/\/www.abagrigliati.it\/es\/producto\/step-zb2\/","title":{"rendered":"Escal\u00f3n ZB2"},"content":{"rendered":"<p>Escalones En Relieve Perforados H58 P50<\/p>\n<p><strong>Secciones disponibles: b x a x Esp. (mm))<\/strong><\/p>\n<ul class=\"number_sec\">\n<li>250x58x2.0<br \/>\n300x58x2.0<br \/>\n325x58x2.0<\/li>\n<li>250x58x2.5<br \/>\n300x58x2.5<br \/>\n325x58x2.5<\/li>\n<\/ul>\n<p><strong>Largo (mm):<\/strong><\/p>\n<p>de 600 a 9000<br \/>\n<strong>Medidas intermedias:<\/strong><br \/>\nPaso de Moldeo 50 mm<\/p>\n<div class=\"border_bottom_sec\"><strong>Material:<\/strong>Acero Bruto; Acero Galvanizado Sendzimir; Acero Galvanizado en caliente; Acero Corten Esp.2.0 (sec.250 &#8211; 300)<br \/>\n<img decoding=\"async\" class=\"alignnone size-medium wp-image-2561\" src=\"https:\/\/www.abagrigliati.it\/wp-content\/uploads\/2023\/09\/slip-resistance-rating-SPAGNOLO.png\" alt=\"\" width=\"300\" height=\"57\" \/><\/div>\n<div class=\"border_bottom_sec\">\n<p><strong>Caracter\u00edsticas:<\/strong>Superficie antip\u00e1nico con agujeros de 8mm; R\u00e1pido flujo de los agentes atmosf\u00e9ricos; Antideslizante por ambos lados; Categor\u00eda Antideslizante R9 DIN 51130<\/p>\n<\/div>\n","protected":false},"excerpt":{"rendered":"<p>Escalones En Relieve Perforados H58 P50 Secciones disponibles: b x a x Esp. (mm)) 250x58x2.0 300x58x2.0 325x58x2.0 250x58x2.5 300x58x2.5 325x58x2.5 Largo (mm): de 600 a 9000 Medidas intermedias: Paso de Moldeo 50 mm Material:Acero Bruto; Acero Galvanizado Sendzimir; Acero Galvanizado en caliente; Acero Corten Esp.2.0 (sec.250 &#8211; 300) Caracter\u00edsticas:Superficie antip\u00e1nico con agujeros de 8mm; R\u00e1pido&hellip; <a class=\"more-link\" href=\"https:\/\/www.abagrigliati.it\/es\/producto\/step-zb2\/\">Seguir leyendo <span class=\"screen-reader-text\">Escal\u00f3n ZB2<\/span><\/a><\/p>\n","protected":false},"featured_media":2389,"comment_status":"open","ping_status":"closed","template":"","meta":{"_acf_changed":false},"product_brand":[],"product_cat":[56,48],"product_tag":[],"class_list":{"0":"post-2387","1":"product","2":"type-product","3":"status-publish","4":"has-post-thumbnail","6":"product_cat-escalones-en-relieve-perforados-p50","7":"product_cat-escalones","8":"entry","10":"first","11":"instock","12":"shipping-taxable","13":"product-type-simple"},"acf":[],"_links":{"self":[{"href":"https:\/\/www.abagrigliati.it\/es\/wp-json\/wp\/v2\/product\/2387","targetHints":{"allow":["GET"]}}],"collection":[{"href":"https:\/\/www.abagrigliati.it\/es\/wp-json\/wp\/v2\/product"}],"about":[{"href":"https:\/\/www.abagrigliati.it\/es\/wp-json\/wp\/v2\/types\/product"}],"replies":[{"embeddable":true,"href":"https:\/\/www.abagrigliati.it\/es\/wp-json\/wp\/v2\/comments?post=2387"}],"wp:featuredmedia":[{"embeddable":true,"href":"https:\/\/www.abagrigliati.it\/es\/wp-json\/wp\/v2\/media\/2389"}],"wp:attachment":[{"href":"https:\/\/www.abagrigliati.it\/es\/wp-json\/wp\/v2\/media?parent=2387"}],"wp:term":[{"taxonomy":"product_brand","embeddable":true,"href":"https:\/\/www.abagrigliati.it\/es\/wp-json\/wp\/v2\/product_brand?post=2387"},{"taxonomy":"product_cat","embeddable":true,"href":"https:\/\/www.abagrigliati.it\/es\/wp-json\/wp\/v2\/product_cat?post=2387"},{"taxonomy":"product_tag","embeddable":true,"href":"https:\/\/www.abagrigliati.it\/es\/wp-json\/wp\/v2\/product_tag?post=2387"}],"curies":[{"name":"wp","href":"https:\/\/api.w.org\/{rel}","templated":true}]}}