{"id":3128,"date":"2022-02-10T11:23:22","date_gmt":"2022-02-10T10:23:22","guid":{"rendered":"https:\/\/www.abagrigliati.it\/es\/?post_type=product&#038;p=3128"},"modified":"2023-10-16T11:57:56","modified_gmt":"2023-10-16T09:57:56","slug":"step-gf300ts-step-gf325ts","status":"publish","type":"product","link":"https:\/\/www.abagrigliati.it\/es\/producto\/step-gf300ts-step-gf325ts\/","title":{"rendered":"Escal\u00f3n GF300TS &#8211; Escal\u00f3n GF325TS"},"content":{"rendered":"<p>Escalones GF Cabezas Soldadas<\/p>\n<p><strong>Secciones disponibles: b x a x Esp. (mm)<\/strong><\/p>\n<ul class=\"number_sec\">\n<li>300x58x2.0<br \/>\n325x58x2.0<\/li>\n<li>300x58x2.5<br \/>\n325x58x2.5<\/li>\n<\/ul>\n<p><strong>Largo (mm):<\/strong><\/p>\n<p>1000 &#8211; 1200 &#8211; 1500 &#8211; 1800.<br \/>\n<strong>Medidas intermedias:<\/strong><br \/>\nContacte a nuestro departamento t\u00e9cnico<\/p>\n<div class=\"border_bottom_sec\"><strong>Material:<\/strong>Acero Bruto; Acero Galvanizado en caliente<br \/>\n<img decoding=\"async\" class=\"alignnone wp-image-4024 size-medium\" src=\"https:\/\/www.abagrigliati.it\/es\/wp-content\/uploads\/sites\/5\/2021\/11\/SPA-R11-300x81.png\" alt=\"\" width=\"300\" height=\"81\" srcset=\"https:\/\/www.abagrigliati.it\/es\/wp-content\/uploads\/sites\/5\/2021\/11\/SPA-R11-300x81.png 300w, https:\/\/www.abagrigliati.it\/es\/wp-content\/uploads\/sites\/5\/2021\/11\/SPA-R11-1024x276.png 1024w, https:\/\/www.abagrigliati.it\/es\/wp-content\/uploads\/sites\/5\/2021\/11\/SPA-R11-768x207.png 768w, https:\/\/www.abagrigliati.it\/es\/wp-content\/uploads\/sites\/5\/2021\/11\/SPA-R11-600x162.png 600w, https:\/\/www.abagrigliati.it\/es\/wp-content\/uploads\/sites\/5\/2021\/11\/SPA-R11.png 1320w\" sizes=\"(max-width: 300px) 100vw, 300px\" \/><\/div>\n<div class=\"border_bottom_sec\">\n<p><strong>Caracter\u00edsticas:<\/strong>Superficie antip\u00e1nico, excelente agarre antideslizante en ambas direcciones; Flujo veloz de los agentes atmosf\u00e9ricos; Adecuado para escaleras de seguridad y pasarelas; MARCADO CE 1090-1: EXC2 o EXC3; Categor\u00eda Antideslizante R11 DIN 51130<\/p>\n<\/div>\n","protected":false},"excerpt":{"rendered":"<p>Escalones GF Cabezas Soldadas Secciones disponibles: b x a x Esp. (mm) 300x58x2.0 325x58x2.0 300x58x2.5 325x58x2.5 Largo (mm): 1000 &#8211; 1200 &#8211; 1500 &#8211; 1800. Medidas intermedias: Contacte a nuestro departamento t\u00e9cnico Material:Acero Bruto; Acero Galvanizado en caliente Caracter\u00edsticas:Superficie antip\u00e1nico, excelente agarre antideslizante en ambas direcciones; Flujo veloz de los agentes atmosf\u00e9ricos; Adecuado para escaleras&hellip; <a class=\"more-link\" href=\"https:\/\/www.abagrigliati.it\/es\/producto\/step-gf300ts-step-gf325ts\/\">Seguir leyendo <span class=\"screen-reader-text\">Escal\u00f3n GF300TS &#8211; Escal\u00f3n GF325TS<\/span><\/a><\/p>\n","protected":false},"featured_media":3136,"comment_status":"open","ping_status":"closed","template":"","meta":{"_acf_changed":false},"product_brand":[],"product_cat":[48,70],"product_tag":[],"class_list":{"0":"post-3128","1":"product","2":"type-product","3":"status-publish","4":"has-post-thumbnail","6":"product_cat-escalones","7":"product_cat-escalones-gf-cabezas-soldadas","8":"entry","10":"first","11":"instock","12":"shipping-taxable","13":"product-type-simple"},"acf":[],"_links":{"self":[{"href":"https:\/\/www.abagrigliati.it\/es\/wp-json\/wp\/v2\/product\/3128","targetHints":{"allow":["GET"]}}],"collection":[{"href":"https:\/\/www.abagrigliati.it\/es\/wp-json\/wp\/v2\/product"}],"about":[{"href":"https:\/\/www.abagrigliati.it\/es\/wp-json\/wp\/v2\/types\/product"}],"replies":[{"embeddable":true,"href":"https:\/\/www.abagrigliati.it\/es\/wp-json\/wp\/v2\/comments?post=3128"}],"wp:featuredmedia":[{"embeddable":true,"href":"https:\/\/www.abagrigliati.it\/es\/wp-json\/wp\/v2\/media\/3136"}],"wp:attachment":[{"href":"https:\/\/www.abagrigliati.it\/es\/wp-json\/wp\/v2\/media?parent=3128"}],"wp:term":[{"taxonomy":"product_brand","embeddable":true,"href":"https:\/\/www.abagrigliati.it\/es\/wp-json\/wp\/v2\/product_brand?post=3128"},{"taxonomy":"product_cat","embeddable":true,"href":"https:\/\/www.abagrigliati.it\/es\/wp-json\/wp\/v2\/product_cat?post=3128"},{"taxonomy":"product_tag","embeddable":true,"href":"https:\/\/www.abagrigliati.it\/es\/wp-json\/wp\/v2\/product_tag?post=3128"}],"curies":[{"name":"wp","href":"https:\/\/api.w.org\/{rel}","templated":true}]}}