{"id":1364,"date":"2021-11-15T12:59:40","date_gmt":"2021-11-15T11:59:40","guid":{"rendered":"https:\/\/www.abagrigliati.it\/fr\/?post_type=product&#038;p=1364"},"modified":"2025-07-16T14:20:32","modified_gmt":"2025-07-16T12:20:32","slug":"profil-zbc","status":"publish","type":"product","link":"https:\/\/www.abagrigliati.it\/fr\/produit\/profil-zbc\/","title":{"rendered":"Profil ZBC"},"content":{"rendered":"<p>Profil ferm\u00e9 et en bossage P50, pour planchers<\/p>\n<p><strong>Sections disponibles &#8211; b x h x \u00c9p. (mm)<\/strong><\/p>\n<ul class=\"number_sec\">\n<li>125x58x1.5<br \/>\n150x58x1.5<br \/>\n200x58x1.5<br \/>\n250x58x1.5<\/li>\n<li>125x58x2.0<br \/>\n150x58x2.0<br \/>\n200x58x2.0<br \/>\n250x58x2.0<br \/>\n300x58x2.0<\/li>\n<\/ul>\n<p><strong>Longueur<\/strong><\/p>\n<p>Minimum mm 600 &#8211; Maximum mm 12000.<br \/>\nLes mesures interm\u00e9diaires sont multiples de 50 mm (= pas 50).<\/p>\n<div class=\"border_bottom_sec\"><strong>Mat\u00e9riau <\/strong>Acier galvanis\u00e9 Sendzimir, acier brut. Galvanisation \u00e0 chaud \u00e9galement possible aussi.<br \/>\n<img decoding=\"async\" class=\"alignnone wp-image-3831 size-medium\" src=\"https:\/\/www.abagrigliati.it\/fr\/wp-content\/uploads\/sites\/2\/2022\/05\/icona-antiscivolo-R9-en.png\" alt=\"\" width=\"300\" height=\"73\" \/><\/div>\n<div class=\"border_bottom_sec\">\n<p><strong>Destination d\u2019emploi<\/strong>La surface en bossage, en plus de contribuer au durcissement du profil, assure l\u2019effet antid\u00e9rapant. Il est particuli\u00e8rement indiqu\u00e9 pour l\u2019emploi sur mezzanines, passerelles, surfaces di pi\u00e9tinement de tous types<\/p>\n<\/div>\n","protected":false},"excerpt":{"rendered":"<p>Profil ferm\u00e9 et en bossage P50, pour planchers Sections disponibles &#8211; b x h x \u00c9p. (mm) 125x58x1.5 150x58x1.5 200x58x1.5 250x58x1.5 125x58x2.0 150x58x2.0 200x58x2.0 250x58x2.0 300x58x2.0 Longueur Minimum mm 600 &#8211; Maximum mm 12000. Les mesures interm\u00e9diaires sont multiples de 50 mm (= pas 50). Mat\u00e9riau Acier galvanis\u00e9 Sendzimir, acier brut. Galvanisation \u00e0 chaud \u00e9galement&hellip; <a class=\"more-link\" href=\"https:\/\/www.abagrigliati.it\/fr\/produit\/profil-zbc\/\">Continua a leggere <span class=\"screen-reader-text\">Profil ZBC<\/span><\/a><\/p>\n","protected":false},"featured_media":2358,"comment_status":"open","ping_status":"closed","template":"","meta":{"_acf_changed":false},"product_brand":[],"product_cat":[20,44],"product_tag":[],"class_list":{"0":"post-1364","1":"product","2":"type-product","3":"status-publish","4":"has-post-thumbnail","6":"product_cat-planchers","7":"product_cat-profils-fermes-en-bossage-p50","8":"entry","10":"first","11":"instock","12":"shipping-taxable","13":"product-type-simple"},"acf":[],"_links":{"self":[{"href":"https:\/\/www.abagrigliati.it\/fr\/wp-json\/wp\/v2\/product\/1364","targetHints":{"allow":["GET"]}}],"collection":[{"href":"https:\/\/www.abagrigliati.it\/fr\/wp-json\/wp\/v2\/product"}],"about":[{"href":"https:\/\/www.abagrigliati.it\/fr\/wp-json\/wp\/v2\/types\/product"}],"replies":[{"embeddable":true,"href":"https:\/\/www.abagrigliati.it\/fr\/wp-json\/wp\/v2\/comments?post=1364"}],"wp:featuredmedia":[{"embeddable":true,"href":"https:\/\/www.abagrigliati.it\/fr\/wp-json\/wp\/v2\/media\/2358"}],"wp:attachment":[{"href":"https:\/\/www.abagrigliati.it\/fr\/wp-json\/wp\/v2\/media?parent=1364"}],"wp:term":[{"taxonomy":"product_brand","embeddable":true,"href":"https:\/\/www.abagrigliati.it\/fr\/wp-json\/wp\/v2\/product_brand?post=1364"},{"taxonomy":"product_cat","embeddable":true,"href":"https:\/\/www.abagrigliati.it\/fr\/wp-json\/wp\/v2\/product_cat?post=1364"},{"taxonomy":"product_tag","embeddable":true,"href":"https:\/\/www.abagrigliati.it\/fr\/wp-json\/wp\/v2\/product_tag?post=1364"}],"curies":[{"name":"wp","href":"https:\/\/api.w.org\/{rel}","templated":true}]}}