{"id":1371,"date":"2021-09-15T13:04:56","date_gmt":"2021-09-15T11:04:56","guid":{"rendered":"https:\/\/www.abagrigliati.it\/fr\/?post_type=product&#038;p=1371"},"modified":"2025-07-08T15:09:19","modified_gmt":"2025-07-08T13:09:19","slug":"profil-pb","status":"publish","type":"product","link":"https:\/\/www.abagrigliati.it\/fr\/produit\/profil-pb\/","title":{"rendered":"Profil PB"},"content":{"rendered":"<p>Profil PB pour planchers H29<\/p>\n<p><strong>Sections disponibles \u2013 b x h x \u00c9p. (mm)<\/strong><\/p>\n<ul class=\"number_sec\">\n<li>200x29x1.5<\/li>\n<li>200x29x2.0<\/li>\n<\/ul>\n<p><strong>Longueur<\/strong><\/p>\n<p>Minimale 500 mm &#8211; maximale 10000 mm<br \/>\nLes mesures interm\u00e9diaires sont multiples de 1 mm (= pas de 1).<\/p>\n<div class=\"border_bottom_sec\"><strong>Mat\u00e9riau<\/strong>Acier galvanis\u00e9 Sendzimir, acier brut.<\/div>\n<div class=\"border_bottom_sec\">\n<p><strong>Destination d\u2019emploi<\/strong>Les profils H29 sont utilis\u00e9s essentiellement comme \u00e9tag\u00e8res pour rayonnages et comme surface de circulation.<\/p>\n<\/div>\n","protected":false},"excerpt":{"rendered":"<p>Profil PB pour planchers H29 Sections disponibles \u2013 b x h x \u00c9p. (mm) 200x29x1.5 200x29x2.0 Longueur Minimale 500 mm &#8211; maximale 10000 mm Les mesures interm\u00e9diaires sont multiples de 1 mm (= pas de 1). Mat\u00e9riauAcier galvanis\u00e9 Sendzimir, acier brut. Destination d\u2019emploiLes profils H29 sont utilis\u00e9s essentiellement comme \u00e9tag\u00e8res pour rayonnages et comme surface&hellip; <a class=\"more-link\" href=\"https:\/\/www.abagrigliati.it\/fr\/produit\/profil-pb\/\">Continua a leggere <span class=\"screen-reader-text\">Profil PB<\/span><\/a><\/p>\n","protected":false},"featured_media":2379,"comment_status":"open","ping_status":"closed","template":"","meta":{"_acf_changed":false},"product_brand":[],"product_cat":[46,49],"product_tag":[],"class_list":{"0":"post-1371","1":"product","2":"type-product","3":"status-publish","4":"has-post-thumbnail","6":"product_cat-profils-h29","7":"product_cat-rayonnages","8":"entry","10":"first","11":"instock","12":"shipping-taxable","13":"product-type-simple"},"acf":[],"_links":{"self":[{"href":"https:\/\/www.abagrigliati.it\/fr\/wp-json\/wp\/v2\/product\/1371","targetHints":{"allow":["GET"]}}],"collection":[{"href":"https:\/\/www.abagrigliati.it\/fr\/wp-json\/wp\/v2\/product"}],"about":[{"href":"https:\/\/www.abagrigliati.it\/fr\/wp-json\/wp\/v2\/types\/product"}],"replies":[{"embeddable":true,"href":"https:\/\/www.abagrigliati.it\/fr\/wp-json\/wp\/v2\/comments?post=1371"}],"wp:featuredmedia":[{"embeddable":true,"href":"https:\/\/www.abagrigliati.it\/fr\/wp-json\/wp\/v2\/media\/2379"}],"wp:attachment":[{"href":"https:\/\/www.abagrigliati.it\/fr\/wp-json\/wp\/v2\/media?parent=1371"}],"wp:term":[{"taxonomy":"product_brand","embeddable":true,"href":"https:\/\/www.abagrigliati.it\/fr\/wp-json\/wp\/v2\/product_brand?post=1371"},{"taxonomy":"product_cat","embeddable":true,"href":"https:\/\/www.abagrigliati.it\/fr\/wp-json\/wp\/v2\/product_cat?post=1371"},{"taxonomy":"product_tag","embeddable":true,"href":"https:\/\/www.abagrigliati.it\/fr\/wp-json\/wp\/v2\/product_tag?post=1371"}],"curies":[{"name":"wp","href":"https:\/\/api.w.org\/{rel}","templated":true}]}}