{"id":2406,"date":"2021-12-21T18:16:07","date_gmt":"2021-12-21T17:16:07","guid":{"rendered":"https:\/\/www.abagrigliati.it\/fr\/?post_type=product&#038;p=2406"},"modified":"2025-07-16T14:31:30","modified_gmt":"2025-07-16T12:31:30","slug":"echelon-50x34h","status":"publish","type":"product","link":"https:\/\/www.abagrigliati.it\/fr\/produit\/echelon-50x34h\/","title":{"rendered":"\u00c9chelon 50x34h"},"content":{"rendered":"<p>\u00c9chelon 50x34h pour \u00e9chelles de meunier<\/p>\n<p><strong>Sections disponibles \u2013 b x h x \u00c9p. (mm)<\/strong><\/p>\n<ul class=\"number_sec\">\n<li>50x34x2.0<\/li>\n<\/ul>\n<p><strong>Longueur<\/strong><\/p>\n<p>Minimale mm 2000<\/p>\n<div class=\"border_bottom_sec\"><strong>Mat\u00e9riau <\/strong>Acier brut S235JR.<br \/>\n<img decoding=\"async\" class=\"alignnone wp-image-3835 size-medium\" src=\"https:\/\/www.abagrigliati.it\/en\/wp-content\/uploads\/sites\/2\/2022\/05\/icona-antiscivolo-R11-en.png\" alt=\"\" width=\"300\" height=\"63\" \/><\/div>\n<div class=\"border_bottom_sec\">\n<p><strong>Destination d\u2019emploi <\/strong>Les \u00e9chelons sont utilis\u00e9s sur les \u00e9chelles verticales de type \u201cmeunier\u201d avec cage, sur les \u00e9chelles agricoles, sur les \u00e9chelles pour les camions-citerne ou sur installations techniques. Les trous de diam\u00e8tre 5 emp\u00eachent l\u2019insertion accidentale des doigts, \u00e9vitant ainsi le risque de l\u00e9sions (trous d\u00e9finis \u201canti-doigt\u201d).<\/p>\n<\/div>\n","protected":false},"excerpt":{"rendered":"<p>\u00c9chelon 50x34h pour \u00e9chelles de meunier Sections disponibles \u2013 b x h x \u00c9p. (mm) 50x34x2.0 Longueur Minimale mm 2000 Mat\u00e9riau Acier brut S235JR. Destination d\u2019emploi Les \u00e9chelons sont utilis\u00e9s sur les \u00e9chelles verticales de type \u201cmeunier\u201d avec cage, sur les \u00e9chelles agricoles, sur les \u00e9chelles pour les camions-citerne ou sur installations techniques. Les trous&hellip; <a class=\"more-link\" href=\"https:\/\/www.abagrigliati.it\/fr\/produit\/echelon-50x34h\/\">Continua a leggere <span class=\"screen-reader-text\">\u00c9chelon 50x34h<\/span><\/a><\/p>\n","protected":false},"featured_media":2407,"comment_status":"open","ping_status":"closed","template":"","meta":{"_acf_changed":false},"product_brand":[],"product_cat":[48,58],"product_tag":[],"class_list":{"0":"post-2406","1":"product","2":"type-product","3":"status-publish","4":"has-post-thumbnail","6":"product_cat-marches","7":"product_cat-echelons","8":"entry","10":"first","11":"instock","12":"shipping-taxable","13":"product-type-simple"},"acf":[],"_links":{"self":[{"href":"https:\/\/www.abagrigliati.it\/fr\/wp-json\/wp\/v2\/product\/2406","targetHints":{"allow":["GET"]}}],"collection":[{"href":"https:\/\/www.abagrigliati.it\/fr\/wp-json\/wp\/v2\/product"}],"about":[{"href":"https:\/\/www.abagrigliati.it\/fr\/wp-json\/wp\/v2\/types\/product"}],"replies":[{"embeddable":true,"href":"https:\/\/www.abagrigliati.it\/fr\/wp-json\/wp\/v2\/comments?post=2406"}],"wp:featuredmedia":[{"embeddable":true,"href":"https:\/\/www.abagrigliati.it\/fr\/wp-json\/wp\/v2\/media\/2407"}],"wp:attachment":[{"href":"https:\/\/www.abagrigliati.it\/fr\/wp-json\/wp\/v2\/media?parent=2406"}],"wp:term":[{"taxonomy":"product_brand","embeddable":true,"href":"https:\/\/www.abagrigliati.it\/fr\/wp-json\/wp\/v2\/product_brand?post=2406"},{"taxonomy":"product_cat","embeddable":true,"href":"https:\/\/www.abagrigliati.it\/fr\/wp-json\/wp\/v2\/product_cat?post=2406"},{"taxonomy":"product_tag","embeddable":true,"href":"https:\/\/www.abagrigliati.it\/fr\/wp-json\/wp\/v2\/product_tag?post=2406"}],"curies":[{"name":"wp","href":"https:\/\/api.w.org\/{rel}","templated":true}]}}