{"id":2585,"date":"2021-12-22T19:28:31","date_gmt":"2021-12-22T18:28:31","guid":{"rendered":"https:\/\/www.abagrigliati.it\/fr\/?post_type=product&#038;p=2585"},"modified":"2025-07-08T15:46:00","modified_gmt":"2025-07-08T13:46:00","slug":"ancrage-poutre-en-tube","status":"publish","type":"product","link":"https:\/\/www.abagrigliati.it\/fr\/produit\/ancrage-poutre-en-tube\/","title":{"rendered":"Ancrage poutre en tube"},"content":{"rendered":"<p><strong>Dimensions<\/strong><\/p>\n<p>pour poutre en tube 60&#215;30, \u00e9paisseur 3 mm<br \/>\npour poutre en tube 60&#215;40, \u00e9paisseur 3 mm<br \/>\npour poutre en tube 70&#215;30, \u00e9paisseur 3 mm<br \/>\npour poutre en tube 80&#215;30, \u00e9paisseur 3 mm<br \/>\npour poutre en tube 80&#215;40, \u00e9paisseur 3 mm<br \/>\npour poutre en tube 80&#215;50, \u00e9paisseur 3 mm<br \/>\npour poutre en tube 90&#215;40, \u00e9paisseur 3 mm<br \/>\npour poutre en tube 100&#215;30, \u00e9paisseur 3 mm<br \/>\npour poutre en tube 100&#215;40, \u00e9paisseur 3 mm<br \/>\npour poutre en tube 100&#215;50, \u00e9paisseur 3 mm<br \/>\npour poutre en tube 120&#215;30, \u00e9paisseur 3 mm<br \/>\npour poutre en tube 100&#215;60, \u00e9paisseur 3 mm<br \/>\npour poutre en tube 120&#215;40, \u00e9paisseur 3 mm<br \/>\npour poutre en tube 120&#215;50, \u00e9paisseur 3 mm<br \/>\npour poutre en tube 120&#215;60, \u00e9paisseur 3 mm<br \/>\npour poutre en tube 130&#215;40, \u00e9paisseur 3 mm<br \/>\npour poutre en tube 130&#215;50, \u00e9paisseur 3 mm<br \/>\npour poutre en tube 140&#215;50, \u00e9paisseur 3 mm<br \/>\npour poutre en tube 150&#215;50, \u00e9paisseur 3 mm<br \/>\npour poutre en tube 180&#215;50, \u00e9paisseur 3 mm<\/p>\n<p>pour poutre en tube 60&#215;40, \u00e9paisseur 2 mm<br \/>\npour poutre en tube 80&#215;40, \u00e9paisseur 2 mm<br \/>\npour poutre en tube 80&#215;80, \u00e9paisseur 2 mm<br \/>\npour poutre en tube 100&#215;40, \u00e9paisseur 2 mm<br \/>\npour poutre en tube 100&#215;50, \u00e9paisseur 2 mm<br \/>\npour poutre en tube 120&#215;40, \u00e9paisseur 2 mm<br \/>\npour poutre en tube 120&#215;60, \u00e9paisseur 2 mm<br \/>\npour poutre en tube 140&#215;50, \u00e9paisseur 2 mm<br \/>\npour poutre en tube 150&#215;50, \u00e9paisseur 2 mm<\/p>\n<div class=\"border_bottom_sec\"><strong>Mat\u00e9riau <\/strong>Acier galvanis\u00e9 Sendzimir, Acier <span style=\"background-color: var(--global--color-background);color: var(--global--color-primary);font-family: var(--global--font-secondary);font-size: var(--global--font-size-base)\">Inox AISI 304<\/span><\/div>\n<div class=\"border_bottom_sec\">\n<p><strong>Destinations d\u2019emploi <\/strong>Ancrage pour poutre en tube<\/p>\n<\/div>\n","protected":false},"excerpt":{"rendered":"<p>Dimensions pour poutre en tube 60&#215;30, \u00e9paisseur 3 mm pour poutre en tube 60&#215;40, \u00e9paisseur 3 mm pour poutre en tube 70&#215;30, \u00e9paisseur 3 mm pour poutre en tube 80&#215;30, \u00e9paisseur 3 mm pour poutre en tube 80&#215;40, \u00e9paisseur 3 mm pour poutre en tube 80&#215;50, \u00e9paisseur 3 mm pour poutre en tube 90&#215;40, \u00e9paisseur&hellip; <a class=\"more-link\" href=\"https:\/\/www.abagrigliati.it\/fr\/produit\/ancrage-poutre-en-tube\/\">Continua a leggere <span class=\"screen-reader-text\">Ancrage poutre en tube<\/span><\/a><\/p>\n","protected":false},"featured_media":3543,"comment_status":"open","ping_status":"closed","template":"","meta":{"_acf_changed":false},"product_brand":[],"product_cat":[20,48,59,55],"product_tag":[],"class_list":{"0":"post-2585","1":"product","2":"type-product","3":"status-publish","4":"has-post-thumbnail","6":"product_cat-planchers","7":"product_cat-marches","8":"product_cat-accessoires-marches","9":"product_cat-accessoires-planchers","10":"entry","12":"first","13":"instock","14":"shipping-taxable","15":"product-type-simple"},"acf":[],"_links":{"self":[{"href":"https:\/\/www.abagrigliati.it\/fr\/wp-json\/wp\/v2\/product\/2585","targetHints":{"allow":["GET"]}}],"collection":[{"href":"https:\/\/www.abagrigliati.it\/fr\/wp-json\/wp\/v2\/product"}],"about":[{"href":"https:\/\/www.abagrigliati.it\/fr\/wp-json\/wp\/v2\/types\/product"}],"replies":[{"embeddable":true,"href":"https:\/\/www.abagrigliati.it\/fr\/wp-json\/wp\/v2\/comments?post=2585"}],"wp:featuredmedia":[{"embeddable":true,"href":"https:\/\/www.abagrigliati.it\/fr\/wp-json\/wp\/v2\/media\/3543"}],"wp:attachment":[{"href":"https:\/\/www.abagrigliati.it\/fr\/wp-json\/wp\/v2\/media?parent=2585"}],"wp:term":[{"taxonomy":"product_brand","embeddable":true,"href":"https:\/\/www.abagrigliati.it\/fr\/wp-json\/wp\/v2\/product_brand?post=2585"},{"taxonomy":"product_cat","embeddable":true,"href":"https:\/\/www.abagrigliati.it\/fr\/wp-json\/wp\/v2\/product_cat?post=2585"},{"taxonomy":"product_tag","embeddable":true,"href":"https:\/\/www.abagrigliati.it\/fr\/wp-json\/wp\/v2\/product_tag?post=2585"}],"curies":[{"name":"wp","href":"https:\/\/api.w.org\/{rel}","templated":true}]}}