{"id":2595,"date":"2021-12-22T19:31:39","date_gmt":"2021-12-22T18:31:39","guid":{"rendered":"https:\/\/www.abagrigliati.it\/fr\/?post_type=product&#038;p=2595"},"modified":"2025-07-08T15:54:21","modified_gmt":"2025-07-08T13:54:21","slug":"boulon","status":"publish","type":"product","link":"https:\/\/www.abagrigliati.it\/fr\/produit\/boulon\/","title":{"rendered":"Boulon"},"content":{"rendered":"<p><strong>Dimensions<\/strong><\/p>\n<p class=\"p1\">Vis T.B. M8 x 20 avec \u00e9crou brid\u00e9<br \/>\nConfection de 100 pi\u00e8ces<\/p>\n<p class=\"p1\">Vis T.B. M8 x 20 avec \u00c9crou Hexagonal<\/p>\n<div class=\"border_bottom_sec\"><strong>Mat\u00e9riau <\/strong>Acier galvanis\u00e9 Sendzimir, Acier Inox<\/div>\n<div class=\"border_bottom_sec\">\n<p><strong>Destinations d\u2019emploi <\/strong>Vis avec \u00e9crou pour ancrages, supports et union profils<\/p>\n<\/div>\n","protected":false},"excerpt":{"rendered":"<p>Dimensions Vis T.B. M8 x 20 avec \u00e9crou brid\u00e9 Confection de 100 pi\u00e8ces Vis T.B. M8 x 20 avec \u00c9crou Hexagonal Mat\u00e9riau Acier galvanis\u00e9 Sendzimir, Acier Inox Destinations d\u2019emploi Vis avec \u00e9crou pour ancrages, supports et union profils<\/p>\n","protected":false},"featured_media":3550,"comment_status":"open","ping_status":"closed","template":"","meta":{"_acf_changed":false},"product_brand":[],"product_cat":[20,48,59,55],"product_tag":[],"class_list":{"0":"post-2595","1":"product","2":"type-product","3":"status-publish","4":"has-post-thumbnail","6":"product_cat-planchers","7":"product_cat-marches","8":"product_cat-accessoires-marches","9":"product_cat-accessoires-planchers","10":"entry","12":"first","13":"instock","14":"shipping-taxable","15":"product-type-simple"},"acf":[],"_links":{"self":[{"href":"https:\/\/www.abagrigliati.it\/fr\/wp-json\/wp\/v2\/product\/2595","targetHints":{"allow":["GET"]}}],"collection":[{"href":"https:\/\/www.abagrigliati.it\/fr\/wp-json\/wp\/v2\/product"}],"about":[{"href":"https:\/\/www.abagrigliati.it\/fr\/wp-json\/wp\/v2\/types\/product"}],"replies":[{"embeddable":true,"href":"https:\/\/www.abagrigliati.it\/fr\/wp-json\/wp\/v2\/comments?post=2595"}],"wp:featuredmedia":[{"embeddable":true,"href":"https:\/\/www.abagrigliati.it\/fr\/wp-json\/wp\/v2\/media\/3550"}],"wp:attachment":[{"href":"https:\/\/www.abagrigliati.it\/fr\/wp-json\/wp\/v2\/media?parent=2595"}],"wp:term":[{"taxonomy":"product_brand","embeddable":true,"href":"https:\/\/www.abagrigliati.it\/fr\/wp-json\/wp\/v2\/product_brand?post=2595"},{"taxonomy":"product_cat","embeddable":true,"href":"https:\/\/www.abagrigliati.it\/fr\/wp-json\/wp\/v2\/product_cat?post=2595"},{"taxonomy":"product_tag","embeddable":true,"href":"https:\/\/www.abagrigliati.it\/fr\/wp-json\/wp\/v2\/product_tag?post=2595"}],"curies":[{"name":"wp","href":"https:\/\/api.w.org\/{rel}","templated":true}]}}