{"id":2638,"date":"2021-12-23T01:31:49","date_gmt":"2021-12-23T00:31:49","guid":{"rendered":"https:\/\/www.abagrigliati.it\/fr\/?post_type=product&#038;p=2638"},"modified":"2025-07-16T14:36:29","modified_gmt":"2025-07-16T12:36:29","slug":"marche-glb","status":"publish","type":"product","link":"https:\/\/www.abagrigliati.it\/fr\/produit\/marche-glb\/","title":{"rendered":"Marche GLB"},"content":{"rendered":"<p>Marche Pas de 60 pour escaliers int\u00e9rieurs ou ext\u00e9rieurs ou sur escaliers de s\u00e9curit\u00e9<\/p>\n<p><strong>Sections disponibles \u2013 b x h x \u00c9p. (mm)<\/strong><\/p>\n<ul class=\"number_sec\">\n<li>325x58x2.5<\/li>\n<\/ul>\n<p><strong>Longueur<\/strong><\/p>\n<p>Minimale mm 600 \u2013 maximale mm 6000<br \/>\nLes mesures interm\u00e9diaires sont multiples de 60 mm (= pas de 60)<\/p>\n<div class=\"border_bottom_sec\"><strong>Mat\u00e9riau <\/strong>Acier galvanis\u00e9 Sendzimir, acier brut ou galvanis\u00e9 \u00e0 chaud.<br \/>\n<img decoding=\"async\" class=\"alignnone size-medium wp-image-3911\" src=\"https:\/\/www.abagrigliati.it\/en\/wp-content\/uploads\/sites\/2\/2022\/05\/icona-antiscivolo-R12-en.png\" alt=\"\" width=\"300\" height=\"57\" \/><\/div>\n<div class=\"border_bottom_sec\">\n<p><strong>Destination d\u2019emploi <\/strong> Le per\u00e7age avec \u00e9vasement vers le haut assure l\u2019effet antid\u00e9rapant, l\u2019\u00e9vasement vers le bas assure l\u2019\u00e9coulement des agents atmosph\u00e9riques. Indiqu\u00e9e pour passerelles cyclables et pi\u00e9tonnes, rampes PMR, mezzanines, passerelles techniques et de circulation.<\/p>\n<\/div>\n","protected":false},"excerpt":{"rendered":"<p>Marche Pas de 60 pour escaliers int\u00e9rieurs ou ext\u00e9rieurs ou sur escaliers de s\u00e9curit\u00e9 Sections disponibles \u2013 b x h x \u00c9p. (mm) 325x58x2.5 Longueur Minimale mm 600 \u2013 maximale mm 6000 Les mesures interm\u00e9diaires sont multiples de 60 mm (= pas de 60) Mat\u00e9riau Acier galvanis\u00e9 Sendzimir, acier brut ou galvanis\u00e9 \u00e0 chaud. Destination&hellip; <a class=\"more-link\" href=\"https:\/\/www.abagrigliati.it\/fr\/produit\/marche-glb\/\">Continua a leggere <span class=\"screen-reader-text\">Marche GLB<\/span><\/a><\/p>\n","protected":false},"featured_media":2639,"comment_status":"open","ping_status":"closed","template":"","meta":{"_acf_changed":false},"product_brand":[],"product_cat":[57,48],"product_tag":[],"class_list":{"0":"post-2638","1":"product","2":"type-product","3":"status-publish","4":"has-post-thumbnail","6":"product_cat-marches-pas-de-60","7":"product_cat-marches","8":"entry","10":"first","11":"instock","12":"shipping-taxable","13":"product-type-simple"},"acf":[],"_links":{"self":[{"href":"https:\/\/www.abagrigliati.it\/fr\/wp-json\/wp\/v2\/product\/2638","targetHints":{"allow":["GET"]}}],"collection":[{"href":"https:\/\/www.abagrigliati.it\/fr\/wp-json\/wp\/v2\/product"}],"about":[{"href":"https:\/\/www.abagrigliati.it\/fr\/wp-json\/wp\/v2\/types\/product"}],"replies":[{"embeddable":true,"href":"https:\/\/www.abagrigliati.it\/fr\/wp-json\/wp\/v2\/comments?post=2638"}],"wp:featuredmedia":[{"embeddable":true,"href":"https:\/\/www.abagrigliati.it\/fr\/wp-json\/wp\/v2\/media\/2639"}],"wp:attachment":[{"href":"https:\/\/www.abagrigliati.it\/fr\/wp-json\/wp\/v2\/media?parent=2638"}],"wp:term":[{"taxonomy":"product_brand","embeddable":true,"href":"https:\/\/www.abagrigliati.it\/fr\/wp-json\/wp\/v2\/product_brand?post=2638"},{"taxonomy":"product_cat","embeddable":true,"href":"https:\/\/www.abagrigliati.it\/fr\/wp-json\/wp\/v2\/product_cat?post=2638"},{"taxonomy":"product_tag","embeddable":true,"href":"https:\/\/www.abagrigliati.it\/fr\/wp-json\/wp\/v2\/product_tag?post=2638"}],"curies":[{"name":"wp","href":"https:\/\/api.w.org\/{rel}","templated":true}]}}